{"id":121175,"date":"2025-03-31T03:11:10","date_gmt":"2025-03-31T00:11:10","guid":{"rendered":"https:\/\/shop.rettum.ee\/toode\/275-35r20-continental-ecocontact-6q-102y-xl-mo-fr-aba70\/"},"modified":"2026-03-25T02:47:22","modified_gmt":"2026-03-25T00:47:22","slug":"275-35r20-continental-ecocontact-6q-102y-xl-mo-fr-aba70","status":"publish","type":"product","link":"https:\/\/shop.rettum.ee\/en\/product\/275-35r20-continental-ecocontact-6q-102y-xl-mo-fr-aba70\/","title":{"rendered":"275\/35R20 CONTINENTAL ECOCONTACT 6Q 102Y XL (*) MO FR ABA70"},"content":{"rendered":"<p>Continental EcoContact 6Q 275\/35R20 on tipptasemel rehv, mis \u00fchendab innovatiivse disaini ja k\u00f5rge tehnoloogia, pakkudes erakordset sooritusv\u00f5imet nii suusatult kui ka k\u00fctuses\u00e4\u00e4stlikult. Rehvi m\u00f5\u00f5tmed annavad kindlustunde sportliku s\u00f5idu ajal ja XL-mark tagab t\u00e4iendava koormustaluvuse, v\u00f5imaldades s\u00f5ita suurema koormusega s\u00f5idukitel ilma ohutust ohverdamata. 102Y koormus- ja kiirusindeks on m\u00e4rk selle vastupidavusest ja stabiilsusest isegi k\u00f5rgetel kiirustel, muutes rehvi ideaalseks valikuks nii igap\u00e4evasteks s\u00f5itudeks kui ka j\u00f5udlusk\u00f5rvutusteks. EcoContact 6Q disain on loodud pakkuma optimeeritud veeretakistust, mis aitab v\u00e4hendada k\u00fctusekulu ja CO2 emissioone, toetades seel\u00e4bi ka j\u00e4tkusuutlikku liikuvust. Continental on tuntud oma k\u00f5rgekvaliteediliste toodete poolest ning see rehv ei ole erand \u2013 pakkudes kindlat haarduvust ja t\u00e4pset s\u00f5idujoonist, tagab maksimaalse turvalisuse erinevates s\u00f5iduoludes. Continental EcoContact 6Q sobib neile, kes hindavad spordis\u00f5idu d\u00fcnaamikat, kuid samas ei soovi loobuda efektiivsusest ja energias\u00e4\u00e4stlikkusest.<\/p>","protected":false},"excerpt":{"rendered":"<p>Continental EcoContact 6Q 275\/35R20 on tipptasemel rehv, mis \u00fchendab innovatiivse disaini ja k\u00f5rge tehnoloogia, pakkudes erakordset sooritusv\u00f5imet nii suusatult kui ka k\u00fctuses\u00e4\u00e4stlikult. Rehvi m\u00f5\u00f5tmed annavad kindlustunde sportliku s\u00f5idu ajal ja XL-mark tagab t\u00e4iendava koormustaluvuse, v\u00f5imaldades s\u00f5ita suurema koormusega s\u00f5idukitel ilma ohutust ohverdamata. 102Y koormus- ja kiirusindeks on m\u00e4rk selle vastupidavusest ja stabiilsusest isegi k\u00f5rgetel kiirustel, [&hellip;]<\/p>\n","protected":false},"featured_media":124225,"template":"","meta":{"site-sidebar-layout":"default","site-content-layout":"","ast-site-content-layout":"","site-content-style":"default","site-sidebar-style":"default","ast-global-header-display":"","ast-banner-title-visibility":"","ast-main-header-display":"","ast-hfb-above-header-display":"","ast-hfb-below-header-display":"","ast-hfb-mobile-header-display":"","site-post-title":"","ast-breadcrumbs-content":"","ast-featured-img":"","footer-sml-layout":"","theme-transparent-header-meta":"","adv-header-id-meta":"","stick-header-meta":"","header-above-stick-meta":"","header-main-stick-meta":"","header-below-stick-meta":"","astra-migrate-meta-layouts":"default","ast-page-background-enabled":"default","ast-page-background-meta":{"desktop":{"background-color":"","background-image":"","background-repeat":"repeat","background-position":"center center","background-size":"auto","background-attachment":"scroll","background-type":"","background-media":"","overlay-type":"","overlay-color":"","overlay-opacity":"","overlay-gradient":""},"tablet":{"background-color":"","background-image":"","background-repeat":"repeat","background-position":"center center","background-size":"auto","background-attachment":"scroll","background-type":"","background-media":"","overlay-type":"","overlay-color":"","overlay-opacity":"","overlay-gradient":""},"mobile":{"background-color":"","background-image":"","background-repeat":"repeat","background-position":"center center","background-size":"auto","background-attachment":"scroll","background-type":"","background-media":"","overlay-type":"","overlay-color":"","overlay-opacity":"","overlay-gradient":""}},"ast-content-background-meta":{"desktop":{"background-color":"var(--ast-global-color-5)","background-image":"","background-repeat":"repeat","background-position":"center center","background-size":"auto","background-attachment":"scroll","background-type":"","background-media":"","overlay-type":"","overlay-color":"","overlay-opacity":"","overlay-gradient":""},"tablet":{"background-color":"var(--ast-global-color-5)","background-image":"","background-repeat":"repeat","background-position":"center center","background-size":"auto","background-attachment":"scroll","background-type":"","background-media":"","overlay-type":"","overlay-color":"","overlay-opacity":"","overlay-gradient":""},"mobile":{"background-color":"var(--ast-global-color-5)","background-image":"","background-repeat":"repeat","background-position":"center center","background-size":"auto","background-attachment":"scroll","background-type":"","background-media":"","overlay-type":"","overlay-color":"","overlay-opacity":"","overlay-gradient":""}}},"product_brand":[],"product_cat":[34225],"product_tag":[],"pa_brand_name":[25035],"class_list":{"0":"post-121175","1":"product","2":"type-product","3":"status-publish","4":"has-post-thumbnail","6":"product_cat-summer-tires-pv","7":"pa_brand_name-continental","8":"desktop-align-left","9":"tablet-align-left","10":"mobile-align-left","12":"first","13":"instock","14":"taxable","15":"shipping-taxable","16":"purchasable","17":"product-type-simple"},"_links":{"self":[{"href":"https:\/\/shop.rettum.ee\/en\/wp-json\/wp\/v2\/product\/121175","targetHints":{"allow":["GET"]}}],"collection":[{"href":"https:\/\/shop.rettum.ee\/en\/wp-json\/wp\/v2\/product"}],"about":[{"href":"https:\/\/shop.rettum.ee\/en\/wp-json\/wp\/v2\/types\/product"}],"version-history":[{"count":1,"href":"https:\/\/shop.rettum.ee\/en\/wp-json\/wp\/v2\/product\/121175\/revisions"}],"predecessor-version":[{"id":125418,"href":"https:\/\/shop.rettum.ee\/en\/wp-json\/wp\/v2\/product\/121175\/revisions\/125418"}],"wp:featuredmedia":[{"embeddable":true,"href":"https:\/\/shop.rettum.ee\/en\/wp-json\/wp\/v2\/media\/124225"}],"wp:attachment":[{"href":"https:\/\/shop.rettum.ee\/en\/wp-json\/wp\/v2\/media?parent=121175"}],"wp:term":[{"taxonomy":"product_brand","embeddable":true,"href":"https:\/\/shop.rettum.ee\/en\/wp-json\/wp\/v2\/product_brand?post=121175"},{"taxonomy":"product_cat","embeddable":true,"href":"https:\/\/shop.rettum.ee\/en\/wp-json\/wp\/v2\/product_cat?post=121175"},{"taxonomy":"product_tag","embeddable":true,"href":"https:\/\/shop.rettum.ee\/en\/wp-json\/wp\/v2\/product_tag?post=121175"},{"taxonomy":"pa_brand_name","embeddable":true,"href":"https:\/\/shop.rettum.ee\/en\/wp-json\/wp\/v2\/pa_brand_name?post=121175"}],"curies":[{"name":"wp","href":"https:\/\/api.w.org\/{rel}","templated":true}]}}