{"id":121177,"date":"2025-03-31T03:11:11","date_gmt":"2025-03-31T00:11:11","guid":{"rendered":"https:\/\/shop.rettum.ee\/toode\/255-35r21-continental-ecocontact-6q-101y-xl-r0-ncs-hl-bab73\/"},"modified":"2026-03-22T03:07:29","modified_gmt":"2026-03-22T01:07:29","slug":"255-35r21-continental-ecocontact-6q-101y-xl-r0-ncs-hl-bab73","status":"publish","type":"product","link":"https:\/\/shop.rettum.ee\/en\/product\/255-35r21-continental-ecocontact-6q-101y-xl-r0-ncs-hl-bab73\/","title":{"rendered":"255\/35R21 CONTINENTAL ECOCONTACT 6Q 101Y XL R0 NCS HL BAB73"},"content":{"rendered":"<p>255\/35R21 CONTINENTAL ECOCONTACT 6Q on v\u00f5imas ja innovatiivne rehviv\u00f5imalus neile, kes hindavad turvalisust, j\u00f5udlust ja \u00f6konoomsust. See Continental\u2019i uusim mudel kasutab tipptasemel tehnoloogiat, et pakkuda suurep\u00e4rast veoj\u00f5udu ja stabiilsust nii kuivadel kui ka m\u00e4rgadel teedel. XL versioon tagab, et rehvid taluvad suuremaid koormusi, s\u00e4ilitades \u00fchtlase s\u00f5iduk\u00e4itumise ka n\u00f5udlikes tingimustes.<\/p>\n<p>Rehvi m\u00e4rgistuse 101Y alusel on tagatud k\u00f5rge koormusv\u00f5ime ja kiirusklass, mis teeb sellest ideaalse valiku sportlikule ja premium-segmendi s\u00f5idukile. EcoContact 6Q disain ja hoolikalt v\u00e4lja t\u00f6\u00f6tatud mustris\u00fcsteem v\u00e4hendavad rullimiskindlust ning aitavad optimeerida k\u00fctusekulu, pakkudes samal ajal usaldusv\u00e4\u00e4rset haarduvust ja kindlat pidamist.<\/p>\n<p>Continental on tuntud oma kvaliteedi ja t\u00e4pse insenerit\u00f6\u00f6 poolest, muutes selle rehvi sobivaks nii igap\u00e4evaseks, kui ka intensiivseks kasutamiseks. Investeeri oma s\u00f5idukisse ja naudi ohutut, efektiivset ning k\u00f5rgetasemelist s\u00f5idukogemust Continental ECOCONTACT 6Q abil!<\/p>","protected":false},"excerpt":{"rendered":"<p>255\/35R21 CONTINENTAL ECOCONTACT 6Q on v\u00f5imas ja innovatiivne rehviv\u00f5imalus neile, kes hindavad turvalisust, j\u00f5udlust ja \u00f6konoomsust. See Continental\u2019i uusim mudel kasutab tipptasemel tehnoloogiat, et pakkuda suurep\u00e4rast veoj\u00f5udu ja stabiilsust nii kuivadel kui ka m\u00e4rgadel teedel. XL versioon tagab, et rehvid taluvad suuremaid koormusi, s\u00e4ilitades \u00fchtlase s\u00f5iduk\u00e4itumise ka n\u00f5udlikes tingimustes. Rehvi m\u00e4rgistuse 101Y alusel on tagatud [&hellip;]<\/p>\n","protected":false},"featured_media":124225,"template":"","meta":{"site-sidebar-layout":"default","site-content-layout":"","ast-site-content-layout":"","site-content-style":"default","site-sidebar-style":"default","ast-global-header-display":"","ast-banner-title-visibility":"","ast-main-header-display":"","ast-hfb-above-header-display":"","ast-hfb-below-header-display":"","ast-hfb-mobile-header-display":"","site-post-title":"","ast-breadcrumbs-content":"","ast-featured-img":"","footer-sml-layout":"","theme-transparent-header-meta":"","adv-header-id-meta":"","stick-header-meta":"","header-above-stick-meta":"","header-main-stick-meta":"","header-below-stick-meta":"","astra-migrate-meta-layouts":"default","ast-page-background-enabled":"default","ast-page-background-meta":{"desktop":{"background-color":"","background-image":"","background-repeat":"repeat","background-position":"center center","background-size":"auto","background-attachment":"scroll","background-type":"","background-media":"","overlay-type":"","overlay-color":"","overlay-opacity":"","overlay-gradient":""},"tablet":{"background-color":"","background-image":"","background-repeat":"repeat","background-position":"center center","background-size":"auto","background-attachment":"scroll","background-type":"","background-media":"","overlay-type":"","overlay-color":"","overlay-opacity":"","overlay-gradient":""},"mobile":{"background-color":"","background-image":"","background-repeat":"repeat","background-position":"center center","background-size":"auto","background-attachment":"scroll","background-type":"","background-media":"","overlay-type":"","overlay-color":"","overlay-opacity":"","overlay-gradient":""}},"ast-content-background-meta":{"desktop":{"background-color":"var(--ast-global-color-5)","background-image":"","background-repeat":"repeat","background-position":"center center","background-size":"auto","background-attachment":"scroll","background-type":"","background-media":"","overlay-type":"","overlay-color":"","overlay-opacity":"","overlay-gradient":""},"tablet":{"background-color":"var(--ast-global-color-5)","background-image":"","background-repeat":"repeat","background-position":"center center","background-size":"auto","background-attachment":"scroll","background-type":"","background-media":"","overlay-type":"","overlay-color":"","overlay-opacity":"","overlay-gradient":""},"mobile":{"background-color":"var(--ast-global-color-5)","background-image":"","background-repeat":"repeat","background-position":"center center","background-size":"auto","background-attachment":"scroll","background-type":"","background-media":"","overlay-type":"","overlay-color":"","overlay-opacity":"","overlay-gradient":""}}},"product_brand":[],"product_cat":[34225],"product_tag":[],"pa_brand_name":[25035],"class_list":{"0":"post-121177","1":"product","2":"type-product","3":"status-publish","4":"has-post-thumbnail","6":"product_cat-summer-tires-pv","7":"pa_brand_name-continental","8":"desktop-align-left","9":"tablet-align-left","10":"mobile-align-left","12":"first","13":"outofstock","14":"taxable","15":"shipping-taxable","16":"purchasable","17":"product-type-simple"},"_links":{"self":[{"href":"https:\/\/shop.rettum.ee\/en\/wp-json\/wp\/v2\/product\/121177","targetHints":{"allow":["GET"]}}],"collection":[{"href":"https:\/\/shop.rettum.ee\/en\/wp-json\/wp\/v2\/product"}],"about":[{"href":"https:\/\/shop.rettum.ee\/en\/wp-json\/wp\/v2\/types\/product"}],"version-history":[{"count":1,"href":"https:\/\/shop.rettum.ee\/en\/wp-json\/wp\/v2\/product\/121177\/revisions"}],"predecessor-version":[{"id":125417,"href":"https:\/\/shop.rettum.ee\/en\/wp-json\/wp\/v2\/product\/121177\/revisions\/125417"}],"wp:featuredmedia":[{"embeddable":true,"href":"https:\/\/shop.rettum.ee\/en\/wp-json\/wp\/v2\/media\/124225"}],"wp:attachment":[{"href":"https:\/\/shop.rettum.ee\/en\/wp-json\/wp\/v2\/media?parent=121177"}],"wp:term":[{"taxonomy":"product_brand","embeddable":true,"href":"https:\/\/shop.rettum.ee\/en\/wp-json\/wp\/v2\/product_brand?post=121177"},{"taxonomy":"product_cat","embeddable":true,"href":"https:\/\/shop.rettum.ee\/en\/wp-json\/wp\/v2\/product_cat?post=121177"},{"taxonomy":"product_tag","embeddable":true,"href":"https:\/\/shop.rettum.ee\/en\/wp-json\/wp\/v2\/product_tag?post=121177"},{"taxonomy":"pa_brand_name","embeddable":true,"href":"https:\/\/shop.rettum.ee\/en\/wp-json\/wp\/v2\/pa_brand_name?post=121177"}],"curies":[{"name":"wp","href":"https:\/\/api.w.org\/{rel}","templated":true}]}}