{"id":121178,"date":"2025-03-31T03:11:12","date_gmt":"2025-03-31T00:11:12","guid":{"rendered":"https:\/\/shop.rettum.ee\/toode\/255-35r21-continental-ecocontact-6q-101y-xl-ncs-hl-fr-bbb72\/"},"modified":"2026-03-25T02:49:51","modified_gmt":"2026-03-25T00:49:51","slug":"255-35r21-continental-ecocontact-6q-101y-xl-ncs-hl-fr-bbb72","status":"publish","type":"product","link":"https:\/\/shop.rettum.ee\/en\/product\/255-35r21-continental-ecocontact-6q-101y-xl-ncs-hl-fr-bbb72\/","title":{"rendered":"255\/35R21 CONTINENTAL ECOCONTACT 6Q 101Y XL (*) NCS HL FR BBB72"},"content":{"rendered":"<p>Avasta uus tase s\u00f5iduomadustes ja k\u00fctuses\u00e4\u00e4stlikkuses 255\/35R21 Continental EcoContact 6Q rehvil. See tipptasemel rehv on loodud n\u00f5udlikule juhile, pakkudes suurep\u00e4rast veoj\u00f5udlust ja kindlat pidamist nii kuivatel kui m\u00e4rgadel teedel. 101Y kiirusklass ja XL tugevus tagavad ohutu ja kiire s\u00f5idu isegi k\u00f5rgetel kiirustel ning n\u00f5udlike koormuste korral.<\/p>\n<p>Continental EcoContact 6Q disaini p\u00f5hieesm\u00e4rk on v\u00e4hendada veeretakistust, mis aitab optimeerida k\u00fctusekulu ja pakkuda keskkonnas\u00f5bralikku s\u00f5idukogemust. Rehvi spetsiifilised omadused, mida kinnitavad ka rahvusvahelised sertifikaadid (NCS HL FR BBB72), tagavad maksimaalse t\u00f6\u00f6kindluse ja turvalisuse erinevates s\u00f5idutingimustes.<\/p>\n<p>Valides Continental EcoContact 6Q, investeerid tipptasemel kvaliteeti ja innovatsiooni, mis on loodud pakkuma usaldusv\u00e4\u00e4rset juhitavust. See on ideaalne valik autospordi ja luksusautode omanikule, kes hindab turvalisust, performantsi ja madalaid k\u00fctusekulusid.<\/p>","protected":false},"excerpt":{"rendered":"<p>Avasta uus tase s\u00f5iduomadustes ja k\u00fctuses\u00e4\u00e4stlikkuses 255\/35R21 Continental EcoContact 6Q rehvil. See tipptasemel rehv on loodud n\u00f5udlikule juhile, pakkudes suurep\u00e4rast veoj\u00f5udlust ja kindlat pidamist nii kuivatel kui m\u00e4rgadel teedel. 101Y kiirusklass ja XL tugevus tagavad ohutu ja kiire s\u00f5idu isegi k\u00f5rgetel kiirustel ning n\u00f5udlike koormuste korral. Continental EcoContact 6Q disaini p\u00f5hieesm\u00e4rk on v\u00e4hendada veeretakistust, mis [&hellip;]<\/p>\n","protected":false},"featured_media":124225,"template":"","meta":{"site-sidebar-layout":"default","site-content-layout":"","ast-site-content-layout":"","site-content-style":"default","site-sidebar-style":"default","ast-global-header-display":"","ast-banner-title-visibility":"","ast-main-header-display":"","ast-hfb-above-header-display":"","ast-hfb-below-header-display":"","ast-hfb-mobile-header-display":"","site-post-title":"","ast-breadcrumbs-content":"","ast-featured-img":"","footer-sml-layout":"","theme-transparent-header-meta":"","adv-header-id-meta":"","stick-header-meta":"","header-above-stick-meta":"","header-main-stick-meta":"","header-below-stick-meta":"","astra-migrate-meta-layouts":"default","ast-page-background-enabled":"default","ast-page-background-meta":{"desktop":{"background-color":"","background-image":"","background-repeat":"repeat","background-position":"center center","background-size":"auto","background-attachment":"scroll","background-type":"","background-media":"","overlay-type":"","overlay-color":"","overlay-opacity":"","overlay-gradient":""},"tablet":{"background-color":"","background-image":"","background-repeat":"repeat","background-position":"center center","background-size":"auto","background-attachment":"scroll","background-type":"","background-media":"","overlay-type":"","overlay-color":"","overlay-opacity":"","overlay-gradient":""},"mobile":{"background-color":"","background-image":"","background-repeat":"repeat","background-position":"center center","background-size":"auto","background-attachment":"scroll","background-type":"","background-media":"","overlay-type":"","overlay-color":"","overlay-opacity":"","overlay-gradient":""}},"ast-content-background-meta":{"desktop":{"background-color":"var(--ast-global-color-5)","background-image":"","background-repeat":"repeat","background-position":"center center","background-size":"auto","background-attachment":"scroll","background-type":"","background-media":"","overlay-type":"","overlay-color":"","overlay-opacity":"","overlay-gradient":""},"tablet":{"background-color":"var(--ast-global-color-5)","background-image":"","background-repeat":"repeat","background-position":"center center","background-size":"auto","background-attachment":"scroll","background-type":"","background-media":"","overlay-type":"","overlay-color":"","overlay-opacity":"","overlay-gradient":""},"mobile":{"background-color":"var(--ast-global-color-5)","background-image":"","background-repeat":"repeat","background-position":"center center","background-size":"auto","background-attachment":"scroll","background-type":"","background-media":"","overlay-type":"","overlay-color":"","overlay-opacity":"","overlay-gradient":""}}},"product_brand":[],"product_cat":[34225],"product_tag":[],"pa_brand_name":[25035],"class_list":{"0":"post-121178","1":"product","2":"type-product","3":"status-publish","4":"has-post-thumbnail","6":"product_cat-summer-tires-pv","7":"pa_brand_name-continental","8":"desktop-align-left","9":"tablet-align-left","10":"mobile-align-left","12":"first","13":"instock","14":"taxable","15":"shipping-taxable","16":"purchasable","17":"product-type-simple"},"_links":{"self":[{"href":"https:\/\/shop.rettum.ee\/en\/wp-json\/wp\/v2\/product\/121178","targetHints":{"allow":["GET"]}}],"collection":[{"href":"https:\/\/shop.rettum.ee\/en\/wp-json\/wp\/v2\/product"}],"about":[{"href":"https:\/\/shop.rettum.ee\/en\/wp-json\/wp\/v2\/types\/product"}],"version-history":[{"count":1,"href":"https:\/\/shop.rettum.ee\/en\/wp-json\/wp\/v2\/product\/121178\/revisions"}],"predecessor-version":[{"id":125416,"href":"https:\/\/shop.rettum.ee\/en\/wp-json\/wp\/v2\/product\/121178\/revisions\/125416"}],"wp:featuredmedia":[{"embeddable":true,"href":"https:\/\/shop.rettum.ee\/en\/wp-json\/wp\/v2\/media\/124225"}],"wp:attachment":[{"href":"https:\/\/shop.rettum.ee\/en\/wp-json\/wp\/v2\/media?parent=121178"}],"wp:term":[{"taxonomy":"product_brand","embeddable":true,"href":"https:\/\/shop.rettum.ee\/en\/wp-json\/wp\/v2\/product_brand?post=121178"},{"taxonomy":"product_cat","embeddable":true,"href":"https:\/\/shop.rettum.ee\/en\/wp-json\/wp\/v2\/product_cat?post=121178"},{"taxonomy":"product_tag","embeddable":true,"href":"https:\/\/shop.rettum.ee\/en\/wp-json\/wp\/v2\/product_tag?post=121178"},{"taxonomy":"pa_brand_name","embeddable":true,"href":"https:\/\/shop.rettum.ee\/en\/wp-json\/wp\/v2\/pa_brand_name?post=121178"}],"curies":[{"name":"wp","href":"https:\/\/api.w.org\/{rel}","templated":true}]}}