{"id":121179,"date":"2025-03-31T03:11:13","date_gmt":"2025-03-31T00:11:13","guid":{"rendered":"https:\/\/shop.rettum.ee\/toode\/275-30r21-continental-ecocontact-6q-98y-xl-mo-ncs-fr-bba70\/"},"modified":"2026-03-22T03:07:29","modified_gmt":"2026-03-22T01:07:29","slug":"275-30r21-continental-ecocontact-6q-98y-xl-mo-ncs-fr-bba70","status":"publish","type":"product","link":"https:\/\/shop.rettum.ee\/en\/product\/275-30r21-continental-ecocontact-6q-98y-xl-mo-ncs-fr-bba70\/","title":{"rendered":"275\/30R21 CONTINENTAL ECOCONTACT 6Q 98Y XL (*) MO NCS FR BBA70"},"content":{"rendered":"<p>Tutvustame 275\/30R21 Continental ECOCONTACT 6Q rehvi \u2013 k\u00f5rgetasemeline valik n\u00f5udlikele s\u00f5idukogemusi otsivatele autojuhtidele. See XL kategooria rehvi disain \u00fchendab energias\u00e4\u00e4stu, suurep\u00e4rase haardumise ning \u00fclimalt t\u00e4pse reageerimisv\u00f5ime nii m\u00e4rgadel kui ka kuival teel, pakkudes seel\u00e4bi maksimaalset turvalisust ja stabiilsust ka ekstreemsetes s\u00f5iduoludes.<\/p>\n<p>Rehvi m\u00f5\u00f5tmed (275\/30R21) annavad v\u00f5imaluse kasutada seda k\u00f5rge j\u00f5udlusega sportautodel, kus oluline on nii esteetika kui ka tehniline innovatsioon. M\u00e4rgitud 98Y koormus- ja kiirusindeks tagavad, et rehvi v\u00f5imekus vastab ka k\u00f5ige n\u00f5udlikumatele olukordadele, pakkudes usaldusv\u00e4\u00e4rset kandev\u00f5imet ja \u00fclikiiret reaktsioonikiirust. Lisaks on rehvi valmistamisel kasutatud tipptasemel materjale ja innovaatilisi tehnoloogiaid, mis toetavad \u00f6konoomset s\u00f5itu ja pikendatud rehvi eluea.<\/p>\n<p>Continental ECOCONTACT 6Q on ideaalne lahendus neile, kes hindavad kvaliteeti, turvalisust ja k\u00f5rget j\u00f5udlust \u2013 pakkudes usaldusv\u00e4\u00e4rset ja nauditavat s\u00f5idukogemust igal teel.<\/p>","protected":false},"excerpt":{"rendered":"<p>Tutvustame 275\/30R21 Continental ECOCONTACT 6Q rehvi \u2013 k\u00f5rgetasemeline valik n\u00f5udlikele s\u00f5idukogemusi otsivatele autojuhtidele. See XL kategooria rehvi disain \u00fchendab energias\u00e4\u00e4stu, suurep\u00e4rase haardumise ning \u00fclimalt t\u00e4pse reageerimisv\u00f5ime nii m\u00e4rgadel kui ka kuival teel, pakkudes seel\u00e4bi maksimaalset turvalisust ja stabiilsust ka ekstreemsetes s\u00f5iduoludes. Rehvi m\u00f5\u00f5tmed (275\/30R21) annavad v\u00f5imaluse kasutada seda k\u00f5rge j\u00f5udlusega sportautodel, kus oluline on nii [&hellip;]<\/p>\n","protected":false},"featured_media":124225,"template":"","meta":{"site-sidebar-layout":"default","site-content-layout":"","ast-site-content-layout":"","site-content-style":"default","site-sidebar-style":"default","ast-global-header-display":"","ast-banner-title-visibility":"","ast-main-header-display":"","ast-hfb-above-header-display":"","ast-hfb-below-header-display":"","ast-hfb-mobile-header-display":"","site-post-title":"","ast-breadcrumbs-content":"","ast-featured-img":"","footer-sml-layout":"","theme-transparent-header-meta":"","adv-header-id-meta":"","stick-header-meta":"","header-above-stick-meta":"","header-main-stick-meta":"","header-below-stick-meta":"","astra-migrate-meta-layouts":"default","ast-page-background-enabled":"default","ast-page-background-meta":{"desktop":{"background-color":"","background-image":"","background-repeat":"repeat","background-position":"center center","background-size":"auto","background-attachment":"scroll","background-type":"","background-media":"","overlay-type":"","overlay-color":"","overlay-opacity":"","overlay-gradient":""},"tablet":{"background-color":"","background-image":"","background-repeat":"repeat","background-position":"center center","background-size":"auto","background-attachment":"scroll","background-type":"","background-media":"","overlay-type":"","overlay-color":"","overlay-opacity":"","overlay-gradient":""},"mobile":{"background-color":"","background-image":"","background-repeat":"repeat","background-position":"center center","background-size":"auto","background-attachment":"scroll","background-type":"","background-media":"","overlay-type":"","overlay-color":"","overlay-opacity":"","overlay-gradient":""}},"ast-content-background-meta":{"desktop":{"background-color":"var(--ast-global-color-5)","background-image":"","background-repeat":"repeat","background-position":"center center","background-size":"auto","background-attachment":"scroll","background-type":"","background-media":"","overlay-type":"","overlay-color":"","overlay-opacity":"","overlay-gradient":""},"tablet":{"background-color":"var(--ast-global-color-5)","background-image":"","background-repeat":"repeat","background-position":"center center","background-size":"auto","background-attachment":"scroll","background-type":"","background-media":"","overlay-type":"","overlay-color":"","overlay-opacity":"","overlay-gradient":""},"mobile":{"background-color":"var(--ast-global-color-5)","background-image":"","background-repeat":"repeat","background-position":"center center","background-size":"auto","background-attachment":"scroll","background-type":"","background-media":"","overlay-type":"","overlay-color":"","overlay-opacity":"","overlay-gradient":""}}},"product_brand":[],"product_cat":[34225],"product_tag":[],"pa_brand_name":[25035],"class_list":{"0":"post-121179","1":"product","2":"type-product","3":"status-publish","4":"has-post-thumbnail","6":"product_cat-summer-tires-pv","7":"pa_brand_name-continental","8":"desktop-align-left","9":"tablet-align-left","10":"mobile-align-left","12":"first","13":"outofstock","14":"taxable","15":"shipping-taxable","16":"purchasable","17":"product-type-simple"},"_links":{"self":[{"href":"https:\/\/shop.rettum.ee\/en\/wp-json\/wp\/v2\/product\/121179","targetHints":{"allow":["GET"]}}],"collection":[{"href":"https:\/\/shop.rettum.ee\/en\/wp-json\/wp\/v2\/product"}],"about":[{"href":"https:\/\/shop.rettum.ee\/en\/wp-json\/wp\/v2\/types\/product"}],"version-history":[{"count":1,"href":"https:\/\/shop.rettum.ee\/en\/wp-json\/wp\/v2\/product\/121179\/revisions"}],"predecessor-version":[{"id":125415,"href":"https:\/\/shop.rettum.ee\/en\/wp-json\/wp\/v2\/product\/121179\/revisions\/125415"}],"wp:featuredmedia":[{"embeddable":true,"href":"https:\/\/shop.rettum.ee\/en\/wp-json\/wp\/v2\/media\/124225"}],"wp:attachment":[{"href":"https:\/\/shop.rettum.ee\/en\/wp-json\/wp\/v2\/media?parent=121179"}],"wp:term":[{"taxonomy":"product_brand","embeddable":true,"href":"https:\/\/shop.rettum.ee\/en\/wp-json\/wp\/v2\/product_brand?post=121179"},{"taxonomy":"product_cat","embeddable":true,"href":"https:\/\/shop.rettum.ee\/en\/wp-json\/wp\/v2\/product_cat?post=121179"},{"taxonomy":"product_tag","embeddable":true,"href":"https:\/\/shop.rettum.ee\/en\/wp-json\/wp\/v2\/product_tag?post=121179"},{"taxonomy":"pa_brand_name","embeddable":true,"href":"https:\/\/shop.rettum.ee\/en\/wp-json\/wp\/v2\/pa_brand_name?post=121179"}],"curies":[{"name":"wp","href":"https:\/\/api.w.org\/{rel}","templated":true}]}}