{"id":121180,"date":"2025-03-31T03:11:14","date_gmt":"2025-03-31T00:11:14","guid":{"rendered":"https:\/\/shop.rettum.ee\/toode\/285-30r21-continental-ecocontact-6q-103y-xl-hl-fr-bba72\/"},"modified":"2026-03-22T03:07:29","modified_gmt":"2026-03-22T01:07:29","slug":"285-30r21-continental-ecocontact-6q-103y-xl-hl-fr-bba72","status":"publish","type":"product","link":"https:\/\/shop.rettum.ee\/en\/product\/285-30r21-continental-ecocontact-6q-103y-xl-hl-fr-bba72\/","title":{"rendered":"285\/30R21 CONTINENTAL ECOCONTACT 6Q 103Y XL (*) HL FR BBA72"},"content":{"rendered":"<p>Continental ECOCONTACT 6Q rehvid suuruses 285\/30R21 on loodud n\u00f5udlikele juhtidele, kes ootavad oma s\u00f5itudelt maksimumohutust ja tipptasemel j\u00f5udlust. Need rehvid pakuvad suurep\u00e4rast veoj\u00f5udu ja stabiilsust nii kuival kui ka m\u00e4rjal teel, v\u00f5imaldades s\u00e4ilitada kindlat haardumist ka keerulistel teeoludel. Ehituselt nutikas disain ja optimeeritud mustrid aitavad v\u00e4hendada veeretakistust, tagades seel\u00e4bi k\u00fctuses\u00e4\u00e4stlikkuse ning madalamad heitmed.<\/p>\n<p>Ekstra koormustaluvusega (XL) mudel ning 103Y j\u00f5udlusindeks v\u00f5imaldavad neil t\u00e4ita n\u00f5udlikke s\u00f5iduvaldkondi ka k\u00f5rge kiirusega, pakkudes kindlustunnet ja usaldusv\u00e4\u00e4rsust igas olukorras. Lisaks AMD HL FR ja BBA72 t\u00e4hised kinnitavad, et tegemist on kvaliteetse ja rangete standardite kohaselt toodetud rehvidega.<\/p>\n<p>Valides Continental ECOCONTACT 6Q, investeerite ohutusse, tipptasemel s\u00f5iduomadustesse ning keskkonnas\u00f5bralikku innovatsiooni, mis teeb iga s\u00f5idu elamuseks ning toetab t\u00e4nap\u00e4eva n\u00f5udlikku autokogemust.<\/p>","protected":false},"excerpt":{"rendered":"<p>Continental ECOCONTACT 6Q rehvid suuruses 285\/30R21 on loodud n\u00f5udlikele juhtidele, kes ootavad oma s\u00f5itudelt maksimumohutust ja tipptasemel j\u00f5udlust. Need rehvid pakuvad suurep\u00e4rast veoj\u00f5udu ja stabiilsust nii kuival kui ka m\u00e4rjal teel, v\u00f5imaldades s\u00e4ilitada kindlat haardumist ka keerulistel teeoludel. Ehituselt nutikas disain ja optimeeritud mustrid aitavad v\u00e4hendada veeretakistust, tagades seel\u00e4bi k\u00fctuses\u00e4\u00e4stlikkuse ning madalamad heitmed. Ekstra koormustaluvusega [&hellip;]<\/p>\n","protected":false},"featured_media":124225,"template":"","meta":{"site-sidebar-layout":"default","site-content-layout":"","ast-site-content-layout":"","site-content-style":"default","site-sidebar-style":"default","ast-global-header-display":"","ast-banner-title-visibility":"","ast-main-header-display":"","ast-hfb-above-header-display":"","ast-hfb-below-header-display":"","ast-hfb-mobile-header-display":"","site-post-title":"","ast-breadcrumbs-content":"","ast-featured-img":"","footer-sml-layout":"","theme-transparent-header-meta":"","adv-header-id-meta":"","stick-header-meta":"","header-above-stick-meta":"","header-main-stick-meta":"","header-below-stick-meta":"","astra-migrate-meta-layouts":"default","ast-page-background-enabled":"default","ast-page-background-meta":{"desktop":{"background-color":"","background-image":"","background-repeat":"repeat","background-position":"center center","background-size":"auto","background-attachment":"scroll","background-type":"","background-media":"","overlay-type":"","overlay-color":"","overlay-opacity":"","overlay-gradient":""},"tablet":{"background-color":"","background-image":"","background-repeat":"repeat","background-position":"center center","background-size":"auto","background-attachment":"scroll","background-type":"","background-media":"","overlay-type":"","overlay-color":"","overlay-opacity":"","overlay-gradient":""},"mobile":{"background-color":"","background-image":"","background-repeat":"repeat","background-position":"center center","background-size":"auto","background-attachment":"scroll","background-type":"","background-media":"","overlay-type":"","overlay-color":"","overlay-opacity":"","overlay-gradient":""}},"ast-content-background-meta":{"desktop":{"background-color":"var(--ast-global-color-5)","background-image":"","background-repeat":"repeat","background-position":"center center","background-size":"auto","background-attachment":"scroll","background-type":"","background-media":"","overlay-type":"","overlay-color":"","overlay-opacity":"","overlay-gradient":""},"tablet":{"background-color":"var(--ast-global-color-5)","background-image":"","background-repeat":"repeat","background-position":"center center","background-size":"auto","background-attachment":"scroll","background-type":"","background-media":"","overlay-type":"","overlay-color":"","overlay-opacity":"","overlay-gradient":""},"mobile":{"background-color":"var(--ast-global-color-5)","background-image":"","background-repeat":"repeat","background-position":"center center","background-size":"auto","background-attachment":"scroll","background-type":"","background-media":"","overlay-type":"","overlay-color":"","overlay-opacity":"","overlay-gradient":""}}},"product_brand":[],"product_cat":[34225],"product_tag":[],"pa_brand_name":[25035],"class_list":{"0":"post-121180","1":"product","2":"type-product","3":"status-publish","4":"has-post-thumbnail","6":"product_cat-summer-tires-pv","7":"pa_brand_name-continental","8":"desktop-align-left","9":"tablet-align-left","10":"mobile-align-left","12":"first","13":"outofstock","14":"taxable","15":"shipping-taxable","16":"purchasable","17":"product-type-simple"},"_links":{"self":[{"href":"https:\/\/shop.rettum.ee\/en\/wp-json\/wp\/v2\/product\/121180","targetHints":{"allow":["GET"]}}],"collection":[{"href":"https:\/\/shop.rettum.ee\/en\/wp-json\/wp\/v2\/product"}],"about":[{"href":"https:\/\/shop.rettum.ee\/en\/wp-json\/wp\/v2\/types\/product"}],"version-history":[{"count":1,"href":"https:\/\/shop.rettum.ee\/en\/wp-json\/wp\/v2\/product\/121180\/revisions"}],"predecessor-version":[{"id":125414,"href":"https:\/\/shop.rettum.ee\/en\/wp-json\/wp\/v2\/product\/121180\/revisions\/125414"}],"wp:featuredmedia":[{"embeddable":true,"href":"https:\/\/shop.rettum.ee\/en\/wp-json\/wp\/v2\/media\/124225"}],"wp:attachment":[{"href":"https:\/\/shop.rettum.ee\/en\/wp-json\/wp\/v2\/media?parent=121180"}],"wp:term":[{"taxonomy":"product_brand","embeddable":true,"href":"https:\/\/shop.rettum.ee\/en\/wp-json\/wp\/v2\/product_brand?post=121180"},{"taxonomy":"product_cat","embeddable":true,"href":"https:\/\/shop.rettum.ee\/en\/wp-json\/wp\/v2\/product_cat?post=121180"},{"taxonomy":"product_tag","embeddable":true,"href":"https:\/\/shop.rettum.ee\/en\/wp-json\/wp\/v2\/product_tag?post=121180"},{"taxonomy":"pa_brand_name","embeddable":true,"href":"https:\/\/shop.rettum.ee\/en\/wp-json\/wp\/v2\/pa_brand_name?post=121180"}],"curies":[{"name":"wp","href":"https:\/\/api.w.org\/{rel}","templated":true}]}}