{"id":121181,"date":"2025-03-31T03:11:15","date_gmt":"2025-03-31T00:11:15","guid":{"rendered":"https:\/\/shop.rettum.ee\/toode\/215-65r17-continental-ecocontact-6q-99h-abb71\/"},"modified":"2026-03-22T03:07:29","modified_gmt":"2026-03-22T01:07:29","slug":"215-65r17-continental-ecocontact-6q-99h-abb71","status":"publish","type":"product","link":"https:\/\/shop.rettum.ee\/en\/product\/215-65r17-continental-ecocontact-6q-99h-abb71\/","title":{"rendered":"215\/65R17 CONTINENTAL ECOCONTACT 6Q 99H ABB71"},"content":{"rendered":"<p>Continental ECOCONTACT 6Q 215\/65R17 on tipptasemel rehv, mis \u00fchendab ohutuse, \u00f6konoomsuse ja k\u00f5rge j\u00f5udluse \u00fches. Selle 215-millimeetrise ribalaiuse ja 65% k\u00fclgseina disain sobivad ideaalselt 17-tollistele velgedele. Rehvi tehnoloogiline innovatsioon tagab madala veeretakistuse, mis aitab v\u00e4hendada k\u00fctusekulu ja v\u00e4hendada heitgaase, pakkudes samas suurep\u00e4rast pidamist ning stabiilsust ka m\u00e4rgadel teedel.<\/p>\n<p>99 koormusn\u00e4itaja ja H kiirusindeks r\u00f5hutavad rehvi tugevust ning sobivust nii igap\u00e4evaseks s\u00f5iduks kui ka n\u00f5udlikumaks kasutamiseks. ABB71 kvaliteedim\u00e4rk kinnitab rehvi keskkonnas\u00f5bralikkust ning vastavust rangetele Euroopa standarditele. Continental ECOCONTACT 6Q on loodud neile autojuhtidele, kes hindavad turvalist s\u00f5itu ja soovivad samal ajal panustada oma s\u00f5iduki \u00f6konoomsusesse. Valides selle mudeli, tagad endale usaldusv\u00e4\u00e4rse ja keskkonnas\u00f5braliku lahenduse, mis vastab nii praktilistele vajadustele kui ka t\u00e4nap\u00e4eva n\u00f5udlikule liiklusolukorrale.<\/p>","protected":false},"excerpt":{"rendered":"<p>Continental ECOCONTACT 6Q 215\/65R17 on tipptasemel rehv, mis \u00fchendab ohutuse, \u00f6konoomsuse ja k\u00f5rge j\u00f5udluse \u00fches. Selle 215-millimeetrise ribalaiuse ja 65% k\u00fclgseina disain sobivad ideaalselt 17-tollistele velgedele. Rehvi tehnoloogiline innovatsioon tagab madala veeretakistuse, mis aitab v\u00e4hendada k\u00fctusekulu ja v\u00e4hendada heitgaase, pakkudes samas suurep\u00e4rast pidamist ning stabiilsust ka m\u00e4rgadel teedel. 99 koormusn\u00e4itaja ja H kiirusindeks r\u00f5hutavad rehvi [&hellip;]<\/p>\n","protected":false},"featured_media":124225,"template":"","meta":{"site-sidebar-layout":"default","site-content-layout":"","ast-site-content-layout":"","site-content-style":"default","site-sidebar-style":"default","ast-global-header-display":"","ast-banner-title-visibility":"","ast-main-header-display":"","ast-hfb-above-header-display":"","ast-hfb-below-header-display":"","ast-hfb-mobile-header-display":"","site-post-title":"","ast-breadcrumbs-content":"","ast-featured-img":"","footer-sml-layout":"","theme-transparent-header-meta":"","adv-header-id-meta":"","stick-header-meta":"","header-above-stick-meta":"","header-main-stick-meta":"","header-below-stick-meta":"","astra-migrate-meta-layouts":"default","ast-page-background-enabled":"default","ast-page-background-meta":{"desktop":{"background-color":"","background-image":"","background-repeat":"repeat","background-position":"center center","background-size":"auto","background-attachment":"scroll","background-type":"","background-media":"","overlay-type":"","overlay-color":"","overlay-opacity":"","overlay-gradient":""},"tablet":{"background-color":"","background-image":"","background-repeat":"repeat","background-position":"center center","background-size":"auto","background-attachment":"scroll","background-type":"","background-media":"","overlay-type":"","overlay-color":"","overlay-opacity":"","overlay-gradient":""},"mobile":{"background-color":"","background-image":"","background-repeat":"repeat","background-position":"center center","background-size":"auto","background-attachment":"scroll","background-type":"","background-media":"","overlay-type":"","overlay-color":"","overlay-opacity":"","overlay-gradient":""}},"ast-content-background-meta":{"desktop":{"background-color":"var(--ast-global-color-5)","background-image":"","background-repeat":"repeat","background-position":"center center","background-size":"auto","background-attachment":"scroll","background-type":"","background-media":"","overlay-type":"","overlay-color":"","overlay-opacity":"","overlay-gradient":""},"tablet":{"background-color":"var(--ast-global-color-5)","background-image":"","background-repeat":"repeat","background-position":"center center","background-size":"auto","background-attachment":"scroll","background-type":"","background-media":"","overlay-type":"","overlay-color":"","overlay-opacity":"","overlay-gradient":""},"mobile":{"background-color":"var(--ast-global-color-5)","background-image":"","background-repeat":"repeat","background-position":"center center","background-size":"auto","background-attachment":"scroll","background-type":"","background-media":"","overlay-type":"","overlay-color":"","overlay-opacity":"","overlay-gradient":""}}},"product_brand":[],"product_cat":[34225],"product_tag":[],"pa_brand_name":[25035],"class_list":{"0":"post-121181","1":"product","2":"type-product","3":"status-publish","4":"has-post-thumbnail","6":"product_cat-summer-tires-pv","7":"pa_brand_name-continental","8":"desktop-align-left","9":"tablet-align-left","10":"mobile-align-left","12":"first","13":"outofstock","14":"taxable","15":"shipping-taxable","16":"purchasable","17":"product-type-simple"},"_links":{"self":[{"href":"https:\/\/shop.rettum.ee\/en\/wp-json\/wp\/v2\/product\/121181","targetHints":{"allow":["GET"]}}],"collection":[{"href":"https:\/\/shop.rettum.ee\/en\/wp-json\/wp\/v2\/product"}],"about":[{"href":"https:\/\/shop.rettum.ee\/en\/wp-json\/wp\/v2\/types\/product"}],"version-history":[{"count":1,"href":"https:\/\/shop.rettum.ee\/en\/wp-json\/wp\/v2\/product\/121181\/revisions"}],"predecessor-version":[{"id":125412,"href":"https:\/\/shop.rettum.ee\/en\/wp-json\/wp\/v2\/product\/121181\/revisions\/125412"}],"wp:featuredmedia":[{"embeddable":true,"href":"https:\/\/shop.rettum.ee\/en\/wp-json\/wp\/v2\/media\/124225"}],"wp:attachment":[{"href":"https:\/\/shop.rettum.ee\/en\/wp-json\/wp\/v2\/media?parent=121181"}],"wp:term":[{"taxonomy":"product_brand","embeddable":true,"href":"https:\/\/shop.rettum.ee\/en\/wp-json\/wp\/v2\/product_brand?post=121181"},{"taxonomy":"product_cat","embeddable":true,"href":"https:\/\/shop.rettum.ee\/en\/wp-json\/wp\/v2\/product_cat?post=121181"},{"taxonomy":"product_tag","embeddable":true,"href":"https:\/\/shop.rettum.ee\/en\/wp-json\/wp\/v2\/product_tag?post=121181"},{"taxonomy":"pa_brand_name","embeddable":true,"href":"https:\/\/shop.rettum.ee\/en\/wp-json\/wp\/v2\/pa_brand_name?post=121181"}],"curies":[{"name":"wp","href":"https:\/\/api.w.org\/{rel}","templated":true}]}}