{"id":121182,"date":"2025-03-31T03:11:15","date_gmt":"2025-03-31T00:11:15","guid":{"rendered":"https:\/\/shop.rettum.ee\/toode\/235-50r19-continental-ecocontact-6q-99t-seal-inside-abb71\/"},"modified":"2026-03-25T02:49:51","modified_gmt":"2026-03-25T00:49:51","slug":"235-50r19-continental-ecocontact-6q-99t-seal-inside-abb71","status":"publish","type":"product","link":"https:\/\/shop.rettum.ee\/en\/product\/235-50r19-continental-ecocontact-6q-99t-seal-inside-abb71\/","title":{"rendered":"235\/50R19 CONTINENTAL ECOCONTACT 6Q 99T (+) Seal Inside ABB71"},"content":{"rendered":"<p>Continental ECOCONTACT 6Q 99T (+) Seal Inside ABB71 on innovatiivne ja k\u00fctuses\u00e4\u00e4stlik rehvi lahendus, mis vastab t\u00e4nap\u00e4evastele n\u00f5udmistele nii ohutuse kui ka j\u00f5udluse vallas. Rehvi m\u00f5\u00f5tmed 235\/50R19 tagavad stabiilse ja mugava s\u00f5idu nii suurlinnas kui maanteedel, pakkudes t\u00e4pset man\u00f6\u00f6verdust ja suurep\u00e4rast veoj\u00f5udu ka kurvides. Seal Inside tehnoloogia kaitseb rehvi igap\u00e4evaste v\u00e4ikeste nakatumiste eest, pakkudes lisaturvalisust ning pikendades rehvi kasutusiga.<\/p>\n<p>ECOCONTACT 6Q disain on loodud v\u00e4hendama rullimiskindlust, mis omakorda aitab saavutada k\u00fctuses\u00e4\u00e4stu ja madalamaid heitgaase. Rehvi laadimisindeks 99 ja kiirusindeks T tagavad stabiilsed ja usaldusv\u00e4\u00e4rsed s\u00f5iduomadused ning k\u00f5rge t\u00f6\u00f6kindluse erinevates s\u00f5iduoludes. Continental on tuntud oma kvaliteedi ja innovatsiooni poolest, mist\u00f5ttu see rehv vastab k\u00f5ige rangematele n\u00f5udmistele, tagades turvalise ja efektiivse s\u00f5idukogemuse.<\/p>","protected":false},"excerpt":{"rendered":"<p>Continental ECOCONTACT 6Q 99T (+) Seal Inside ABB71 on innovatiivne ja k\u00fctuses\u00e4\u00e4stlik rehvi lahendus, mis vastab t\u00e4nap\u00e4evastele n\u00f5udmistele nii ohutuse kui ka j\u00f5udluse vallas. Rehvi m\u00f5\u00f5tmed 235\/50R19 tagavad stabiilse ja mugava s\u00f5idu nii suurlinnas kui maanteedel, pakkudes t\u00e4pset man\u00f6\u00f6verdust ja suurep\u00e4rast veoj\u00f5udu ka kurvides. Seal Inside tehnoloogia kaitseb rehvi igap\u00e4evaste v\u00e4ikeste nakatumiste eest, pakkudes lisaturvalisust [&hellip;]<\/p>\n","protected":false},"featured_media":124225,"template":"","meta":{"site-sidebar-layout":"default","site-content-layout":"","ast-site-content-layout":"","site-content-style":"default","site-sidebar-style":"default","ast-global-header-display":"","ast-banner-title-visibility":"","ast-main-header-display":"","ast-hfb-above-header-display":"","ast-hfb-below-header-display":"","ast-hfb-mobile-header-display":"","site-post-title":"","ast-breadcrumbs-content":"","ast-featured-img":"","footer-sml-layout":"","theme-transparent-header-meta":"","adv-header-id-meta":"","stick-header-meta":"","header-above-stick-meta":"","header-main-stick-meta":"","header-below-stick-meta":"","astra-migrate-meta-layouts":"default","ast-page-background-enabled":"default","ast-page-background-meta":{"desktop":{"background-color":"","background-image":"","background-repeat":"repeat","background-position":"center center","background-size":"auto","background-attachment":"scroll","background-type":"","background-media":"","overlay-type":"","overlay-color":"","overlay-opacity":"","overlay-gradient":""},"tablet":{"background-color":"","background-image":"","background-repeat":"repeat","background-position":"center center","background-size":"auto","background-attachment":"scroll","background-type":"","background-media":"","overlay-type":"","overlay-color":"","overlay-opacity":"","overlay-gradient":""},"mobile":{"background-color":"","background-image":"","background-repeat":"repeat","background-position":"center center","background-size":"auto","background-attachment":"scroll","background-type":"","background-media":"","overlay-type":"","overlay-color":"","overlay-opacity":"","overlay-gradient":""}},"ast-content-background-meta":{"desktop":{"background-color":"var(--ast-global-color-5)","background-image":"","background-repeat":"repeat","background-position":"center center","background-size":"auto","background-attachment":"scroll","background-type":"","background-media":"","overlay-type":"","overlay-color":"","overlay-opacity":"","overlay-gradient":""},"tablet":{"background-color":"var(--ast-global-color-5)","background-image":"","background-repeat":"repeat","background-position":"center center","background-size":"auto","background-attachment":"scroll","background-type":"","background-media":"","overlay-type":"","overlay-color":"","overlay-opacity":"","overlay-gradient":""},"mobile":{"background-color":"var(--ast-global-color-5)","background-image":"","background-repeat":"repeat","background-position":"center center","background-size":"auto","background-attachment":"scroll","background-type":"","background-media":"","overlay-type":"","overlay-color":"","overlay-opacity":"","overlay-gradient":""}}},"product_brand":[],"product_cat":[34225],"product_tag":[],"pa_brand_name":[25035],"class_list":{"0":"post-121182","1":"product","2":"type-product","3":"status-publish","4":"has-post-thumbnail","6":"product_cat-summer-tires-pv","7":"pa_brand_name-continental","8":"desktop-align-left","9":"tablet-align-left","10":"mobile-align-left","12":"first","13":"instock","14":"taxable","15":"shipping-taxable","16":"purchasable","17":"product-type-simple"},"_links":{"self":[{"href":"https:\/\/shop.rettum.ee\/en\/wp-json\/wp\/v2\/product\/121182","targetHints":{"allow":["GET"]}}],"collection":[{"href":"https:\/\/shop.rettum.ee\/en\/wp-json\/wp\/v2\/product"}],"about":[{"href":"https:\/\/shop.rettum.ee\/en\/wp-json\/wp\/v2\/types\/product"}],"version-history":[{"count":1,"href":"https:\/\/shop.rettum.ee\/en\/wp-json\/wp\/v2\/product\/121182\/revisions"}],"predecessor-version":[{"id":125413,"href":"https:\/\/shop.rettum.ee\/en\/wp-json\/wp\/v2\/product\/121182\/revisions\/125413"}],"wp:featuredmedia":[{"embeddable":true,"href":"https:\/\/shop.rettum.ee\/en\/wp-json\/wp\/v2\/media\/124225"}],"wp:attachment":[{"href":"https:\/\/shop.rettum.ee\/en\/wp-json\/wp\/v2\/media?parent=121182"}],"wp:term":[{"taxonomy":"product_brand","embeddable":true,"href":"https:\/\/shop.rettum.ee\/en\/wp-json\/wp\/v2\/product_brand?post=121182"},{"taxonomy":"product_cat","embeddable":true,"href":"https:\/\/shop.rettum.ee\/en\/wp-json\/wp\/v2\/product_cat?post=121182"},{"taxonomy":"product_tag","embeddable":true,"href":"https:\/\/shop.rettum.ee\/en\/wp-json\/wp\/v2\/product_tag?post=121182"},{"taxonomy":"pa_brand_name","embeddable":true,"href":"https:\/\/shop.rettum.ee\/en\/wp-json\/wp\/v2\/pa_brand_name?post=121182"}],"curies":[{"name":"wp","href":"https:\/\/api.w.org\/{rel}","templated":true}]}}