{"id":121183,"date":"2025-03-31T03:11:16","date_gmt":"2025-03-31T00:11:16","guid":{"rendered":"https:\/\/shop.rettum.ee\/toode\/235-55r19-continental-ecocontact-6q-101t-abb71\/"},"modified":"2026-03-22T03:07:30","modified_gmt":"2026-03-22T01:07:30","slug":"235-55r19-continental-ecocontact-6q-101t-abb71","status":"publish","type":"product","link":"https:\/\/shop.rettum.ee\/en\/product\/235-55r19-continental-ecocontact-6q-101t-abb71\/","title":{"rendered":"235\/55R19 CONTINENTAL ECOCONTACT 6Q 101T ABB71"},"content":{"rendered":"<p>Avasta Continental ECOCONTACT 6Q rehvid \u2013 ideaalne lahendus s\u00f5idukitele, mis hindavad turvalisust, \u00f6konoomsust ja keskkonnas\u00f5bralikkust. 235\/55R19 m\u00f5\u00f5tmetega rehvid on loodud tagama suurep\u00e4rase haarduvuse ja stabiilsuse nii kuivadel kui ka m\u00e4rgadel teedel. Tipptasemel rehvitehnoloogia v\u00f5imaldab oluliselt v\u00e4hendada veeretakistust, mis aitab v\u00e4hendada k\u00fctusekulu ja heitkoguseid, muutes s\u00f5idu efektiivsemaks ja keskkonnas\u00f5bralikumaks.<\/p>\n<p>Rehvi 101T laetud indikaator ja ABB71 kood kinnitavad selle usaldusv\u00e4\u00e4rsust ning vastupidavust erinevates s\u00f5iduoludes. Continental ECOCONTACT 6Q disain on hoolikalt optimeeritud pakkuma t\u00e4pset juhitavust ja kindlat reaktsiooni ootamatutele teek\u00e4ikudele, tagades seel\u00e4bi k\u00f5rge turvatunde igal s\u00f5idul. Valides need rehvid, panustad nii oma s\u00f5iduki j\u00f5udlusse kui ka keskkonna s\u00e4\u00e4stlikkusse \u2013 t\u00e4iuslik kombinatsioon innovatsiooni ja praktilisuse vahel.<\/p>","protected":false},"excerpt":{"rendered":"<p>Avasta Continental ECOCONTACT 6Q rehvid \u2013 ideaalne lahendus s\u00f5idukitele, mis hindavad turvalisust, \u00f6konoomsust ja keskkonnas\u00f5bralikkust. 235\/55R19 m\u00f5\u00f5tmetega rehvid on loodud tagama suurep\u00e4rase haarduvuse ja stabiilsuse nii kuivadel kui ka m\u00e4rgadel teedel. Tipptasemel rehvitehnoloogia v\u00f5imaldab oluliselt v\u00e4hendada veeretakistust, mis aitab v\u00e4hendada k\u00fctusekulu ja heitkoguseid, muutes s\u00f5idu efektiivsemaks ja keskkonnas\u00f5bralikumaks. Rehvi 101T laetud indikaator ja ABB71 kood [&hellip;]<\/p>\n","protected":false},"featured_media":124225,"template":"","meta":{"site-sidebar-layout":"default","site-content-layout":"","ast-site-content-layout":"","site-content-style":"default","site-sidebar-style":"default","ast-global-header-display":"","ast-banner-title-visibility":"","ast-main-header-display":"","ast-hfb-above-header-display":"","ast-hfb-below-header-display":"","ast-hfb-mobile-header-display":"","site-post-title":"","ast-breadcrumbs-content":"","ast-featured-img":"","footer-sml-layout":"","theme-transparent-header-meta":"","adv-header-id-meta":"","stick-header-meta":"","header-above-stick-meta":"","header-main-stick-meta":"","header-below-stick-meta":"","astra-migrate-meta-layouts":"default","ast-page-background-enabled":"default","ast-page-background-meta":{"desktop":{"background-color":"","background-image":"","background-repeat":"repeat","background-position":"center center","background-size":"auto","background-attachment":"scroll","background-type":"","background-media":"","overlay-type":"","overlay-color":"","overlay-opacity":"","overlay-gradient":""},"tablet":{"background-color":"","background-image":"","background-repeat":"repeat","background-position":"center center","background-size":"auto","background-attachment":"scroll","background-type":"","background-media":"","overlay-type":"","overlay-color":"","overlay-opacity":"","overlay-gradient":""},"mobile":{"background-color":"","background-image":"","background-repeat":"repeat","background-position":"center center","background-size":"auto","background-attachment":"scroll","background-type":"","background-media":"","overlay-type":"","overlay-color":"","overlay-opacity":"","overlay-gradient":""}},"ast-content-background-meta":{"desktop":{"background-color":"var(--ast-global-color-5)","background-image":"","background-repeat":"repeat","background-position":"center center","background-size":"auto","background-attachment":"scroll","background-type":"","background-media":"","overlay-type":"","overlay-color":"","overlay-opacity":"","overlay-gradient":""},"tablet":{"background-color":"var(--ast-global-color-5)","background-image":"","background-repeat":"repeat","background-position":"center center","background-size":"auto","background-attachment":"scroll","background-type":"","background-media":"","overlay-type":"","overlay-color":"","overlay-opacity":"","overlay-gradient":""},"mobile":{"background-color":"var(--ast-global-color-5)","background-image":"","background-repeat":"repeat","background-position":"center center","background-size":"auto","background-attachment":"scroll","background-type":"","background-media":"","overlay-type":"","overlay-color":"","overlay-opacity":"","overlay-gradient":""}}},"product_brand":[],"product_cat":[34225],"product_tag":[],"pa_brand_name":[25035],"class_list":{"0":"post-121183","1":"product","2":"type-product","3":"status-publish","4":"has-post-thumbnail","6":"product_cat-summer-tires-pv","7":"pa_brand_name-continental","8":"desktop-align-left","9":"tablet-align-left","10":"mobile-align-left","12":"first","13":"outofstock","14":"taxable","15":"shipping-taxable","16":"purchasable","17":"product-type-simple"},"_links":{"self":[{"href":"https:\/\/shop.rettum.ee\/en\/wp-json\/wp\/v2\/product\/121183","targetHints":{"allow":["GET"]}}],"collection":[{"href":"https:\/\/shop.rettum.ee\/en\/wp-json\/wp\/v2\/product"}],"about":[{"href":"https:\/\/shop.rettum.ee\/en\/wp-json\/wp\/v2\/types\/product"}],"version-history":[{"count":1,"href":"https:\/\/shop.rettum.ee\/en\/wp-json\/wp\/v2\/product\/121183\/revisions"}],"predecessor-version":[{"id":125411,"href":"https:\/\/shop.rettum.ee\/en\/wp-json\/wp\/v2\/product\/121183\/revisions\/125411"}],"wp:featuredmedia":[{"embeddable":true,"href":"https:\/\/shop.rettum.ee\/en\/wp-json\/wp\/v2\/media\/124225"}],"wp:attachment":[{"href":"https:\/\/shop.rettum.ee\/en\/wp-json\/wp\/v2\/media?parent=121183"}],"wp:term":[{"taxonomy":"product_brand","embeddable":true,"href":"https:\/\/shop.rettum.ee\/en\/wp-json\/wp\/v2\/product_brand?post=121183"},{"taxonomy":"product_cat","embeddable":true,"href":"https:\/\/shop.rettum.ee\/en\/wp-json\/wp\/v2\/product_cat?post=121183"},{"taxonomy":"product_tag","embeddable":true,"href":"https:\/\/shop.rettum.ee\/en\/wp-json\/wp\/v2\/product_tag?post=121183"},{"taxonomy":"pa_brand_name","embeddable":true,"href":"https:\/\/shop.rettum.ee\/en\/wp-json\/wp\/v2\/pa_brand_name?post=121183"}],"curies":[{"name":"wp","href":"https:\/\/api.w.org\/{rel}","templated":true}]}}