{"id":121184,"date":"2025-03-31T03:11:17","date_gmt":"2025-03-31T00:11:17","guid":{"rendered":"https:\/\/shop.rettum.ee\/toode\/245-50r19-continental-ecocontact-6q-105y-xl-fr-abb72\/"},"modified":"2026-03-22T03:07:30","modified_gmt":"2026-03-22T01:07:30","slug":"245-50r19-continental-ecocontact-6q-105y-xl-fr-abb72","status":"publish","type":"product","link":"https:\/\/shop.rettum.ee\/en\/product\/245-50r19-continental-ecocontact-6q-105y-xl-fr-abb72\/","title":{"rendered":"245\/50R19 CONTINENTAL ECOCONTACT 6Q 105Y XL (*) FR ABB72"},"content":{"rendered":"<p>245\/50R19 CONTINENTAL ECOCONTACT 6Q 105Y XL (*) FR ABB72 on disainitud juhile, kes otsib k\u00f5rgtehnoloogilist ja k\u00fctuses\u00e4\u00e4stlikku lahendust. See rehvi mudel tagab suurep\u00e4rase haarduvuse nii kuivatel kui ka m\u00e4rgadel teedel, andes kindlustunde igal s\u00f5idul. XL-versioon v\u00f5imaldab k\u00f5rgemat koormust, muutes rehvi usaldusv\u00e4\u00e4rseks ka n\u00f5udlikumates tingimustes.<\/p>\n<p>Continental EcoContact 6Q tehnoloogia v\u00e4hendab veeretakistust ja seel\u00e4bi k\u00fctusekulu, toetades keskkonnas\u00f5bralikku s\u00f5idustiili. T\u00e4iustatud mustrikaitse pikendab rehvi eluiga ja tagab \u00fchtlase ning turvalise kulumise. 105Y kiirusreiting annab kindlustunnet ka k\u00f5rgematel s\u00f5iduoludel, pakkudes stabiilsust ja kontrolli ka suurte kiiruste juures.<\/p>\n<p>See innovaatiline rehvis\u00fcsteem \u00fchendab kaasaegsed tehnoloogiad ja praktilise disaini, muutes selle ideaalseks valikuks nii igap\u00e4evaseks s\u00f5iduks kui ka sportlikumaks tarbeks. Continental ECOCONTACT 6Q on lootu pakkuma s\u00f5idukogemust, kus ohutus, majandlikkus ja j\u00e4tkusuutlikkus k\u00e4ivad k\u00e4sik\u00e4es.<\/p>","protected":false},"excerpt":{"rendered":"<p>245\/50R19 CONTINENTAL ECOCONTACT 6Q 105Y XL (*) FR ABB72 on disainitud juhile, kes otsib k\u00f5rgtehnoloogilist ja k\u00fctuses\u00e4\u00e4stlikku lahendust. See rehvi mudel tagab suurep\u00e4rase haarduvuse nii kuivatel kui ka m\u00e4rgadel teedel, andes kindlustunde igal s\u00f5idul. XL-versioon v\u00f5imaldab k\u00f5rgemat koormust, muutes rehvi usaldusv\u00e4\u00e4rseks ka n\u00f5udlikumates tingimustes. Continental EcoContact 6Q tehnoloogia v\u00e4hendab veeretakistust ja seel\u00e4bi k\u00fctusekulu, toetades keskkonnas\u00f5bralikku [&hellip;]<\/p>\n","protected":false},"featured_media":124225,"template":"","meta":{"site-sidebar-layout":"default","site-content-layout":"","ast-site-content-layout":"","site-content-style":"default","site-sidebar-style":"default","ast-global-header-display":"","ast-banner-title-visibility":"","ast-main-header-display":"","ast-hfb-above-header-display":"","ast-hfb-below-header-display":"","ast-hfb-mobile-header-display":"","site-post-title":"","ast-breadcrumbs-content":"","ast-featured-img":"","footer-sml-layout":"","theme-transparent-header-meta":"","adv-header-id-meta":"","stick-header-meta":"","header-above-stick-meta":"","header-main-stick-meta":"","header-below-stick-meta":"","astra-migrate-meta-layouts":"default","ast-page-background-enabled":"default","ast-page-background-meta":{"desktop":{"background-color":"","background-image":"","background-repeat":"repeat","background-position":"center center","background-size":"auto","background-attachment":"scroll","background-type":"","background-media":"","overlay-type":"","overlay-color":"","overlay-opacity":"","overlay-gradient":""},"tablet":{"background-color":"","background-image":"","background-repeat":"repeat","background-position":"center center","background-size":"auto","background-attachment":"scroll","background-type":"","background-media":"","overlay-type":"","overlay-color":"","overlay-opacity":"","overlay-gradient":""},"mobile":{"background-color":"","background-image":"","background-repeat":"repeat","background-position":"center center","background-size":"auto","background-attachment":"scroll","background-type":"","background-media":"","overlay-type":"","overlay-color":"","overlay-opacity":"","overlay-gradient":""}},"ast-content-background-meta":{"desktop":{"background-color":"var(--ast-global-color-5)","background-image":"","background-repeat":"repeat","background-position":"center center","background-size":"auto","background-attachment":"scroll","background-type":"","background-media":"","overlay-type":"","overlay-color":"","overlay-opacity":"","overlay-gradient":""},"tablet":{"background-color":"var(--ast-global-color-5)","background-image":"","background-repeat":"repeat","background-position":"center center","background-size":"auto","background-attachment":"scroll","background-type":"","background-media":"","overlay-type":"","overlay-color":"","overlay-opacity":"","overlay-gradient":""},"mobile":{"background-color":"var(--ast-global-color-5)","background-image":"","background-repeat":"repeat","background-position":"center center","background-size":"auto","background-attachment":"scroll","background-type":"","background-media":"","overlay-type":"","overlay-color":"","overlay-opacity":"","overlay-gradient":""}}},"product_brand":[],"product_cat":[34225],"product_tag":[],"pa_brand_name":[25035],"class_list":{"0":"post-121184","1":"product","2":"type-product","3":"status-publish","4":"has-post-thumbnail","6":"product_cat-summer-tires-pv","7":"pa_brand_name-continental","8":"desktop-align-left","9":"tablet-align-left","10":"mobile-align-left","12":"first","13":"outofstock","14":"taxable","15":"shipping-taxable","16":"purchasable","17":"product-type-simple"},"_links":{"self":[{"href":"https:\/\/shop.rettum.ee\/en\/wp-json\/wp\/v2\/product\/121184","targetHints":{"allow":["GET"]}}],"collection":[{"href":"https:\/\/shop.rettum.ee\/en\/wp-json\/wp\/v2\/product"}],"about":[{"href":"https:\/\/shop.rettum.ee\/en\/wp-json\/wp\/v2\/types\/product"}],"version-history":[{"count":1,"href":"https:\/\/shop.rettum.ee\/en\/wp-json\/wp\/v2\/product\/121184\/revisions"}],"predecessor-version":[{"id":125409,"href":"https:\/\/shop.rettum.ee\/en\/wp-json\/wp\/v2\/product\/121184\/revisions\/125409"}],"wp:featuredmedia":[{"embeddable":true,"href":"https:\/\/shop.rettum.ee\/en\/wp-json\/wp\/v2\/media\/124225"}],"wp:attachment":[{"href":"https:\/\/shop.rettum.ee\/en\/wp-json\/wp\/v2\/media?parent=121184"}],"wp:term":[{"taxonomy":"product_brand","embeddable":true,"href":"https:\/\/shop.rettum.ee\/en\/wp-json\/wp\/v2\/product_brand?post=121184"},{"taxonomy":"product_cat","embeddable":true,"href":"https:\/\/shop.rettum.ee\/en\/wp-json\/wp\/v2\/product_cat?post=121184"},{"taxonomy":"product_tag","embeddable":true,"href":"https:\/\/shop.rettum.ee\/en\/wp-json\/wp\/v2\/product_tag?post=121184"},{"taxonomy":"pa_brand_name","embeddable":true,"href":"https:\/\/shop.rettum.ee\/en\/wp-json\/wp\/v2\/pa_brand_name?post=121184"}],"curies":[{"name":"wp","href":"https:\/\/api.w.org\/{rel}","templated":true}]}}