{"id":121185,"date":"2025-03-31T03:11:17","date_gmt":"2025-03-31T00:11:17","guid":{"rendered":"https:\/\/shop.rettum.ee\/toode\/255-50r19-continental-ecocontact-6q-103t-abb72\/"},"modified":"2026-03-22T03:07:30","modified_gmt":"2026-03-22T01:07:30","slug":"255-50r19-continental-ecocontact-6q-103t-abb72","status":"publish","type":"product","link":"https:\/\/shop.rettum.ee\/en\/product\/255-50r19-continental-ecocontact-6q-103t-abb72\/","title":{"rendered":"255\/50R19 CONTINENTAL ECOCONTACT 6Q 103T ABB72"},"content":{"rendered":"<p>Avasta Continental ECOCONTACT 6Q rehvi eelised \u2013 ideaalne lahendus n\u00f5udlikele autojuhtidele, kes hindavad ohutust, j\u00f5udlust ja k\u00fctuses\u00e4\u00e4stu. Rehvi m\u00f5\u00f5tmed 255\/50R19 tagavad suurep\u00e4rase haarduvuse ning stabiilsuse ka mutiste teede korral. 103T koormusindeks koos T kiirusklassiga (kuni 190 km\/h) teeb sellest rehvist usaldusv\u00e4\u00e4rse partneri igap\u00e4evasel ja sportlikul s\u00f5idul.<\/p>\n<p>Continental on tuntud oma innovaatiliste tehnoloogiate poolest, mis v\u00e4hendavad rullimisvastupanu, v\u00f5imaldades efektiivsemat k\u00fctusekulu ja v\u00e4hendades keskkonnam\u00f5ju. ECOCONTACT 6Q konstrueerimislahendus tagab t\u00e4pse juhitavuse ning tipptasemel pidamise nii kuivadel kui ka m\u00e4rgadel teedel. ABB72 seeriakood kinnitab tootepartiis kindlat kvaliteedikontrolli ja j\u00e4rjepidevust.<\/p>\n<p>Valides Continental ECOCONTACT 6Q, investeerid ohutusse ja s\u00f5idumugavusse, mida pakub kaasaegne tehnoloogia ja l\u00e4bim\u00f5eldud disain. See rehvi mudel sobib ideaalselt neile, kes otsivad kvaliteeti ja j\u00e4tkusuutlikku lahendust oma s\u00f5iduparadiisi t\u00e4iendamiseks.<\/p>","protected":false},"excerpt":{"rendered":"<p>Avasta Continental ECOCONTACT 6Q rehvi eelised \u2013 ideaalne lahendus n\u00f5udlikele autojuhtidele, kes hindavad ohutust, j\u00f5udlust ja k\u00fctuses\u00e4\u00e4stu. Rehvi m\u00f5\u00f5tmed 255\/50R19 tagavad suurep\u00e4rase haarduvuse ning stabiilsuse ka mutiste teede korral. 103T koormusindeks koos T kiirusklassiga (kuni 190 km\/h) teeb sellest rehvist usaldusv\u00e4\u00e4rse partneri igap\u00e4evasel ja sportlikul s\u00f5idul. Continental on tuntud oma innovaatiliste tehnoloogiate poolest, mis v\u00e4hendavad [&hellip;]<\/p>\n","protected":false},"featured_media":124225,"template":"","meta":{"site-sidebar-layout":"default","site-content-layout":"","ast-site-content-layout":"","site-content-style":"default","site-sidebar-style":"default","ast-global-header-display":"","ast-banner-title-visibility":"","ast-main-header-display":"","ast-hfb-above-header-display":"","ast-hfb-below-header-display":"","ast-hfb-mobile-header-display":"","site-post-title":"","ast-breadcrumbs-content":"","ast-featured-img":"","footer-sml-layout":"","theme-transparent-header-meta":"","adv-header-id-meta":"","stick-header-meta":"","header-above-stick-meta":"","header-main-stick-meta":"","header-below-stick-meta":"","astra-migrate-meta-layouts":"default","ast-page-background-enabled":"default","ast-page-background-meta":{"desktop":{"background-color":"","background-image":"","background-repeat":"repeat","background-position":"center center","background-size":"auto","background-attachment":"scroll","background-type":"","background-media":"","overlay-type":"","overlay-color":"","overlay-opacity":"","overlay-gradient":""},"tablet":{"background-color":"","background-image":"","background-repeat":"repeat","background-position":"center center","background-size":"auto","background-attachment":"scroll","background-type":"","background-media":"","overlay-type":"","overlay-color":"","overlay-opacity":"","overlay-gradient":""},"mobile":{"background-color":"","background-image":"","background-repeat":"repeat","background-position":"center center","background-size":"auto","background-attachment":"scroll","background-type":"","background-media":"","overlay-type":"","overlay-color":"","overlay-opacity":"","overlay-gradient":""}},"ast-content-background-meta":{"desktop":{"background-color":"var(--ast-global-color-5)","background-image":"","background-repeat":"repeat","background-position":"center center","background-size":"auto","background-attachment":"scroll","background-type":"","background-media":"","overlay-type":"","overlay-color":"","overlay-opacity":"","overlay-gradient":""},"tablet":{"background-color":"var(--ast-global-color-5)","background-image":"","background-repeat":"repeat","background-position":"center center","background-size":"auto","background-attachment":"scroll","background-type":"","background-media":"","overlay-type":"","overlay-color":"","overlay-opacity":"","overlay-gradient":""},"mobile":{"background-color":"var(--ast-global-color-5)","background-image":"","background-repeat":"repeat","background-position":"center center","background-size":"auto","background-attachment":"scroll","background-type":"","background-media":"","overlay-type":"","overlay-color":"","overlay-opacity":"","overlay-gradient":""}}},"product_brand":[],"product_cat":[34225],"product_tag":[],"pa_brand_name":[25035],"class_list":{"0":"post-121185","1":"product","2":"type-product","3":"status-publish","4":"has-post-thumbnail","6":"product_cat-summer-tires-pv","7":"pa_brand_name-continental","8":"desktop-align-left","9":"tablet-align-left","10":"mobile-align-left","12":"first","13":"outofstock","14":"taxable","15":"shipping-taxable","16":"purchasable","17":"product-type-simple"},"_links":{"self":[{"href":"https:\/\/shop.rettum.ee\/en\/wp-json\/wp\/v2\/product\/121185","targetHints":{"allow":["GET"]}}],"collection":[{"href":"https:\/\/shop.rettum.ee\/en\/wp-json\/wp\/v2\/product"}],"about":[{"href":"https:\/\/shop.rettum.ee\/en\/wp-json\/wp\/v2\/types\/product"}],"version-history":[{"count":1,"href":"https:\/\/shop.rettum.ee\/en\/wp-json\/wp\/v2\/product\/121185\/revisions"}],"predecessor-version":[{"id":125410,"href":"https:\/\/shop.rettum.ee\/en\/wp-json\/wp\/v2\/product\/121185\/revisions\/125410"}],"wp:featuredmedia":[{"embeddable":true,"href":"https:\/\/shop.rettum.ee\/en\/wp-json\/wp\/v2\/media\/124225"}],"wp:attachment":[{"href":"https:\/\/shop.rettum.ee\/en\/wp-json\/wp\/v2\/media?parent=121185"}],"wp:term":[{"taxonomy":"product_brand","embeddable":true,"href":"https:\/\/shop.rettum.ee\/en\/wp-json\/wp\/v2\/product_brand?post=121185"},{"taxonomy":"product_cat","embeddable":true,"href":"https:\/\/shop.rettum.ee\/en\/wp-json\/wp\/v2\/product_cat?post=121185"},{"taxonomy":"product_tag","embeddable":true,"href":"https:\/\/shop.rettum.ee\/en\/wp-json\/wp\/v2\/product_tag?post=121185"},{"taxonomy":"pa_brand_name","embeddable":true,"href":"https:\/\/shop.rettum.ee\/en\/wp-json\/wp\/v2\/pa_brand_name?post=121185"}],"curies":[{"name":"wp","href":"https:\/\/api.w.org\/{rel}","templated":true}]}}