{"id":121186,"date":"2025-03-31T03:11:18","date_gmt":"2025-03-31T00:11:18","guid":{"rendered":"https:\/\/shop.rettum.ee\/toode\/255-50r19-continental-ecocontact-6q-107w-xl-mo-aba69\/"},"modified":"2026-03-22T03:07:30","modified_gmt":"2026-03-22T01:07:30","slug":"255-50r19-continental-ecocontact-6q-107w-xl-mo-aba69","status":"publish","type":"product","link":"https:\/\/shop.rettum.ee\/en\/product\/255-50r19-continental-ecocontact-6q-107w-xl-mo-aba69\/","title":{"rendered":"255\/50R19 CONTINENTAL ECOCONTACT 6Q 107W XL MO ABA69"},"content":{"rendered":"<p>Continental ECOCONTACT 6Q rehvid (255\/50R19, kandeindeks 107, kiirusindeks W, extra load versioon) on loodud s\u00f5iduohutuse ja \u00f6konoomsuse optimaalseks tasakaaluks. Need rehvid on projekteeritud pakkuma suurep\u00e4rast haarduvust nii m\u00e4rjal kui kuival teel, aidates tagada kindla ja stabiilse s\u00f5idukogemuse ka keerulistes oludes. Rehvi innovaatiline mustrilahendus soodustab vee t\u00f5husat v\u00e4ljutamist, v\u00e4hendades veekambrite tekkimist ja pakkudes seel\u00e4bi l\u00fchemat pidurdusteekonda m\u00e4rgades tingimustes. <\/p>\n<p>ECOCONTACT 6Q on loodud madala rullimiskindluse tehnoloogiaga, mis aitab v\u00e4hendada k\u00fctusekulu ja keskkonnam\u00f5ju, s\u00e4ilitades samas suurep\u00e4rase juhitavuse ja mugavuse. XL-t\u00fc\u00fcpi konstrueerimine tagab rehvi tugevuse ja suurema kandev\u00f5ime, mis teeb neist ideaalse valiku nii sportlikele s\u00f5idukitele kui ka neile, kes otsivad k\u00f5rget t\u00f6\u00f6kindlust ja vastupidavust. Tootmise kood MO ABA69 kinnitab rehvi kvaliteeti ja innovatsiooni, mida Continental on tuntud \u00fclemaailmselt. <\/p>\n<p>Valides Continental ECOCONTACT 6Q rehvid, panustad turvalisse, \u00f6konoomsesse ja keskkonnas\u00f5bralikku s\u00f5itu, mis vastab ka k\u00f5ige n\u00f5udlikumatele s\u00f5idutingimustele.<\/p>","protected":false},"excerpt":{"rendered":"<p>Continental ECOCONTACT 6Q rehvid (255\/50R19, kandeindeks 107, kiirusindeks W, extra load versioon) on loodud s\u00f5iduohutuse ja \u00f6konoomsuse optimaalseks tasakaaluks. Need rehvid on projekteeritud pakkuma suurep\u00e4rast haarduvust nii m\u00e4rjal kui kuival teel, aidates tagada kindla ja stabiilse s\u00f5idukogemuse ka keerulistes oludes. Rehvi innovaatiline mustrilahendus soodustab vee t\u00f5husat v\u00e4ljutamist, v\u00e4hendades veekambrite tekkimist ja pakkudes seel\u00e4bi l\u00fchemat pidurdusteekonda [&hellip;]<\/p>\n","protected":false},"featured_media":124225,"template":"","meta":{"site-sidebar-layout":"default","site-content-layout":"","ast-site-content-layout":"","site-content-style":"default","site-sidebar-style":"default","ast-global-header-display":"","ast-banner-title-visibility":"","ast-main-header-display":"","ast-hfb-above-header-display":"","ast-hfb-below-header-display":"","ast-hfb-mobile-header-display":"","site-post-title":"","ast-breadcrumbs-content":"","ast-featured-img":"","footer-sml-layout":"","theme-transparent-header-meta":"","adv-header-id-meta":"","stick-header-meta":"","header-above-stick-meta":"","header-main-stick-meta":"","header-below-stick-meta":"","astra-migrate-meta-layouts":"default","ast-page-background-enabled":"default","ast-page-background-meta":{"desktop":{"background-color":"","background-image":"","background-repeat":"repeat","background-position":"center center","background-size":"auto","background-attachment":"scroll","background-type":"","background-media":"","overlay-type":"","overlay-color":"","overlay-opacity":"","overlay-gradient":""},"tablet":{"background-color":"","background-image":"","background-repeat":"repeat","background-position":"center center","background-size":"auto","background-attachment":"scroll","background-type":"","background-media":"","overlay-type":"","overlay-color":"","overlay-opacity":"","overlay-gradient":""},"mobile":{"background-color":"","background-image":"","background-repeat":"repeat","background-position":"center center","background-size":"auto","background-attachment":"scroll","background-type":"","background-media":"","overlay-type":"","overlay-color":"","overlay-opacity":"","overlay-gradient":""}},"ast-content-background-meta":{"desktop":{"background-color":"var(--ast-global-color-5)","background-image":"","background-repeat":"repeat","background-position":"center center","background-size":"auto","background-attachment":"scroll","background-type":"","background-media":"","overlay-type":"","overlay-color":"","overlay-opacity":"","overlay-gradient":""},"tablet":{"background-color":"var(--ast-global-color-5)","background-image":"","background-repeat":"repeat","background-position":"center center","background-size":"auto","background-attachment":"scroll","background-type":"","background-media":"","overlay-type":"","overlay-color":"","overlay-opacity":"","overlay-gradient":""},"mobile":{"background-color":"var(--ast-global-color-5)","background-image":"","background-repeat":"repeat","background-position":"center center","background-size":"auto","background-attachment":"scroll","background-type":"","background-media":"","overlay-type":"","overlay-color":"","overlay-opacity":"","overlay-gradient":""}}},"product_brand":[],"product_cat":[34225],"product_tag":[],"pa_brand_name":[25035],"class_list":{"0":"post-121186","1":"product","2":"type-product","3":"status-publish","4":"has-post-thumbnail","6":"product_cat-summer-tires-pv","7":"pa_brand_name-continental","8":"desktop-align-left","9":"tablet-align-left","10":"mobile-align-left","12":"first","13":"outofstock","14":"taxable","15":"shipping-taxable","16":"purchasable","17":"product-type-simple"},"_links":{"self":[{"href":"https:\/\/shop.rettum.ee\/en\/wp-json\/wp\/v2\/product\/121186","targetHints":{"allow":["GET"]}}],"collection":[{"href":"https:\/\/shop.rettum.ee\/en\/wp-json\/wp\/v2\/product"}],"about":[{"href":"https:\/\/shop.rettum.ee\/en\/wp-json\/wp\/v2\/types\/product"}],"version-history":[{"count":1,"href":"https:\/\/shop.rettum.ee\/en\/wp-json\/wp\/v2\/product\/121186\/revisions"}],"predecessor-version":[{"id":125408,"href":"https:\/\/shop.rettum.ee\/en\/wp-json\/wp\/v2\/product\/121186\/revisions\/125408"}],"wp:featuredmedia":[{"embeddable":true,"href":"https:\/\/shop.rettum.ee\/en\/wp-json\/wp\/v2\/media\/124225"}],"wp:attachment":[{"href":"https:\/\/shop.rettum.ee\/en\/wp-json\/wp\/v2\/media?parent=121186"}],"wp:term":[{"taxonomy":"product_brand","embeddable":true,"href":"https:\/\/shop.rettum.ee\/en\/wp-json\/wp\/v2\/product_brand?post=121186"},{"taxonomy":"product_cat","embeddable":true,"href":"https:\/\/shop.rettum.ee\/en\/wp-json\/wp\/v2\/product_cat?post=121186"},{"taxonomy":"product_tag","embeddable":true,"href":"https:\/\/shop.rettum.ee\/en\/wp-json\/wp\/v2\/product_tag?post=121186"},{"taxonomy":"pa_brand_name","embeddable":true,"href":"https:\/\/shop.rettum.ee\/en\/wp-json\/wp\/v2\/pa_brand_name?post=121186"}],"curies":[{"name":"wp","href":"https:\/\/api.w.org\/{rel}","templated":true}]}}