{"id":121187,"date":"2025-03-31T03:11:19","date_gmt":"2025-03-31T00:11:19","guid":{"rendered":"https:\/\/shop.rettum.ee\/toode\/235-45r20-continental-ecocontact-6q-100t-xl-seal-inside-fr-aab71\/"},"modified":"2026-03-22T03:07:31","modified_gmt":"2026-03-22T01:07:31","slug":"235-45r20-continental-ecocontact-6q-100t-xl-seal-inside-fr-aab71","status":"publish","type":"product","link":"https:\/\/shop.rettum.ee\/en\/product\/235-45r20-continental-ecocontact-6q-100t-xl-seal-inside-fr-aab71\/","title":{"rendered":"235\/45R20 CONTINENTAL ECOCONTACT 6Q 100T XL (+) Seal Inside FR AAB71"},"content":{"rendered":"<p>Avasta uus Continental ECOCONTACT 6Q rehv, m\u00f5\u00f5tmetega 235\/45R20, mis pakub \u00fclimat j\u00f5udlust ja s\u00f5idumugavust. See XL (+) koormusv\u00f5imega mudel on disainitud pakkuma optimaalseid s\u00f5iduomadusi ning madalamat veeretakistust, aidates seel\u00e4bi kaasa k\u00fctuses\u00e4\u00e4stlikkusele ja \u00f6konoomsele s\u00f5idule. <\/p>\n<p>Rehvi tehnoloogiline uuendus seisneb Seal Inside s\u00fcsteemis \u2013 see automaatne \u00f5lilekkeluse lahendus suudab iseenesest sulgeda v\u00e4iksemaid n\u00f5rku punktsioone, pakkudes seel\u00e4bi lisaturvalisust igap\u00e4evases s\u00f5idus. M\u00e4rgisega 100T on rehv m\u00f5eldud kasutamiseks olukordades, kus on vaja head reageerimisv\u00f5imet ja usaldusv\u00e4\u00e4rset haarduvust nii kuival kui ka m\u00e4rjal teel. <\/p>\n<p>Continental ECOCONTACT 6Q on ideaalne valik neile, kes hindavad kvaliteeti, t\u00f6\u00f6kindlust ja k\u00f5rget s\u00f5iduefektiivsust. Kujundus ja tehnilised lahendused tagavad, et iga s\u00f5it on turvaline, \u00f6konoomne ja nauditav.<\/p>","protected":false},"excerpt":{"rendered":"<p>Avasta uus Continental ECOCONTACT 6Q rehv, m\u00f5\u00f5tmetega 235\/45R20, mis pakub \u00fclimat j\u00f5udlust ja s\u00f5idumugavust. See XL (+) koormusv\u00f5imega mudel on disainitud pakkuma optimaalseid s\u00f5iduomadusi ning madalamat veeretakistust, aidates seel\u00e4bi kaasa k\u00fctuses\u00e4\u00e4stlikkusele ja \u00f6konoomsele s\u00f5idule. Rehvi tehnoloogiline uuendus seisneb Seal Inside s\u00fcsteemis \u2013 see automaatne \u00f5lilekkeluse lahendus suudab iseenesest sulgeda v\u00e4iksemaid n\u00f5rku punktsioone, pakkudes seel\u00e4bi lisaturvalisust [&hellip;]<\/p>\n","protected":false},"featured_media":124225,"template":"","meta":{"site-sidebar-layout":"default","site-content-layout":"","ast-site-content-layout":"","site-content-style":"default","site-sidebar-style":"default","ast-global-header-display":"","ast-banner-title-visibility":"","ast-main-header-display":"","ast-hfb-above-header-display":"","ast-hfb-below-header-display":"","ast-hfb-mobile-header-display":"","site-post-title":"","ast-breadcrumbs-content":"","ast-featured-img":"","footer-sml-layout":"","theme-transparent-header-meta":"","adv-header-id-meta":"","stick-header-meta":"","header-above-stick-meta":"","header-main-stick-meta":"","header-below-stick-meta":"","astra-migrate-meta-layouts":"default","ast-page-background-enabled":"default","ast-page-background-meta":{"desktop":{"background-color":"","background-image":"","background-repeat":"repeat","background-position":"center center","background-size":"auto","background-attachment":"scroll","background-type":"","background-media":"","overlay-type":"","overlay-color":"","overlay-opacity":"","overlay-gradient":""},"tablet":{"background-color":"","background-image":"","background-repeat":"repeat","background-position":"center center","background-size":"auto","background-attachment":"scroll","background-type":"","background-media":"","overlay-type":"","overlay-color":"","overlay-opacity":"","overlay-gradient":""},"mobile":{"background-color":"","background-image":"","background-repeat":"repeat","background-position":"center center","background-size":"auto","background-attachment":"scroll","background-type":"","background-media":"","overlay-type":"","overlay-color":"","overlay-opacity":"","overlay-gradient":""}},"ast-content-background-meta":{"desktop":{"background-color":"var(--ast-global-color-5)","background-image":"","background-repeat":"repeat","background-position":"center center","background-size":"auto","background-attachment":"scroll","background-type":"","background-media":"","overlay-type":"","overlay-color":"","overlay-opacity":"","overlay-gradient":""},"tablet":{"background-color":"var(--ast-global-color-5)","background-image":"","background-repeat":"repeat","background-position":"center center","background-size":"auto","background-attachment":"scroll","background-type":"","background-media":"","overlay-type":"","overlay-color":"","overlay-opacity":"","overlay-gradient":""},"mobile":{"background-color":"var(--ast-global-color-5)","background-image":"","background-repeat":"repeat","background-position":"center center","background-size":"auto","background-attachment":"scroll","background-type":"","background-media":"","overlay-type":"","overlay-color":"","overlay-opacity":"","overlay-gradient":""}}},"product_brand":[],"product_cat":[34225],"product_tag":[],"pa_brand_name":[25035],"class_list":{"0":"post-121187","1":"product","2":"type-product","3":"status-publish","4":"has-post-thumbnail","6":"product_cat-summer-tires-pv","7":"pa_brand_name-continental","8":"desktop-align-left","9":"tablet-align-left","10":"mobile-align-left","12":"first","13":"outofstock","14":"taxable","15":"shipping-taxable","16":"purchasable","17":"product-type-simple"},"_links":{"self":[{"href":"https:\/\/shop.rettum.ee\/en\/wp-json\/wp\/v2\/product\/121187","targetHints":{"allow":["GET"]}}],"collection":[{"href":"https:\/\/shop.rettum.ee\/en\/wp-json\/wp\/v2\/product"}],"about":[{"href":"https:\/\/shop.rettum.ee\/en\/wp-json\/wp\/v2\/types\/product"}],"version-history":[{"count":1,"href":"https:\/\/shop.rettum.ee\/en\/wp-json\/wp\/v2\/product\/121187\/revisions"}],"predecessor-version":[{"id":125407,"href":"https:\/\/shop.rettum.ee\/en\/wp-json\/wp\/v2\/product\/121187\/revisions\/125407"}],"wp:featuredmedia":[{"embeddable":true,"href":"https:\/\/shop.rettum.ee\/en\/wp-json\/wp\/v2\/media\/124225"}],"wp:attachment":[{"href":"https:\/\/shop.rettum.ee\/en\/wp-json\/wp\/v2\/media?parent=121187"}],"wp:term":[{"taxonomy":"product_brand","embeddable":true,"href":"https:\/\/shop.rettum.ee\/en\/wp-json\/wp\/v2\/product_brand?post=121187"},{"taxonomy":"product_cat","embeddable":true,"href":"https:\/\/shop.rettum.ee\/en\/wp-json\/wp\/v2\/product_cat?post=121187"},{"taxonomy":"product_tag","embeddable":true,"href":"https:\/\/shop.rettum.ee\/en\/wp-json\/wp\/v2\/product_tag?post=121187"},{"taxonomy":"pa_brand_name","embeddable":true,"href":"https:\/\/shop.rettum.ee\/en\/wp-json\/wp\/v2\/pa_brand_name?post=121187"}],"curies":[{"name":"wp","href":"https:\/\/api.w.org\/{rel}","templated":true}]}}