{"id":121188,"date":"2025-03-31T03:11:20","date_gmt":"2025-03-31T00:11:20","guid":{"rendered":"https:\/\/shop.rettum.ee\/toode\/235-50r20-continental-ecocontact-6q-104h-xl-fr-aab72\/"},"modified":"2026-03-22T03:07:31","modified_gmt":"2026-03-22T01:07:31","slug":"235-50r20-continental-ecocontact-6q-104h-xl-fr-aab72","status":"publish","type":"product","link":"https:\/\/shop.rettum.ee\/en\/product\/235-50r20-continental-ecocontact-6q-104h-xl-fr-aab72\/","title":{"rendered":"235\/50R20 CONTINENTAL ECOCONTACT 6Q 104H XL FR AAB72"},"content":{"rendered":"<p>Continental ECOCONTACT 6Q 235\/50R20 on uuenduslik ja keskkonnas\u00f5bralik rehv, mis toob teie s\u00f5idukile tasakaalu efektiivsuse ja ohutuse vahel. Tahvli XL konstruktsioon ning tugev koormusindeks 104H tagavad suurep\u00e4rase stabiilsuse ka n\u00f5udlikes tingimustes, pakkudes kindlat s\u00f5idur\u00f5\u00f5mu nii linnas kui maanteel. <\/p>\n<p>Optimeeritud mustritega pinnakate hoolitseb ECOCONTACT 6Q rehv energiatarbimise v\u00e4hendamise eest, aidates saavutada madalamat k\u00fctusekulu ning pikendada rehvi eluiga, ilma et ohutus v\u00f5i haarduvus kannataksid. Lisaks on rehvi FR klassifikatsioon kinnitanud selle usaldusv\u00e4\u00e4rsuse ning vastavuse rangetele Euroopa standarditele. <\/p>\n<p>Continental ECOCONTACT 6Q on ideaalne valik autot\u00f6\u00f6dele, kus prioriteediks on nii keskkonnas\u00f5bralikkus, majandustegur kui ka esmaklassiline ohutus. Laiendatud s\u00f5idumugavus ja kindel kontakt teega teevad sellest rehvist usaldusv\u00e4\u00e4rse partneri igasuguste s\u00f5idutingimuste korral.<\/p>","protected":false},"excerpt":{"rendered":"<p>Continental ECOCONTACT 6Q 235\/50R20 on uuenduslik ja keskkonnas\u00f5bralik rehv, mis toob teie s\u00f5idukile tasakaalu efektiivsuse ja ohutuse vahel. Tahvli XL konstruktsioon ning tugev koormusindeks 104H tagavad suurep\u00e4rase stabiilsuse ka n\u00f5udlikes tingimustes, pakkudes kindlat s\u00f5idur\u00f5\u00f5mu nii linnas kui maanteel. Optimeeritud mustritega pinnakate hoolitseb ECOCONTACT 6Q rehv energiatarbimise v\u00e4hendamise eest, aidates saavutada madalamat k\u00fctusekulu ning pikendada rehvi [&hellip;]<\/p>\n","protected":false},"featured_media":124225,"template":"","meta":{"site-sidebar-layout":"default","site-content-layout":"","ast-site-content-layout":"","site-content-style":"default","site-sidebar-style":"default","ast-global-header-display":"","ast-banner-title-visibility":"","ast-main-header-display":"","ast-hfb-above-header-display":"","ast-hfb-below-header-display":"","ast-hfb-mobile-header-display":"","site-post-title":"","ast-breadcrumbs-content":"","ast-featured-img":"","footer-sml-layout":"","theme-transparent-header-meta":"","adv-header-id-meta":"","stick-header-meta":"","header-above-stick-meta":"","header-main-stick-meta":"","header-below-stick-meta":"","astra-migrate-meta-layouts":"default","ast-page-background-enabled":"default","ast-page-background-meta":{"desktop":{"background-color":"","background-image":"","background-repeat":"repeat","background-position":"center center","background-size":"auto","background-attachment":"scroll","background-type":"","background-media":"","overlay-type":"","overlay-color":"","overlay-opacity":"","overlay-gradient":""},"tablet":{"background-color":"","background-image":"","background-repeat":"repeat","background-position":"center center","background-size":"auto","background-attachment":"scroll","background-type":"","background-media":"","overlay-type":"","overlay-color":"","overlay-opacity":"","overlay-gradient":""},"mobile":{"background-color":"","background-image":"","background-repeat":"repeat","background-position":"center center","background-size":"auto","background-attachment":"scroll","background-type":"","background-media":"","overlay-type":"","overlay-color":"","overlay-opacity":"","overlay-gradient":""}},"ast-content-background-meta":{"desktop":{"background-color":"var(--ast-global-color-5)","background-image":"","background-repeat":"repeat","background-position":"center center","background-size":"auto","background-attachment":"scroll","background-type":"","background-media":"","overlay-type":"","overlay-color":"","overlay-opacity":"","overlay-gradient":""},"tablet":{"background-color":"var(--ast-global-color-5)","background-image":"","background-repeat":"repeat","background-position":"center center","background-size":"auto","background-attachment":"scroll","background-type":"","background-media":"","overlay-type":"","overlay-color":"","overlay-opacity":"","overlay-gradient":""},"mobile":{"background-color":"var(--ast-global-color-5)","background-image":"","background-repeat":"repeat","background-position":"center center","background-size":"auto","background-attachment":"scroll","background-type":"","background-media":"","overlay-type":"","overlay-color":"","overlay-opacity":"","overlay-gradient":""}}},"product_brand":[],"product_cat":[34225],"product_tag":[],"pa_brand_name":[25035],"class_list":{"0":"post-121188","1":"product","2":"type-product","3":"status-publish","4":"has-post-thumbnail","6":"product_cat-summer-tires-pv","7":"pa_brand_name-continental","8":"desktop-align-left","9":"tablet-align-left","10":"mobile-align-left","12":"first","13":"outofstock","14":"taxable","15":"shipping-taxable","16":"purchasable","17":"product-type-simple"},"_links":{"self":[{"href":"https:\/\/shop.rettum.ee\/en\/wp-json\/wp\/v2\/product\/121188","targetHints":{"allow":["GET"]}}],"collection":[{"href":"https:\/\/shop.rettum.ee\/en\/wp-json\/wp\/v2\/product"}],"about":[{"href":"https:\/\/shop.rettum.ee\/en\/wp-json\/wp\/v2\/types\/product"}],"version-history":[{"count":1,"href":"https:\/\/shop.rettum.ee\/en\/wp-json\/wp\/v2\/product\/121188\/revisions"}],"predecessor-version":[{"id":125406,"href":"https:\/\/shop.rettum.ee\/en\/wp-json\/wp\/v2\/product\/121188\/revisions\/125406"}],"wp:featuredmedia":[{"embeddable":true,"href":"https:\/\/shop.rettum.ee\/en\/wp-json\/wp\/v2\/media\/124225"}],"wp:attachment":[{"href":"https:\/\/shop.rettum.ee\/en\/wp-json\/wp\/v2\/media?parent=121188"}],"wp:term":[{"taxonomy":"product_brand","embeddable":true,"href":"https:\/\/shop.rettum.ee\/en\/wp-json\/wp\/v2\/product_brand?post=121188"},{"taxonomy":"product_cat","embeddable":true,"href":"https:\/\/shop.rettum.ee\/en\/wp-json\/wp\/v2\/product_cat?post=121188"},{"taxonomy":"product_tag","embeddable":true,"href":"https:\/\/shop.rettum.ee\/en\/wp-json\/wp\/v2\/product_tag?post=121188"},{"taxonomy":"pa_brand_name","embeddable":true,"href":"https:\/\/shop.rettum.ee\/en\/wp-json\/wp\/v2\/pa_brand_name?post=121188"}],"curies":[{"name":"wp","href":"https:\/\/api.w.org\/{rel}","templated":true}]}}