{"id":121189,"date":"2025-03-31T03:11:20","date_gmt":"2025-03-31T00:11:20","guid":{"rendered":"https:\/\/shop.rettum.ee\/toode\/255-45r20-continental-ecocontact-6q-105w-xl-mo-aba69\/"},"modified":"2026-03-22T03:07:31","modified_gmt":"2026-03-22T01:07:31","slug":"255-45r20-continental-ecocontact-6q-105w-xl-mo-aba69","status":"publish","type":"product","link":"https:\/\/shop.rettum.ee\/en\/product\/255-45r20-continental-ecocontact-6q-105w-xl-mo-aba69\/","title":{"rendered":"255\/45R20 CONTINENTAL ECOCONTACT 6Q 105W XL MO ABA69"},"content":{"rendered":"<p>Avasta uus Continental ECOCONTACT 6Q rehv, mis \u00fchendab innovatsiooni ja keskkonnas\u00f5bralikkuse \u00fclimalt. M\u00f5\u00f5tmetega 255\/45R20 on see rehv ideaalne valik sportlikele ja suure j\u00f5udlusega s\u00f5idukitele, pakkudes optimeeritud juhitavust ja stabiilsust k\u00f5rgetel kiirustel. ECOCONTACT 6Q on konstrueeritud madala rullakindlusega, mis aitab v\u00e4hendada k\u00fctusekulu ja s\u00fcsinikdioksiidi heitkoguseid, muutes selle \u00fclimalt \u00f6konoomseks. <\/p>\n<p>Lisaks tagab XL ja MO klassifikatsioon lisakoormuse taluvuse ning t\u00f6\u00f6kindluse ka k\u00f5ige n\u00f5udlikumates s\u00f5idutingimustes. See rehv on loodud pakkuma kindlat haardumist nii m\u00e4rjal kui ka kuivadel teedel, parandades s\u00f5idukohutust ja tagades kindla stabiilsuse igas olukorras. <\/p>\n<p>Continental ECOCONTACT 6Q \u00fchendab kaasaegse disaini ja tehnoloogilised uuendused, pakkudes s\u00f5idunaudit, kusjuures turvalisus ja pikem rehviepikkus on alati esiplaanil. Valides selle rehvi, investeerid sa mitte ainult tippklassi s\u00f5idumugavusse, vaid ka keskkonnas\u00f5bralikku ja \u00f6konoomsesse tulevikku.<\/p>","protected":false},"excerpt":{"rendered":"<p>Avasta uus Continental ECOCONTACT 6Q rehv, mis \u00fchendab innovatsiooni ja keskkonnas\u00f5bralikkuse \u00fclimalt. M\u00f5\u00f5tmetega 255\/45R20 on see rehv ideaalne valik sportlikele ja suure j\u00f5udlusega s\u00f5idukitele, pakkudes optimeeritud juhitavust ja stabiilsust k\u00f5rgetel kiirustel. ECOCONTACT 6Q on konstrueeritud madala rullakindlusega, mis aitab v\u00e4hendada k\u00fctusekulu ja s\u00fcsinikdioksiidi heitkoguseid, muutes selle \u00fclimalt \u00f6konoomseks. Lisaks tagab XL ja MO klassifikatsioon lisakoormuse [&hellip;]<\/p>\n","protected":false},"featured_media":124225,"template":"","meta":{"site-sidebar-layout":"default","site-content-layout":"","ast-site-content-layout":"","site-content-style":"default","site-sidebar-style":"default","ast-global-header-display":"","ast-banner-title-visibility":"","ast-main-header-display":"","ast-hfb-above-header-display":"","ast-hfb-below-header-display":"","ast-hfb-mobile-header-display":"","site-post-title":"","ast-breadcrumbs-content":"","ast-featured-img":"","footer-sml-layout":"","theme-transparent-header-meta":"","adv-header-id-meta":"","stick-header-meta":"","header-above-stick-meta":"","header-main-stick-meta":"","header-below-stick-meta":"","astra-migrate-meta-layouts":"default","ast-page-background-enabled":"default","ast-page-background-meta":{"desktop":{"background-color":"","background-image":"","background-repeat":"repeat","background-position":"center center","background-size":"auto","background-attachment":"scroll","background-type":"","background-media":"","overlay-type":"","overlay-color":"","overlay-opacity":"","overlay-gradient":""},"tablet":{"background-color":"","background-image":"","background-repeat":"repeat","background-position":"center center","background-size":"auto","background-attachment":"scroll","background-type":"","background-media":"","overlay-type":"","overlay-color":"","overlay-opacity":"","overlay-gradient":""},"mobile":{"background-color":"","background-image":"","background-repeat":"repeat","background-position":"center center","background-size":"auto","background-attachment":"scroll","background-type":"","background-media":"","overlay-type":"","overlay-color":"","overlay-opacity":"","overlay-gradient":""}},"ast-content-background-meta":{"desktop":{"background-color":"var(--ast-global-color-5)","background-image":"","background-repeat":"repeat","background-position":"center center","background-size":"auto","background-attachment":"scroll","background-type":"","background-media":"","overlay-type":"","overlay-color":"","overlay-opacity":"","overlay-gradient":""},"tablet":{"background-color":"var(--ast-global-color-5)","background-image":"","background-repeat":"repeat","background-position":"center center","background-size":"auto","background-attachment":"scroll","background-type":"","background-media":"","overlay-type":"","overlay-color":"","overlay-opacity":"","overlay-gradient":""},"mobile":{"background-color":"var(--ast-global-color-5)","background-image":"","background-repeat":"repeat","background-position":"center center","background-size":"auto","background-attachment":"scroll","background-type":"","background-media":"","overlay-type":"","overlay-color":"","overlay-opacity":"","overlay-gradient":""}}},"product_brand":[],"product_cat":[34225],"product_tag":[],"pa_brand_name":[25035],"class_list":{"0":"post-121189","1":"product","2":"type-product","3":"status-publish","4":"has-post-thumbnail","6":"product_cat-summer-tires-pv","7":"pa_brand_name-continental","8":"desktop-align-left","9":"tablet-align-left","10":"mobile-align-left","12":"first","13":"outofstock","14":"taxable","15":"shipping-taxable","16":"purchasable","17":"product-type-simple"},"_links":{"self":[{"href":"https:\/\/shop.rettum.ee\/en\/wp-json\/wp\/v2\/product\/121189","targetHints":{"allow":["GET"]}}],"collection":[{"href":"https:\/\/shop.rettum.ee\/en\/wp-json\/wp\/v2\/product"}],"about":[{"href":"https:\/\/shop.rettum.ee\/en\/wp-json\/wp\/v2\/types\/product"}],"version-history":[{"count":1,"href":"https:\/\/shop.rettum.ee\/en\/wp-json\/wp\/v2\/product\/121189\/revisions"}],"predecessor-version":[{"id":125405,"href":"https:\/\/shop.rettum.ee\/en\/wp-json\/wp\/v2\/product\/121189\/revisions\/125405"}],"wp:featuredmedia":[{"embeddable":true,"href":"https:\/\/shop.rettum.ee\/en\/wp-json\/wp\/v2\/media\/124225"}],"wp:attachment":[{"href":"https:\/\/shop.rettum.ee\/en\/wp-json\/wp\/v2\/media?parent=121189"}],"wp:term":[{"taxonomy":"product_brand","embeddable":true,"href":"https:\/\/shop.rettum.ee\/en\/wp-json\/wp\/v2\/product_brand?post=121189"},{"taxonomy":"product_cat","embeddable":true,"href":"https:\/\/shop.rettum.ee\/en\/wp-json\/wp\/v2\/product_cat?post=121189"},{"taxonomy":"product_tag","embeddable":true,"href":"https:\/\/shop.rettum.ee\/en\/wp-json\/wp\/v2\/product_tag?post=121189"},{"taxonomy":"pa_brand_name","embeddable":true,"href":"https:\/\/shop.rettum.ee\/en\/wp-json\/wp\/v2\/pa_brand_name?post=121189"}],"curies":[{"name":"wp","href":"https:\/\/api.w.org\/{rel}","templated":true}]}}