{"id":121191,"date":"2025-03-31T03:11:22","date_gmt":"2025-03-31T00:11:22","guid":{"rendered":"https:\/\/shop.rettum.ee\/toode\/285-40r20-continental-ecocontact-6q-108w-xl-mo-aba69\/"},"modified":"2025-08-30T02:45:49","modified_gmt":"2025-08-29T23:45:49","slug":"285-40r20-continental-ecocontact-6q-108w-xl-mo-aba69","status":"publish","type":"product","link":"https:\/\/shop.rettum.ee\/en\/product\/285-40r20-continental-ecocontact-6q-108w-xl-mo-aba69\/","title":{"rendered":"285\/40R20 CONTINENTAL ECOCONTACT 6Q 108W XL MO ABA69"},"content":{"rendered":"<p>285\/40R20 CONTINENTAL ECOCONTACT 6Q 108W XL MO ABA69 on tipptasemel sportrehv, mis \u00fchendab k\u00f5rge j\u00f5udluse ja \u00f6konoomse s\u00f5iduomaduse. See rehv on disainitud madala veeretakistuse tagamiseks, aidates seel\u00e4bi k\u00fctusekulu v\u00e4hendada ja s\u00fcsinikdioksiidi heidet minimeerida. XL-kategooria koormusindeks tagab suurem vastupidavuse ning usaldusv\u00e4\u00e4rse j\u00f5udluse ka n\u00f5udlikes s\u00f5iduoludes, samas kui W kiirusindeks v\u00f5imaldab ohutut ja stabiilset s\u00f5itu kuni 270 km\/h.<\/p>\n<p>Continental ECOCONTACT 6Q on loodud pakkuma optimaalseid haardumisomadusi nii kuivadel kui ka m\u00e4rgadel teedel, kindlustades maksimaalse turvatunde ning elegantse juhitavuse. Rehv sobib ideaalselt sportlikule ja j\u00f5udlusele orienteeritud s\u00f5idukile, kombineerides innovatsiooni ja kvaliteeti. Valides selle mudeli, tagate endale kaasaegse ja usaldusv\u00e4\u00e4rse rehvi, mis toetab teie s\u00f5idukit nii igap\u00e4evaselt kui ka pikematel teekondadel.<\/p>","protected":false},"excerpt":{"rendered":"<p>285\/40R20 CONTINENTAL ECOCONTACT 6Q 108W XL MO ABA69 on tipptasemel sportrehv, mis \u00fchendab k\u00f5rge j\u00f5udluse ja \u00f6konoomse s\u00f5iduomaduse. See rehv on disainitud madala veeretakistuse tagamiseks, aidates seel\u00e4bi k\u00fctusekulu v\u00e4hendada ja s\u00fcsinikdioksiidi heidet minimeerida. XL-kategooria koormusindeks tagab suurem vastupidavuse ning usaldusv\u00e4\u00e4rse j\u00f5udluse ka n\u00f5udlikes s\u00f5iduoludes, samas kui W kiirusindeks v\u00f5imaldab ohutut ja stabiilset s\u00f5itu kuni 270 [&hellip;]<\/p>\n","protected":false},"featured_media":124225,"template":"","meta":{"site-sidebar-layout":"default","site-content-layout":"","ast-site-content-layout":"","site-content-style":"default","site-sidebar-style":"default","ast-global-header-display":"","ast-banner-title-visibility":"","ast-main-header-display":"","ast-hfb-above-header-display":"","ast-hfb-below-header-display":"","ast-hfb-mobile-header-display":"","site-post-title":"","ast-breadcrumbs-content":"","ast-featured-img":"","footer-sml-layout":"","theme-transparent-header-meta":"","adv-header-id-meta":"","stick-header-meta":"","header-above-stick-meta":"","header-main-stick-meta":"","header-below-stick-meta":"","astra-migrate-meta-layouts":"default","ast-page-background-enabled":"default","ast-page-background-meta":{"desktop":{"background-color":"","background-image":"","background-repeat":"repeat","background-position":"center center","background-size":"auto","background-attachment":"scroll","background-type":"","background-media":"","overlay-type":"","overlay-color":"","overlay-opacity":"","overlay-gradient":""},"tablet":{"background-color":"","background-image":"","background-repeat":"repeat","background-position":"center center","background-size":"auto","background-attachment":"scroll","background-type":"","background-media":"","overlay-type":"","overlay-color":"","overlay-opacity":"","overlay-gradient":""},"mobile":{"background-color":"","background-image":"","background-repeat":"repeat","background-position":"center center","background-size":"auto","background-attachment":"scroll","background-type":"","background-media":"","overlay-type":"","overlay-color":"","overlay-opacity":"","overlay-gradient":""}},"ast-content-background-meta":{"desktop":{"background-color":"var(--ast-global-color-5)","background-image":"","background-repeat":"repeat","background-position":"center center","background-size":"auto","background-attachment":"scroll","background-type":"","background-media":"","overlay-type":"","overlay-color":"","overlay-opacity":"","overlay-gradient":""},"tablet":{"background-color":"var(--ast-global-color-5)","background-image":"","background-repeat":"repeat","background-position":"center center","background-size":"auto","background-attachment":"scroll","background-type":"","background-media":"","overlay-type":"","overlay-color":"","overlay-opacity":"","overlay-gradient":""},"mobile":{"background-color":"var(--ast-global-color-5)","background-image":"","background-repeat":"repeat","background-position":"center center","background-size":"auto","background-attachment":"scroll","background-type":"","background-media":"","overlay-type":"","overlay-color":"","overlay-opacity":"","overlay-gradient":""}}},"product_brand":[],"product_cat":[34225],"product_tag":[],"pa_brand_name":[25035],"class_list":{"0":"post-121191","1":"product","2":"type-product","3":"status-publish","4":"has-post-thumbnail","6":"product_cat-summer-tires-pv","7":"pa_brand_name-continental","8":"desktop-align-left","9":"tablet-align-left","10":"mobile-align-left","12":"first","13":"outofstock","14":"taxable","15":"shipping-taxable","16":"purchasable","17":"product-type-simple"},"_links":{"self":[{"href":"https:\/\/shop.rettum.ee\/en\/wp-json\/wp\/v2\/product\/121191","targetHints":{"allow":["GET"]}}],"collection":[{"href":"https:\/\/shop.rettum.ee\/en\/wp-json\/wp\/v2\/product"}],"about":[{"href":"https:\/\/shop.rettum.ee\/en\/wp-json\/wp\/v2\/types\/product"}],"version-history":[{"count":1,"href":"https:\/\/shop.rettum.ee\/en\/wp-json\/wp\/v2\/product\/121191\/revisions"}],"predecessor-version":[{"id":125402,"href":"https:\/\/shop.rettum.ee\/en\/wp-json\/wp\/v2\/product\/121191\/revisions\/125402"}],"wp:featuredmedia":[{"embeddable":true,"href":"https:\/\/shop.rettum.ee\/en\/wp-json\/wp\/v2\/media\/124225"}],"wp:attachment":[{"href":"https:\/\/shop.rettum.ee\/en\/wp-json\/wp\/v2\/media?parent=121191"}],"wp:term":[{"taxonomy":"product_brand","embeddable":true,"href":"https:\/\/shop.rettum.ee\/en\/wp-json\/wp\/v2\/product_brand?post=121191"},{"taxonomy":"product_cat","embeddable":true,"href":"https:\/\/shop.rettum.ee\/en\/wp-json\/wp\/v2\/product_cat?post=121191"},{"taxonomy":"product_tag","embeddable":true,"href":"https:\/\/shop.rettum.ee\/en\/wp-json\/wp\/v2\/product_tag?post=121191"},{"taxonomy":"pa_brand_name","embeddable":true,"href":"https:\/\/shop.rettum.ee\/en\/wp-json\/wp\/v2\/pa_brand_name?post=121191"}],"curies":[{"name":"wp","href":"https:\/\/api.w.org\/{rel}","templated":true}]}}