{"id":121192,"date":"2025-03-31T03:11:22","date_gmt":"2025-03-31T00:11:22","guid":{"rendered":"https:\/\/shop.rettum.ee\/toode\/285-40r20-continental-ecocontact-6q-108y-xl-fr-aba72\/"},"modified":"2026-03-22T03:07:32","modified_gmt":"2026-03-22T01:07:32","slug":"285-40r20-continental-ecocontact-6q-108y-xl-fr-aba72","status":"publish","type":"product","link":"https:\/\/shop.rettum.ee\/en\/product\/285-40r20-continental-ecocontact-6q-108y-xl-fr-aba72\/","title":{"rendered":"285\/40R20 CONTINENTAL ECOCONTACT 6Q 108Y XL (*) FR ABA72"},"content":{"rendered":"<p>Kontinental EcoContact 6Q 108Y XL (*) FR ABA72 rehv on loodud neile, kes hindavad tipptasemel ohutust, vastupidavust ja k\u00fctuses\u00e4\u00e4stlikkust. Rehvim\u00f5\u00f5tmed 285\/40R20 tagavad suurep\u00e4rase stabiilsuse ja kindla haardumise nii kiiretel maanteedel kui ka t\u00f5sistes kurvides. Erilise disaini ja optimeeritud sidepindade abil v\u00e4hendab see rehv rullimiskindlust, mis omakorda aitab v\u00e4hendada k\u00fctusekulu ning toetab keskkonnas\u00f5bralikku s\u00f5itu.<\/p>\n<p>XL-klass tagab suurema koormustaluvuse ja vastupidavuse keerukates s\u00f5idutingimustes, v\u00f5imaldades ohutut ja stabiilset s\u00f5itu ka raskesti koormatud s\u00f5idukitega. M\u00e4rgistus FR ABA72 t\u00f5endab rehvi sobivust erinevate ilmastikutingimuste ja s\u00f5idustiilide jaoks, pakkudes usaldusv\u00e4\u00e4rset pidamist nii kuival kui ka niiskel teedel.<\/p>\n<p>Kontinental EcoContact 6Q on ideaalne valik s\u00f5iduohutust ja \u00f6konoomsust v\u00e4\u00e4rtustavale autojuhile, kes otsib innovatsiooniga varustatud rehvi, mis tagab parima v\u00f5imaliku s\u00f5iduelamuse igas olukorras. Investeeri kvaliteeti ja turvalisusse \u2013 vali Continental EcoContact 6Q!<\/p>","protected":false},"excerpt":{"rendered":"<p>Kontinental EcoContact 6Q 108Y XL (*) FR ABA72 rehv on loodud neile, kes hindavad tipptasemel ohutust, vastupidavust ja k\u00fctuses\u00e4\u00e4stlikkust. Rehvim\u00f5\u00f5tmed 285\/40R20 tagavad suurep\u00e4rase stabiilsuse ja kindla haardumise nii kiiretel maanteedel kui ka t\u00f5sistes kurvides. Erilise disaini ja optimeeritud sidepindade abil v\u00e4hendab see rehv rullimiskindlust, mis omakorda aitab v\u00e4hendada k\u00fctusekulu ning toetab keskkonnas\u00f5bralikku s\u00f5itu. XL-klass tagab [&hellip;]<\/p>\n","protected":false},"featured_media":124225,"template":"","meta":{"site-sidebar-layout":"default","site-content-layout":"","ast-site-content-layout":"","site-content-style":"default","site-sidebar-style":"default","ast-global-header-display":"","ast-banner-title-visibility":"","ast-main-header-display":"","ast-hfb-above-header-display":"","ast-hfb-below-header-display":"","ast-hfb-mobile-header-display":"","site-post-title":"","ast-breadcrumbs-content":"","ast-featured-img":"","footer-sml-layout":"","theme-transparent-header-meta":"","adv-header-id-meta":"","stick-header-meta":"","header-above-stick-meta":"","header-main-stick-meta":"","header-below-stick-meta":"","astra-migrate-meta-layouts":"default","ast-page-background-enabled":"default","ast-page-background-meta":{"desktop":{"background-color":"","background-image":"","background-repeat":"repeat","background-position":"center center","background-size":"auto","background-attachment":"scroll","background-type":"","background-media":"","overlay-type":"","overlay-color":"","overlay-opacity":"","overlay-gradient":""},"tablet":{"background-color":"","background-image":"","background-repeat":"repeat","background-position":"center center","background-size":"auto","background-attachment":"scroll","background-type":"","background-media":"","overlay-type":"","overlay-color":"","overlay-opacity":"","overlay-gradient":""},"mobile":{"background-color":"","background-image":"","background-repeat":"repeat","background-position":"center center","background-size":"auto","background-attachment":"scroll","background-type":"","background-media":"","overlay-type":"","overlay-color":"","overlay-opacity":"","overlay-gradient":""}},"ast-content-background-meta":{"desktop":{"background-color":"var(--ast-global-color-5)","background-image":"","background-repeat":"repeat","background-position":"center center","background-size":"auto","background-attachment":"scroll","background-type":"","background-media":"","overlay-type":"","overlay-color":"","overlay-opacity":"","overlay-gradient":""},"tablet":{"background-color":"var(--ast-global-color-5)","background-image":"","background-repeat":"repeat","background-position":"center center","background-size":"auto","background-attachment":"scroll","background-type":"","background-media":"","overlay-type":"","overlay-color":"","overlay-opacity":"","overlay-gradient":""},"mobile":{"background-color":"var(--ast-global-color-5)","background-image":"","background-repeat":"repeat","background-position":"center center","background-size":"auto","background-attachment":"scroll","background-type":"","background-media":"","overlay-type":"","overlay-color":"","overlay-opacity":"","overlay-gradient":""}}},"product_brand":[],"product_cat":[34225],"product_tag":[],"pa_brand_name":[25035],"class_list":{"0":"post-121192","1":"product","2":"type-product","3":"status-publish","4":"has-post-thumbnail","6":"product_cat-summer-tires-pv","7":"pa_brand_name-continental","8":"desktop-align-left","9":"tablet-align-left","10":"mobile-align-left","12":"first","13":"outofstock","14":"taxable","15":"shipping-taxable","16":"purchasable","17":"product-type-simple"},"_links":{"self":[{"href":"https:\/\/shop.rettum.ee\/en\/wp-json\/wp\/v2\/product\/121192","targetHints":{"allow":["GET"]}}],"collection":[{"href":"https:\/\/shop.rettum.ee\/en\/wp-json\/wp\/v2\/product"}],"about":[{"href":"https:\/\/shop.rettum.ee\/en\/wp-json\/wp\/v2\/types\/product"}],"version-history":[{"count":1,"href":"https:\/\/shop.rettum.ee\/en\/wp-json\/wp\/v2\/product\/121192\/revisions"}],"predecessor-version":[{"id":125403,"href":"https:\/\/shop.rettum.ee\/en\/wp-json\/wp\/v2\/product\/121192\/revisions\/125403"}],"wp:featuredmedia":[{"embeddable":true,"href":"https:\/\/shop.rettum.ee\/en\/wp-json\/wp\/v2\/media\/124225"}],"wp:attachment":[{"href":"https:\/\/shop.rettum.ee\/en\/wp-json\/wp\/v2\/media?parent=121192"}],"wp:term":[{"taxonomy":"product_brand","embeddable":true,"href":"https:\/\/shop.rettum.ee\/en\/wp-json\/wp\/v2\/product_brand?post=121192"},{"taxonomy":"product_cat","embeddable":true,"href":"https:\/\/shop.rettum.ee\/en\/wp-json\/wp\/v2\/product_cat?post=121192"},{"taxonomy":"product_tag","embeddable":true,"href":"https:\/\/shop.rettum.ee\/en\/wp-json\/wp\/v2\/product_tag?post=121192"},{"taxonomy":"pa_brand_name","embeddable":true,"href":"https:\/\/shop.rettum.ee\/en\/wp-json\/wp\/v2\/pa_brand_name?post=121192"}],"curies":[{"name":"wp","href":"https:\/\/api.w.org\/{rel}","templated":true}]}}