{"id":121193,"date":"2025-03-31T03:11:23","date_gmt":"2025-03-31T00:11:23","guid":{"rendered":"https:\/\/shop.rettum.ee\/toode\/235-45r21-continental-ecocontact-6q-101h-xl-fr-abb72\/"},"modified":"2026-03-22T03:07:32","modified_gmt":"2026-03-22T01:07:32","slug":"235-45r21-continental-ecocontact-6q-101h-xl-fr-abb72","status":"publish","type":"product","link":"https:\/\/shop.rettum.ee\/en\/product\/235-45r21-continental-ecocontact-6q-101h-xl-fr-abb72\/","title":{"rendered":"235\/45R21 CONTINENTAL ECOCONTACT 6Q 101H XL FR ABB72"},"content":{"rendered":"<p>235\/45R21 CONTINENTAL ECOCONTACT 6Q 101H XL FR ABB72 rehvid on loodud n\u00f5udliku s\u00f5idukiomandi jaoks, pakkudes silmapaistvat ohutust, stiilsust ja keskkonnas\u00f5bralikkust. T\u00e4nu innovaatilisele disainile on need rehvid optimeeritud madala veeretakistusega s\u00f5iduks, mis aitab kaasa k\u00fctuse s\u00e4\u00e4stmisele ja v\u00e4hendab CO\u2082 heitkoguseid. Rehvi m\u00f5\u00f5tmed (235 mm laius, 45% k\u00fclgseina k\u00f5rgus ja 21-tolline velg) tagavad suurep\u00e4rase kontakti teega, pakkudes optimaalse haarduvuse ning stabiilsuse ka karmimates teeoludes.<\/p>\n<p>Load indeks 101 koos kiirusklassiga H n\u00e4itab, et rehvid on v\u00f5imelised kandma suuremat koormust ja saavutama kuni 210 km\/h, pakkudes usaldusv\u00e4\u00e4rset ja kindlat s\u00f5idukogemust. XL m\u00e4rgistus viitab ekstra koormustaluvusele, sobides suurematele s\u00f5idukitele ja eritingimustega kasutamiseks. ABB72 kood kinnitab Continental\u2019i k\u00f5rge kvaliteedistandardeid, mis on taganud pikkajalise ja turvalise kasutamise.<\/p>\n<p>Continental ECOCONTACT 6Q rehvid on ideaalne valik autojuhtidele, kes otsivad t\u00e4iesti tasakaalustatud kombinatsiooni efektiivsusest, turvalisusest ja j\u00e4tkusuutlikkusest.<\/p>","protected":false},"excerpt":{"rendered":"<p>235\/45R21 CONTINENTAL ECOCONTACT 6Q 101H XL FR ABB72 rehvid on loodud n\u00f5udliku s\u00f5idukiomandi jaoks, pakkudes silmapaistvat ohutust, stiilsust ja keskkonnas\u00f5bralikkust. T\u00e4nu innovaatilisele disainile on need rehvid optimeeritud madala veeretakistusega s\u00f5iduks, mis aitab kaasa k\u00fctuse s\u00e4\u00e4stmisele ja v\u00e4hendab CO\u2082 heitkoguseid. Rehvi m\u00f5\u00f5tmed (235 mm laius, 45% k\u00fclgseina k\u00f5rgus ja 21-tolline velg) tagavad suurep\u00e4rase kontakti teega, pakkudes [&hellip;]<\/p>\n","protected":false},"featured_media":124225,"template":"","meta":{"site-sidebar-layout":"default","site-content-layout":"","ast-site-content-layout":"","site-content-style":"default","site-sidebar-style":"default","ast-global-header-display":"","ast-banner-title-visibility":"","ast-main-header-display":"","ast-hfb-above-header-display":"","ast-hfb-below-header-display":"","ast-hfb-mobile-header-display":"","site-post-title":"","ast-breadcrumbs-content":"","ast-featured-img":"","footer-sml-layout":"","theme-transparent-header-meta":"","adv-header-id-meta":"","stick-header-meta":"","header-above-stick-meta":"","header-main-stick-meta":"","header-below-stick-meta":"","astra-migrate-meta-layouts":"default","ast-page-background-enabled":"default","ast-page-background-meta":{"desktop":{"background-color":"","background-image":"","background-repeat":"repeat","background-position":"center center","background-size":"auto","background-attachment":"scroll","background-type":"","background-media":"","overlay-type":"","overlay-color":"","overlay-opacity":"","overlay-gradient":""},"tablet":{"background-color":"","background-image":"","background-repeat":"repeat","background-position":"center center","background-size":"auto","background-attachment":"scroll","background-type":"","background-media":"","overlay-type":"","overlay-color":"","overlay-opacity":"","overlay-gradient":""},"mobile":{"background-color":"","background-image":"","background-repeat":"repeat","background-position":"center center","background-size":"auto","background-attachment":"scroll","background-type":"","background-media":"","overlay-type":"","overlay-color":"","overlay-opacity":"","overlay-gradient":""}},"ast-content-background-meta":{"desktop":{"background-color":"var(--ast-global-color-5)","background-image":"","background-repeat":"repeat","background-position":"center center","background-size":"auto","background-attachment":"scroll","background-type":"","background-media":"","overlay-type":"","overlay-color":"","overlay-opacity":"","overlay-gradient":""},"tablet":{"background-color":"var(--ast-global-color-5)","background-image":"","background-repeat":"repeat","background-position":"center center","background-size":"auto","background-attachment":"scroll","background-type":"","background-media":"","overlay-type":"","overlay-color":"","overlay-opacity":"","overlay-gradient":""},"mobile":{"background-color":"var(--ast-global-color-5)","background-image":"","background-repeat":"repeat","background-position":"center center","background-size":"auto","background-attachment":"scroll","background-type":"","background-media":"","overlay-type":"","overlay-color":"","overlay-opacity":"","overlay-gradient":""}}},"product_brand":[],"product_cat":[34225],"product_tag":[],"pa_brand_name":[25035],"class_list":{"0":"post-121193","1":"product","2":"type-product","3":"status-publish","4":"has-post-thumbnail","6":"product_cat-summer-tires-pv","7":"pa_brand_name-continental","8":"desktop-align-left","9":"tablet-align-left","10":"mobile-align-left","12":"first","13":"outofstock","14":"taxable","15":"shipping-taxable","16":"purchasable","17":"product-type-simple"},"_links":{"self":[{"href":"https:\/\/shop.rettum.ee\/en\/wp-json\/wp\/v2\/product\/121193","targetHints":{"allow":["GET"]}}],"collection":[{"href":"https:\/\/shop.rettum.ee\/en\/wp-json\/wp\/v2\/product"}],"about":[{"href":"https:\/\/shop.rettum.ee\/en\/wp-json\/wp\/v2\/types\/product"}],"version-history":[{"count":1,"href":"https:\/\/shop.rettum.ee\/en\/wp-json\/wp\/v2\/product\/121193\/revisions"}],"predecessor-version":[{"id":125401,"href":"https:\/\/shop.rettum.ee\/en\/wp-json\/wp\/v2\/product\/121193\/revisions\/125401"}],"wp:featuredmedia":[{"embeddable":true,"href":"https:\/\/shop.rettum.ee\/en\/wp-json\/wp\/v2\/media\/124225"}],"wp:attachment":[{"href":"https:\/\/shop.rettum.ee\/en\/wp-json\/wp\/v2\/media?parent=121193"}],"wp:term":[{"taxonomy":"product_brand","embeddable":true,"href":"https:\/\/shop.rettum.ee\/en\/wp-json\/wp\/v2\/product_brand?post=121193"},{"taxonomy":"product_cat","embeddable":true,"href":"https:\/\/shop.rettum.ee\/en\/wp-json\/wp\/v2\/product_cat?post=121193"},{"taxonomy":"product_tag","embeddable":true,"href":"https:\/\/shop.rettum.ee\/en\/wp-json\/wp\/v2\/product_tag?post=121193"},{"taxonomy":"pa_brand_name","embeddable":true,"href":"https:\/\/shop.rettum.ee\/en\/wp-json\/wp\/v2\/pa_brand_name?post=121193"}],"curies":[{"name":"wp","href":"https:\/\/api.w.org\/{rel}","templated":true}]}}