{"id":121195,"date":"2025-03-31T03:11:25","date_gmt":"2025-03-31T00:11:25","guid":{"rendered":"https:\/\/shop.rettum.ee\/toode\/255-40r21-continental-ecocontact-6q-102h-xl-fr-abb73\/"},"modified":"2026-03-22T03:07:32","modified_gmt":"2026-03-22T01:07:32","slug":"255-40r21-continental-ecocontact-6q-102h-xl-fr-abb73","status":"publish","type":"product","link":"https:\/\/shop.rettum.ee\/en\/product\/255-40r21-continental-ecocontact-6q-102h-xl-fr-abb73\/","title":{"rendered":"255\/40R21 CONTINENTAL ECOCONTACT 6Q 102H XL FR ABB73"},"content":{"rendered":"<p>255\/40R21 Continental EcoContact 6Q 102H XL FR ABB73 on innovatiivne rehviv\u00f5imalus k\u00f5rgetasemelisele s\u00f5iduomadusele ja keskkonnas\u00f5bralikkusele. See tipptasemel Continental rehv pakub suurep\u00e4rast k\u00e4igukindlust nii m\u00e4rgal kui kuivadel teedel, tagades kindla haarde ja l\u00fchikese pidurdusteekonna. XL-t\u00fc\u00fcp lisab rehvile t\u00e4iendava koormustaluvuse, muutes selle ideaalseks valikuks sportlikele sedaanidele ja suure j\u00f5udlusega s\u00f5idukitele.<\/p>\n<p>Rehvi t\u00e4pne disain ja madal veeretakistus v\u00e4hendavad k\u00fctusekulu ning CO\u2082 heitmeid, andes s\u00f5idule lisaks j\u00f5udlusele ka majandlikkust ja keskkonnas\u00f5bralikkust. Continental on tuntud oma kvaliteedi ja uuenduslike tehnoloogiate poolest, mis kombineerituna EcoContact 6Q tehnoloogiaga tagab optimaalse s\u00f5iduomaduse ja pikema rehvi eluea.<\/p>\n<p>Kui otsid kombinatsiooni tipptasemel turvalisusest, \u00f6konoomsusest ja sportlikust vastupidavusest, on Continental EcoContact 6Q \u00f5ige valik \u2013 ideaalne partner reklaamima teekonna sujuvust ja stiili.<\/p>","protected":false},"excerpt":{"rendered":"<p>255\/40R21 Continental EcoContact 6Q 102H XL FR ABB73 on innovatiivne rehviv\u00f5imalus k\u00f5rgetasemelisele s\u00f5iduomadusele ja keskkonnas\u00f5bralikkusele. See tipptasemel Continental rehv pakub suurep\u00e4rast k\u00e4igukindlust nii m\u00e4rgal kui kuivadel teedel, tagades kindla haarde ja l\u00fchikese pidurdusteekonna. XL-t\u00fc\u00fcp lisab rehvile t\u00e4iendava koormustaluvuse, muutes selle ideaalseks valikuks sportlikele sedaanidele ja suure j\u00f5udlusega s\u00f5idukitele. Rehvi t\u00e4pne disain ja madal veeretakistus v\u00e4hendavad [&hellip;]<\/p>\n","protected":false},"featured_media":124225,"template":"","meta":{"site-sidebar-layout":"default","site-content-layout":"","ast-site-content-layout":"","site-content-style":"default","site-sidebar-style":"default","ast-global-header-display":"","ast-banner-title-visibility":"","ast-main-header-display":"","ast-hfb-above-header-display":"","ast-hfb-below-header-display":"","ast-hfb-mobile-header-display":"","site-post-title":"","ast-breadcrumbs-content":"","ast-featured-img":"","footer-sml-layout":"","theme-transparent-header-meta":"","adv-header-id-meta":"","stick-header-meta":"","header-above-stick-meta":"","header-main-stick-meta":"","header-below-stick-meta":"","astra-migrate-meta-layouts":"default","ast-page-background-enabled":"default","ast-page-background-meta":{"desktop":{"background-color":"","background-image":"","background-repeat":"repeat","background-position":"center center","background-size":"auto","background-attachment":"scroll","background-type":"","background-media":"","overlay-type":"","overlay-color":"","overlay-opacity":"","overlay-gradient":""},"tablet":{"background-color":"","background-image":"","background-repeat":"repeat","background-position":"center center","background-size":"auto","background-attachment":"scroll","background-type":"","background-media":"","overlay-type":"","overlay-color":"","overlay-opacity":"","overlay-gradient":""},"mobile":{"background-color":"","background-image":"","background-repeat":"repeat","background-position":"center center","background-size":"auto","background-attachment":"scroll","background-type":"","background-media":"","overlay-type":"","overlay-color":"","overlay-opacity":"","overlay-gradient":""}},"ast-content-background-meta":{"desktop":{"background-color":"var(--ast-global-color-5)","background-image":"","background-repeat":"repeat","background-position":"center center","background-size":"auto","background-attachment":"scroll","background-type":"","background-media":"","overlay-type":"","overlay-color":"","overlay-opacity":"","overlay-gradient":""},"tablet":{"background-color":"var(--ast-global-color-5)","background-image":"","background-repeat":"repeat","background-position":"center center","background-size":"auto","background-attachment":"scroll","background-type":"","background-media":"","overlay-type":"","overlay-color":"","overlay-opacity":"","overlay-gradient":""},"mobile":{"background-color":"var(--ast-global-color-5)","background-image":"","background-repeat":"repeat","background-position":"center center","background-size":"auto","background-attachment":"scroll","background-type":"","background-media":"","overlay-type":"","overlay-color":"","overlay-opacity":"","overlay-gradient":""}}},"product_brand":[],"product_cat":[34225],"product_tag":[],"pa_brand_name":[25035],"class_list":{"0":"post-121195","1":"product","2":"type-product","3":"status-publish","4":"has-post-thumbnail","6":"product_cat-summer-tires-pv","7":"pa_brand_name-continental","8":"desktop-align-left","9":"tablet-align-left","10":"mobile-align-left","12":"first","13":"outofstock","14":"taxable","15":"shipping-taxable","16":"purchasable","17":"product-type-simple"},"_links":{"self":[{"href":"https:\/\/shop.rettum.ee\/en\/wp-json\/wp\/v2\/product\/121195","targetHints":{"allow":["GET"]}}],"collection":[{"href":"https:\/\/shop.rettum.ee\/en\/wp-json\/wp\/v2\/product"}],"about":[{"href":"https:\/\/shop.rettum.ee\/en\/wp-json\/wp\/v2\/types\/product"}],"version-history":[{"count":1,"href":"https:\/\/shop.rettum.ee\/en\/wp-json\/wp\/v2\/product\/121195\/revisions"}],"predecessor-version":[{"id":125399,"href":"https:\/\/shop.rettum.ee\/en\/wp-json\/wp\/v2\/product\/121195\/revisions\/125399"}],"wp:featuredmedia":[{"embeddable":true,"href":"https:\/\/shop.rettum.ee\/en\/wp-json\/wp\/v2\/media\/124225"}],"wp:attachment":[{"href":"https:\/\/shop.rettum.ee\/en\/wp-json\/wp\/v2\/media?parent=121195"}],"wp:term":[{"taxonomy":"product_brand","embeddable":true,"href":"https:\/\/shop.rettum.ee\/en\/wp-json\/wp\/v2\/product_brand?post=121195"},{"taxonomy":"product_cat","embeddable":true,"href":"https:\/\/shop.rettum.ee\/en\/wp-json\/wp\/v2\/product_cat?post=121195"},{"taxonomy":"product_tag","embeddable":true,"href":"https:\/\/shop.rettum.ee\/en\/wp-json\/wp\/v2\/product_tag?post=121195"},{"taxonomy":"pa_brand_name","embeddable":true,"href":"https:\/\/shop.rettum.ee\/en\/wp-json\/wp\/v2\/pa_brand_name?post=121195"}],"curies":[{"name":"wp","href":"https:\/\/api.w.org\/{rel}","templated":true}]}}