{"id":121196,"date":"2025-03-31T03:11:26","date_gmt":"2025-03-31T00:11:26","guid":{"rendered":"https:\/\/shop.rettum.ee\/toode\/255-40r21-continental-ecocontact-6q-102t-xl-seal-inside-fr-aab73\/"},"modified":"2026-03-22T03:07:33","modified_gmt":"2026-03-22T01:07:33","slug":"255-40r21-continental-ecocontact-6q-102t-xl-seal-inside-fr-aab73","status":"publish","type":"product","link":"https:\/\/shop.rettum.ee\/en\/product\/255-40r21-continental-ecocontact-6q-102t-xl-seal-inside-fr-aab73\/","title":{"rendered":"255\/40R21 CONTINENTAL ECOCONTACT 6Q 102T XL (+) Seal Inside FR AAB73"},"content":{"rendered":"<p>Continental ECOCONTACT 6Q 255\/40R21 on tipptasemel rehvikompleks, mis on loodud pakkuma erakordset s\u00f5idukogemust ka k\u00f5ige n\u00f5udlikumates tingimustes. See XL klassi rehv \u00fchendab k\u00f5rgema koormustalituse ja kestvuse, tagades ohutu ja usaldusv\u00e4\u00e4rse s\u00f5idu igal teekorral.<\/p>\n<p>Rehvi disain on optimeeritud tagama suurep\u00e4rase veoj\u00f5u nii kuivadel kui m\u00e4rgadel teedel. Seal Inside FR tehnoloogia aitab ennetada v\u00e4ikeste \u00f5nnetuslike l\u00e4bitungide teket, s\u00e4ilitades rehvistiku terviklikkuse ja mugavuse ootamatute vigastuste korral. 102T s\u00fcmboliseerib rehvile antud v\u00f5imekust ning ohutut s\u00f5idukiiruspiirangut, pakkudes seel\u00e4bi t\u00e4iendavat turvatunnet igal s\u00f5idul.<\/p>\n<p>Kombineerides kaasaegse disaini ja innovaatilised tehnoloogiad, on Continental ECOCONTACT 6Q ideaalne valik neile, kes hindavad k\u00fctuses\u00e4\u00e4stlikkust, \u00f6konoomsust ja vastupidavust. Valides selle rehvi, paned oma s\u00f5idu ohutusse ja efektiivsusse parima v\u00f5imaliku aluse, mis tagab kindla haardumise ja stabiilsuse igal teel.<\/p>","protected":false},"excerpt":{"rendered":"<p>Continental ECOCONTACT 6Q 255\/40R21 on tipptasemel rehvikompleks, mis on loodud pakkuma erakordset s\u00f5idukogemust ka k\u00f5ige n\u00f5udlikumates tingimustes. See XL klassi rehv \u00fchendab k\u00f5rgema koormustalituse ja kestvuse, tagades ohutu ja usaldusv\u00e4\u00e4rse s\u00f5idu igal teekorral. Rehvi disain on optimeeritud tagama suurep\u00e4rase veoj\u00f5u nii kuivadel kui m\u00e4rgadel teedel. Seal Inside FR tehnoloogia aitab ennetada v\u00e4ikeste \u00f5nnetuslike l\u00e4bitungide teket, [&hellip;]<\/p>\n","protected":false},"featured_media":124225,"template":"","meta":{"site-sidebar-layout":"default","site-content-layout":"","ast-site-content-layout":"","site-content-style":"default","site-sidebar-style":"default","ast-global-header-display":"","ast-banner-title-visibility":"","ast-main-header-display":"","ast-hfb-above-header-display":"","ast-hfb-below-header-display":"","ast-hfb-mobile-header-display":"","site-post-title":"","ast-breadcrumbs-content":"","ast-featured-img":"","footer-sml-layout":"","theme-transparent-header-meta":"","adv-header-id-meta":"","stick-header-meta":"","header-above-stick-meta":"","header-main-stick-meta":"","header-below-stick-meta":"","astra-migrate-meta-layouts":"default","ast-page-background-enabled":"default","ast-page-background-meta":{"desktop":{"background-color":"","background-image":"","background-repeat":"repeat","background-position":"center center","background-size":"auto","background-attachment":"scroll","background-type":"","background-media":"","overlay-type":"","overlay-color":"","overlay-opacity":"","overlay-gradient":""},"tablet":{"background-color":"","background-image":"","background-repeat":"repeat","background-position":"center center","background-size":"auto","background-attachment":"scroll","background-type":"","background-media":"","overlay-type":"","overlay-color":"","overlay-opacity":"","overlay-gradient":""},"mobile":{"background-color":"","background-image":"","background-repeat":"repeat","background-position":"center center","background-size":"auto","background-attachment":"scroll","background-type":"","background-media":"","overlay-type":"","overlay-color":"","overlay-opacity":"","overlay-gradient":""}},"ast-content-background-meta":{"desktop":{"background-color":"var(--ast-global-color-5)","background-image":"","background-repeat":"repeat","background-position":"center center","background-size":"auto","background-attachment":"scroll","background-type":"","background-media":"","overlay-type":"","overlay-color":"","overlay-opacity":"","overlay-gradient":""},"tablet":{"background-color":"var(--ast-global-color-5)","background-image":"","background-repeat":"repeat","background-position":"center center","background-size":"auto","background-attachment":"scroll","background-type":"","background-media":"","overlay-type":"","overlay-color":"","overlay-opacity":"","overlay-gradient":""},"mobile":{"background-color":"var(--ast-global-color-5)","background-image":"","background-repeat":"repeat","background-position":"center center","background-size":"auto","background-attachment":"scroll","background-type":"","background-media":"","overlay-type":"","overlay-color":"","overlay-opacity":"","overlay-gradient":""}}},"product_brand":[],"product_cat":[34225],"product_tag":[],"pa_brand_name":[25035],"class_list":{"0":"post-121196","1":"product","2":"type-product","3":"status-publish","4":"has-post-thumbnail","6":"product_cat-summer-tires-pv","7":"pa_brand_name-continental","8":"desktop-align-left","9":"tablet-align-left","10":"mobile-align-left","12":"first","13":"outofstock","14":"taxable","15":"shipping-taxable","16":"purchasable","17":"product-type-simple"},"_links":{"self":[{"href":"https:\/\/shop.rettum.ee\/en\/wp-json\/wp\/v2\/product\/121196","targetHints":{"allow":["GET"]}}],"collection":[{"href":"https:\/\/shop.rettum.ee\/en\/wp-json\/wp\/v2\/product"}],"about":[{"href":"https:\/\/shop.rettum.ee\/en\/wp-json\/wp\/v2\/types\/product"}],"version-history":[{"count":1,"href":"https:\/\/shop.rettum.ee\/en\/wp-json\/wp\/v2\/product\/121196\/revisions"}],"predecessor-version":[{"id":125397,"href":"https:\/\/shop.rettum.ee\/en\/wp-json\/wp\/v2\/product\/121196\/revisions\/125397"}],"wp:featuredmedia":[{"embeddable":true,"href":"https:\/\/shop.rettum.ee\/en\/wp-json\/wp\/v2\/media\/124225"}],"wp:attachment":[{"href":"https:\/\/shop.rettum.ee\/en\/wp-json\/wp\/v2\/media?parent=121196"}],"wp:term":[{"taxonomy":"product_brand","embeddable":true,"href":"https:\/\/shop.rettum.ee\/en\/wp-json\/wp\/v2\/product_brand?post=121196"},{"taxonomy":"product_cat","embeddable":true,"href":"https:\/\/shop.rettum.ee\/en\/wp-json\/wp\/v2\/product_cat?post=121196"},{"taxonomy":"product_tag","embeddable":true,"href":"https:\/\/shop.rettum.ee\/en\/wp-json\/wp\/v2\/product_tag?post=121196"},{"taxonomy":"pa_brand_name","embeddable":true,"href":"https:\/\/shop.rettum.ee\/en\/wp-json\/wp\/v2\/pa_brand_name?post=121196"}],"curies":[{"name":"wp","href":"https:\/\/api.w.org\/{rel}","templated":true}]}}