{"id":121197,"date":"2025-03-31T03:11:26","date_gmt":"2025-03-31T00:11:26","guid":{"rendered":"https:\/\/shop.rettum.ee\/toode\/255-40r21-continental-ecocontact-6q-102y-xl-fr-abb72\/"},"modified":"2026-03-22T03:07:33","modified_gmt":"2026-03-22T01:07:33","slug":"255-40r21-continental-ecocontact-6q-102y-xl-fr-abb72","status":"publish","type":"product","link":"https:\/\/shop.rettum.ee\/en\/product\/255-40r21-continental-ecocontact-6q-102y-xl-fr-abb72\/","title":{"rendered":"255\/40R21 CONTINENTAL ECOCONTACT 6Q 102Y XL (*) FR ABB72"},"content":{"rendered":"<p>Continental ECOCONTACT 6Q 255\/40R21 on tipptasemel rehvimudel, mis tagab suurep\u00e4rase s\u00f5idumugavuse ja turvalisuse ka k\u00f5ige n\u00f5udlikumal teel. Selle disain toetub uuenduslikule rohelisele tehnoloogiale, mille tulemusel on rehv optimeeritud madala veeretakistuse ja suurep\u00e4rase k\u00fctuses\u00e4\u00e4stlikkuse saavutamiseks. XL-versioon, mille koormusn\u00e4itaja on 102 ja kiirusklass Y, lubab rehvile suuremat koormust ning tagab stabiilsuse ka kiires s\u00f5idus.<\/p>\n<p>Continental ECOCONTACT 6Q on loodud pakkuma t\u00e4iuslikku tasakaalu nii kuivade kui ka m\u00e4rgade teeolude korral, kindlustades suurep\u00e4rase pidamise ja l\u00fchikese pidurdusmaatriksi. T\u00e4nu oma k\u00f5rgetele tehnoloogilistele normidele ning kvaliteetsetele materjalidele sobib see rehv ideaalselt nii sportlikuks kui ka igap\u00e4evaseks s\u00f5iduks. <\/p>\n<p>Valides Continental ECOCONTACT 6Q, investeerid Sa oma s\u00f5iduohutusse, k\u00fctuses\u00e4\u00e4stlikkusse ja keskkonnas\u00f5bralikkusse \u2013 k\u00f5ik \u00fches t\u00e4iuslikus v\u00f5i asendas ja uuendab inspiratsiooni esmaklassilisele s\u00f5idukogemusele.<\/p>","protected":false},"excerpt":{"rendered":"<p>Continental ECOCONTACT 6Q 255\/40R21 on tipptasemel rehvimudel, mis tagab suurep\u00e4rase s\u00f5idumugavuse ja turvalisuse ka k\u00f5ige n\u00f5udlikumal teel. Selle disain toetub uuenduslikule rohelisele tehnoloogiale, mille tulemusel on rehv optimeeritud madala veeretakistuse ja suurep\u00e4rase k\u00fctuses\u00e4\u00e4stlikkuse saavutamiseks. XL-versioon, mille koormusn\u00e4itaja on 102 ja kiirusklass Y, lubab rehvile suuremat koormust ning tagab stabiilsuse ka kiires s\u00f5idus. Continental ECOCONTACT 6Q [&hellip;]<\/p>\n","protected":false},"featured_media":124225,"template":"","meta":{"site-sidebar-layout":"default","site-content-layout":"","ast-site-content-layout":"","site-content-style":"default","site-sidebar-style":"default","ast-global-header-display":"","ast-banner-title-visibility":"","ast-main-header-display":"","ast-hfb-above-header-display":"","ast-hfb-below-header-display":"","ast-hfb-mobile-header-display":"","site-post-title":"","ast-breadcrumbs-content":"","ast-featured-img":"","footer-sml-layout":"","theme-transparent-header-meta":"","adv-header-id-meta":"","stick-header-meta":"","header-above-stick-meta":"","header-main-stick-meta":"","header-below-stick-meta":"","astra-migrate-meta-layouts":"default","ast-page-background-enabled":"default","ast-page-background-meta":{"desktop":{"background-color":"","background-image":"","background-repeat":"repeat","background-position":"center center","background-size":"auto","background-attachment":"scroll","background-type":"","background-media":"","overlay-type":"","overlay-color":"","overlay-opacity":"","overlay-gradient":""},"tablet":{"background-color":"","background-image":"","background-repeat":"repeat","background-position":"center center","background-size":"auto","background-attachment":"scroll","background-type":"","background-media":"","overlay-type":"","overlay-color":"","overlay-opacity":"","overlay-gradient":""},"mobile":{"background-color":"","background-image":"","background-repeat":"repeat","background-position":"center center","background-size":"auto","background-attachment":"scroll","background-type":"","background-media":"","overlay-type":"","overlay-color":"","overlay-opacity":"","overlay-gradient":""}},"ast-content-background-meta":{"desktop":{"background-color":"var(--ast-global-color-5)","background-image":"","background-repeat":"repeat","background-position":"center center","background-size":"auto","background-attachment":"scroll","background-type":"","background-media":"","overlay-type":"","overlay-color":"","overlay-opacity":"","overlay-gradient":""},"tablet":{"background-color":"var(--ast-global-color-5)","background-image":"","background-repeat":"repeat","background-position":"center center","background-size":"auto","background-attachment":"scroll","background-type":"","background-media":"","overlay-type":"","overlay-color":"","overlay-opacity":"","overlay-gradient":""},"mobile":{"background-color":"var(--ast-global-color-5)","background-image":"","background-repeat":"repeat","background-position":"center center","background-size":"auto","background-attachment":"scroll","background-type":"","background-media":"","overlay-type":"","overlay-color":"","overlay-opacity":"","overlay-gradient":""}}},"product_brand":[],"product_cat":[34225],"product_tag":[],"pa_brand_name":[25035],"class_list":{"0":"post-121197","1":"product","2":"type-product","3":"status-publish","4":"has-post-thumbnail","6":"product_cat-summer-tires-pv","7":"pa_brand_name-continental","8":"desktop-align-left","9":"tablet-align-left","10":"mobile-align-left","12":"first","13":"outofstock","14":"taxable","15":"shipping-taxable","16":"purchasable","17":"product-type-simple"},"_links":{"self":[{"href":"https:\/\/shop.rettum.ee\/en\/wp-json\/wp\/v2\/product\/121197","targetHints":{"allow":["GET"]}}],"collection":[{"href":"https:\/\/shop.rettum.ee\/en\/wp-json\/wp\/v2\/product"}],"about":[{"href":"https:\/\/shop.rettum.ee\/en\/wp-json\/wp\/v2\/types\/product"}],"version-history":[{"count":1,"href":"https:\/\/shop.rettum.ee\/en\/wp-json\/wp\/v2\/product\/121197\/revisions"}],"predecessor-version":[{"id":125398,"href":"https:\/\/shop.rettum.ee\/en\/wp-json\/wp\/v2\/product\/121197\/revisions\/125398"}],"wp:featuredmedia":[{"embeddable":true,"href":"https:\/\/shop.rettum.ee\/en\/wp-json\/wp\/v2\/media\/124225"}],"wp:attachment":[{"href":"https:\/\/shop.rettum.ee\/en\/wp-json\/wp\/v2\/media?parent=121197"}],"wp:term":[{"taxonomy":"product_brand","embeddable":true,"href":"https:\/\/shop.rettum.ee\/en\/wp-json\/wp\/v2\/product_brand?post=121197"},{"taxonomy":"product_cat","embeddable":true,"href":"https:\/\/shop.rettum.ee\/en\/wp-json\/wp\/v2\/product_cat?post=121197"},{"taxonomy":"product_tag","embeddable":true,"href":"https:\/\/shop.rettum.ee\/en\/wp-json\/wp\/v2\/product_tag?post=121197"},{"taxonomy":"pa_brand_name","embeddable":true,"href":"https:\/\/shop.rettum.ee\/en\/wp-json\/wp\/v2\/pa_brand_name?post=121197"}],"curies":[{"name":"wp","href":"https:\/\/api.w.org\/{rel}","templated":true}]}}