{"id":121198,"date":"2025-03-31T03:11:27","date_gmt":"2025-03-31T00:11:27","guid":{"rendered":"https:\/\/shop.rettum.ee\/toode\/285-35r21-continental-ecocontact-6q-105y-xl-fr-aba72\/"},"modified":"2026-03-22T03:07:33","modified_gmt":"2026-03-22T01:07:33","slug":"285-35r21-continental-ecocontact-6q-105y-xl-fr-aba72","status":"publish","type":"product","link":"https:\/\/shop.rettum.ee\/en\/product\/285-35r21-continental-ecocontact-6q-105y-xl-fr-aba72\/","title":{"rendered":"285\/35R21 CONTINENTAL ECOCONTACT 6Q 105Y XL (*) FR ABA72"},"content":{"rendered":"<p>Avasta Continental ECOCONTACT 6Q rehvid, mis on loodud k\u00f5rgtehnoloogilise innovatsiooni ja keskkonnas\u00f5bralikkuse esirinnasolejana. M\u00f5\u00f5tmetega 285\/35R21 ning koormusindeksiga 105Y XL tagavad need rehvid maksimaalse kontaktala ja suurep\u00e4rase veoj\u00f5u nii kuivadel kui m\u00e4rgadel teedel. T\u00e4pne k\u00fcljeprofiil ja optimeeritud mustrid v\u00f5imaldavad \u00fchtlast veoj\u00f5udlust ning tipptasemel pidamist ka n\u00f5udlikes s\u00f5idutingimustes.<\/p>\n<p>Continental ECOCONTACT 6Q on varustatud kaasaegsete m\u00e4rgoolijate tehnoloogiatega, mille tulemusel on rehvil madalam veeretakistus ja suurem k\u00fctuses\u00e4\u00e4st \u2013 ideaalne valik neile, kes soovivad \u00fchtlustada j\u00f5udlust ja s\u00e4\u00e4stlikkust. XL versioon lisab rehvile t\u00e4iendava tugevuse, tagades turvalisuse ja usaldusv\u00e4\u00e4rsuse ka k\u00f5ige n\u00f5udlikumates s\u00f5idusituatsioonides.<\/p>\n<p>Vastates FR ABA72 standarditele, on need Continental rehvid p\u00fchendatud ohutusele ja j\u00f5udlusele, pakkudes s\u00f5idukile stabiilsust ja optimaalseid s\u00f5idutingimusi igas olukorras. Tee kindlalt tulevikku valides Continental ECOCONTACT 6Q!<\/p>","protected":false},"excerpt":{"rendered":"<p>Avasta Continental ECOCONTACT 6Q rehvid, mis on loodud k\u00f5rgtehnoloogilise innovatsiooni ja keskkonnas\u00f5bralikkuse esirinnasolejana. M\u00f5\u00f5tmetega 285\/35R21 ning koormusindeksiga 105Y XL tagavad need rehvid maksimaalse kontaktala ja suurep\u00e4rase veoj\u00f5u nii kuivadel kui m\u00e4rgadel teedel. T\u00e4pne k\u00fcljeprofiil ja optimeeritud mustrid v\u00f5imaldavad \u00fchtlast veoj\u00f5udlust ning tipptasemel pidamist ka n\u00f5udlikes s\u00f5idutingimustes. Continental ECOCONTACT 6Q on varustatud kaasaegsete m\u00e4rgoolijate tehnoloogiatega, mille [&hellip;]<\/p>\n","protected":false},"featured_media":124225,"template":"","meta":{"site-sidebar-layout":"default","site-content-layout":"","ast-site-content-layout":"","site-content-style":"default","site-sidebar-style":"default","ast-global-header-display":"","ast-banner-title-visibility":"","ast-main-header-display":"","ast-hfb-above-header-display":"","ast-hfb-below-header-display":"","ast-hfb-mobile-header-display":"","site-post-title":"","ast-breadcrumbs-content":"","ast-featured-img":"","footer-sml-layout":"","theme-transparent-header-meta":"","adv-header-id-meta":"","stick-header-meta":"","header-above-stick-meta":"","header-main-stick-meta":"","header-below-stick-meta":"","astra-migrate-meta-layouts":"default","ast-page-background-enabled":"default","ast-page-background-meta":{"desktop":{"background-color":"","background-image":"","background-repeat":"repeat","background-position":"center center","background-size":"auto","background-attachment":"scroll","background-type":"","background-media":"","overlay-type":"","overlay-color":"","overlay-opacity":"","overlay-gradient":""},"tablet":{"background-color":"","background-image":"","background-repeat":"repeat","background-position":"center center","background-size":"auto","background-attachment":"scroll","background-type":"","background-media":"","overlay-type":"","overlay-color":"","overlay-opacity":"","overlay-gradient":""},"mobile":{"background-color":"","background-image":"","background-repeat":"repeat","background-position":"center center","background-size":"auto","background-attachment":"scroll","background-type":"","background-media":"","overlay-type":"","overlay-color":"","overlay-opacity":"","overlay-gradient":""}},"ast-content-background-meta":{"desktop":{"background-color":"var(--ast-global-color-5)","background-image":"","background-repeat":"repeat","background-position":"center center","background-size":"auto","background-attachment":"scroll","background-type":"","background-media":"","overlay-type":"","overlay-color":"","overlay-opacity":"","overlay-gradient":""},"tablet":{"background-color":"var(--ast-global-color-5)","background-image":"","background-repeat":"repeat","background-position":"center center","background-size":"auto","background-attachment":"scroll","background-type":"","background-media":"","overlay-type":"","overlay-color":"","overlay-opacity":"","overlay-gradient":""},"mobile":{"background-color":"var(--ast-global-color-5)","background-image":"","background-repeat":"repeat","background-position":"center center","background-size":"auto","background-attachment":"scroll","background-type":"","background-media":"","overlay-type":"","overlay-color":"","overlay-opacity":"","overlay-gradient":""}}},"product_brand":[],"product_cat":[34225],"product_tag":[],"pa_brand_name":[25035],"class_list":{"0":"post-121198","1":"product","2":"type-product","3":"status-publish","4":"has-post-thumbnail","6":"product_cat-summer-tires-pv","7":"pa_brand_name-continental","8":"desktop-align-left","9":"tablet-align-left","10":"mobile-align-left","12":"first","13":"outofstock","14":"taxable","15":"shipping-taxable","16":"purchasable","17":"product-type-simple"},"_links":{"self":[{"href":"https:\/\/shop.rettum.ee\/en\/wp-json\/wp\/v2\/product\/121198","targetHints":{"allow":["GET"]}}],"collection":[{"href":"https:\/\/shop.rettum.ee\/en\/wp-json\/wp\/v2\/product"}],"about":[{"href":"https:\/\/shop.rettum.ee\/en\/wp-json\/wp\/v2\/types\/product"}],"version-history":[{"count":1,"href":"https:\/\/shop.rettum.ee\/en\/wp-json\/wp\/v2\/product\/121198\/revisions"}],"predecessor-version":[{"id":125396,"href":"https:\/\/shop.rettum.ee\/en\/wp-json\/wp\/v2\/product\/121198\/revisions\/125396"}],"wp:featuredmedia":[{"embeddable":true,"href":"https:\/\/shop.rettum.ee\/en\/wp-json\/wp\/v2\/media\/124225"}],"wp:attachment":[{"href":"https:\/\/shop.rettum.ee\/en\/wp-json\/wp\/v2\/media?parent=121198"}],"wp:term":[{"taxonomy":"product_brand","embeddable":true,"href":"https:\/\/shop.rettum.ee\/en\/wp-json\/wp\/v2\/product_brand?post=121198"},{"taxonomy":"product_cat","embeddable":true,"href":"https:\/\/shop.rettum.ee\/en\/wp-json\/wp\/v2\/product_cat?post=121198"},{"taxonomy":"product_tag","embeddable":true,"href":"https:\/\/shop.rettum.ee\/en\/wp-json\/wp\/v2\/product_tag?post=121198"},{"taxonomy":"pa_brand_name","embeddable":true,"href":"https:\/\/shop.rettum.ee\/en\/wp-json\/wp\/v2\/pa_brand_name?post=121198"}],"curies":[{"name":"wp","href":"https:\/\/api.w.org\/{rel}","templated":true}]}}