{"id":121200,"date":"2025-03-31T03:11:29","date_gmt":"2025-03-31T00:11:29","guid":{"rendered":"https:\/\/shop.rettum.ee\/toode\/325-35r23-continental-ecocontact-6q-111y-mo-ncs-fr-bab72\/"},"modified":"2026-03-22T03:07:33","modified_gmt":"2026-03-22T01:07:33","slug":"325-35r23-continental-ecocontact-6q-111y-mo-ncs-fr-bab72","status":"publish","type":"product","link":"https:\/\/shop.rettum.ee\/en\/product\/325-35r23-continental-ecocontact-6q-111y-mo-ncs-fr-bab72\/","title":{"rendered":"325\/35R23 CONTINENTAL ECOCONTACT 6Q 111Y MO NCS FR BAB72"},"content":{"rendered":"<p>Continental ECOCONTACT 6Q 325\/35R23 on innovaatiline rehv, mis on loodud n\u00f5udlikele s\u00f5idutingimustele. Selle uuenduslik disain tagab optimeeritud k\u00fctuses\u00e4\u00e4stlikkuse ja madala veeretakistuse, pakkudes samal ajal maksimaalset juhitavust. Rehvi 111Y kiirusindikaator lubab ohutut s\u00f5itu kuni 300 km\/h, tagades seel\u00e4bi suurep\u00e4rase j\u00f5udluse nii igap\u00e4eva- kui ka sportlikus s\u00f5idus.<\/p>\n<p>Optimeeritud mustrid ja lamellide t\u00e4pselt v\u00e4lja t\u00f6\u00f6tatud profiil tagavad usaldusv\u00e4\u00e4rse haarduvuse m\u00e4rgadel ja kuivadel teedel. ECOCONTACT 6Q disain on loodud pakkuma stabiilsust ja turvalist s\u00f5idukogemust, minimeerides samal ajal kulumist ja v\u00f5imaldades pikemat kasutusiga.<\/p>\n<p>Continental on tuntud oma kvaliteetsete ja keskkonnas\u00e4\u00e4stlike lahenduste poolest ning see rehv ei ole erand. NCS FR BAB72 tehnilised andmed kinnitavad rehvi tipptasemelist innovatsiooni ja t\u00f6\u00f6kindlust, muutes selle ideaalseks valikuks juhtidele, kes hindavad nii j\u00f5udlust, turvalisust kui ka kestlikkust. Valides Continental ECOCONTACT 6Q, v\u00f5etakse kasutusele parim tehnoloogia, mis tagab enesekindla ja mugava s\u00f5idu igal kilomeetril.<\/p>","protected":false},"excerpt":{"rendered":"<p>Continental ECOCONTACT 6Q 325\/35R23 on innovaatiline rehv, mis on loodud n\u00f5udlikele s\u00f5idutingimustele. Selle uuenduslik disain tagab optimeeritud k\u00fctuses\u00e4\u00e4stlikkuse ja madala veeretakistuse, pakkudes samal ajal maksimaalset juhitavust. Rehvi 111Y kiirusindikaator lubab ohutut s\u00f5itu kuni 300 km\/h, tagades seel\u00e4bi suurep\u00e4rase j\u00f5udluse nii igap\u00e4eva- kui ka sportlikus s\u00f5idus. Optimeeritud mustrid ja lamellide t\u00e4pselt v\u00e4lja t\u00f6\u00f6tatud profiil tagavad usaldusv\u00e4\u00e4rse [&hellip;]<\/p>\n","protected":false},"featured_media":124225,"template":"","meta":{"site-sidebar-layout":"default","site-content-layout":"","ast-site-content-layout":"","site-content-style":"default","site-sidebar-style":"default","ast-global-header-display":"","ast-banner-title-visibility":"","ast-main-header-display":"","ast-hfb-above-header-display":"","ast-hfb-below-header-display":"","ast-hfb-mobile-header-display":"","site-post-title":"","ast-breadcrumbs-content":"","ast-featured-img":"","footer-sml-layout":"","theme-transparent-header-meta":"","adv-header-id-meta":"","stick-header-meta":"","header-above-stick-meta":"","header-main-stick-meta":"","header-below-stick-meta":"","astra-migrate-meta-layouts":"default","ast-page-background-enabled":"default","ast-page-background-meta":{"desktop":{"background-color":"","background-image":"","background-repeat":"repeat","background-position":"center center","background-size":"auto","background-attachment":"scroll","background-type":"","background-media":"","overlay-type":"","overlay-color":"","overlay-opacity":"","overlay-gradient":""},"tablet":{"background-color":"","background-image":"","background-repeat":"repeat","background-position":"center center","background-size":"auto","background-attachment":"scroll","background-type":"","background-media":"","overlay-type":"","overlay-color":"","overlay-opacity":"","overlay-gradient":""},"mobile":{"background-color":"","background-image":"","background-repeat":"repeat","background-position":"center center","background-size":"auto","background-attachment":"scroll","background-type":"","background-media":"","overlay-type":"","overlay-color":"","overlay-opacity":"","overlay-gradient":""}},"ast-content-background-meta":{"desktop":{"background-color":"var(--ast-global-color-5)","background-image":"","background-repeat":"repeat","background-position":"center center","background-size":"auto","background-attachment":"scroll","background-type":"","background-media":"","overlay-type":"","overlay-color":"","overlay-opacity":"","overlay-gradient":""},"tablet":{"background-color":"var(--ast-global-color-5)","background-image":"","background-repeat":"repeat","background-position":"center center","background-size":"auto","background-attachment":"scroll","background-type":"","background-media":"","overlay-type":"","overlay-color":"","overlay-opacity":"","overlay-gradient":""},"mobile":{"background-color":"var(--ast-global-color-5)","background-image":"","background-repeat":"repeat","background-position":"center center","background-size":"auto","background-attachment":"scroll","background-type":"","background-media":"","overlay-type":"","overlay-color":"","overlay-opacity":"","overlay-gradient":""}}},"product_brand":[],"product_cat":[34225],"product_tag":[],"pa_brand_name":[25035],"class_list":{"0":"post-121200","1":"product","2":"type-product","3":"status-publish","4":"has-post-thumbnail","6":"product_cat-summer-tires-pv","7":"pa_brand_name-continental","8":"desktop-align-left","9":"tablet-align-left","10":"mobile-align-left","12":"first","13":"outofstock","14":"taxable","15":"shipping-taxable","16":"purchasable","17":"product-type-simple"},"_links":{"self":[{"href":"https:\/\/shop.rettum.ee\/en\/wp-json\/wp\/v2\/product\/121200","targetHints":{"allow":["GET"]}}],"collection":[{"href":"https:\/\/shop.rettum.ee\/en\/wp-json\/wp\/v2\/product"}],"about":[{"href":"https:\/\/shop.rettum.ee\/en\/wp-json\/wp\/v2\/types\/product"}],"version-history":[{"count":1,"href":"https:\/\/shop.rettum.ee\/en\/wp-json\/wp\/v2\/product\/121200\/revisions"}],"predecessor-version":[{"id":125389,"href":"https:\/\/shop.rettum.ee\/en\/wp-json\/wp\/v2\/product\/121200\/revisions\/125389"}],"wp:featuredmedia":[{"embeddable":true,"href":"https:\/\/shop.rettum.ee\/en\/wp-json\/wp\/v2\/media\/124225"}],"wp:attachment":[{"href":"https:\/\/shop.rettum.ee\/en\/wp-json\/wp\/v2\/media?parent=121200"}],"wp:term":[{"taxonomy":"product_brand","embeddable":true,"href":"https:\/\/shop.rettum.ee\/en\/wp-json\/wp\/v2\/product_brand?post=121200"},{"taxonomy":"product_cat","embeddable":true,"href":"https:\/\/shop.rettum.ee\/en\/wp-json\/wp\/v2\/product_cat?post=121200"},{"taxonomy":"product_tag","embeddable":true,"href":"https:\/\/shop.rettum.ee\/en\/wp-json\/wp\/v2\/product_tag?post=121200"},{"taxonomy":"pa_brand_name","embeddable":true,"href":"https:\/\/shop.rettum.ee\/en\/wp-json\/wp\/v2\/pa_brand_name?post=121200"}],"curies":[{"name":"wp","href":"https:\/\/api.w.org\/{rel}","templated":true}]}}