{"id":121201,"date":"2025-03-31T03:11:29","date_gmt":"2025-03-31T00:11:29","guid":{"rendered":"https:\/\/shop.rettum.ee\/toode\/265-70r17-general-grabber-x3-121-118q-fr-ms\/"},"modified":"2026-03-22T03:07:33","modified_gmt":"2026-03-22T01:07:33","slug":"265-70r17-general-grabber-x3-121-118q-fr-ms","status":"publish","type":"product","link":"https:\/\/shop.rettum.ee\/en\/product\/265-70r17-general-grabber-x3-121-118q-fr-ms\/","title":{"rendered":"265\/70R17 GENERAL GRABBER X3 121\/118Q FR M+S"},"content":{"rendered":"<p>General Grabber X3 265\/70R17 on loodud n\u00f5udlikuks s\u00f5itmiseks nii igap\u00e4evases liikluses kui ka seikluslikumal maastikul. Rehvi m\u00f5\u00f5tmed ja tugev konstruktsioon tagavad kindla haarduvuse erinevates s\u00f5idutingimustes \u2013 olgu need m\u00e4rjad teed, muda v\u00f5i lumele kaetud pinnad. M+S (mud and snow) m\u00e4rgis kinnitab rehvi mitmek\u00fclgsust, v\u00f5imaldades ohutut s\u00f5itu ka muutuvates ilmastikutingimustes.<\/p>\n<p>Rehvi koormusindeks 121\/118 n\u00e4itab, et see suudab kanda suuremat koormust, muutes selle sobivaks ka raskemate s\u00f5idukite jaoks. Q kiirusklass lubab ohutut s\u00f5itu kuni 160 km\/h, pakkudes seel\u00e4bi head tasakaalu kiiruse ja ohutuse vahel. FR tehnoloogia lisab rehvile veelgi k\u00f5rgema taseme vastupidavust ning kindlustunnet s\u00f5idu ajal.<\/p>\n<p>General Grabber X3 rehvid on ideaalne valik neile, kes hindavad pikaajalist vastupidavust, mitmek\u00fclgsust ja turvalist s\u00f5idukogemust igas olukorras.<\/p>","protected":false},"excerpt":{"rendered":"<p>General Grabber X3 265\/70R17 on loodud n\u00f5udlikuks s\u00f5itmiseks nii igap\u00e4evases liikluses kui ka seikluslikumal maastikul. Rehvi m\u00f5\u00f5tmed ja tugev konstruktsioon tagavad kindla haarduvuse erinevates s\u00f5idutingimustes \u2013 olgu need m\u00e4rjad teed, muda v\u00f5i lumele kaetud pinnad. M+S (mud and snow) m\u00e4rgis kinnitab rehvi mitmek\u00fclgsust, v\u00f5imaldades ohutut s\u00f5itu ka muutuvates ilmastikutingimustes. Rehvi koormusindeks 121\/118 n\u00e4itab, et see [&hellip;]<\/p>\n","protected":false},"featured_media":124223,"template":"","meta":{"site-sidebar-layout":"default","site-content-layout":"","ast-site-content-layout":"","site-content-style":"default","site-sidebar-style":"default","ast-global-header-display":"","ast-banner-title-visibility":"","ast-main-header-display":"","ast-hfb-above-header-display":"","ast-hfb-below-header-display":"","ast-hfb-mobile-header-display":"","site-post-title":"","ast-breadcrumbs-content":"","ast-featured-img":"","footer-sml-layout":"","theme-transparent-header-meta":"","adv-header-id-meta":"","stick-header-meta":"","header-above-stick-meta":"","header-main-stick-meta":"","header-below-stick-meta":"","astra-migrate-meta-layouts":"default","ast-page-background-enabled":"default","ast-page-background-meta":{"desktop":{"background-color":"","background-image":"","background-repeat":"repeat","background-position":"center center","background-size":"auto","background-attachment":"scroll","background-type":"","background-media":"","overlay-type":"","overlay-color":"","overlay-opacity":"","overlay-gradient":""},"tablet":{"background-color":"","background-image":"","background-repeat":"repeat","background-position":"center center","background-size":"auto","background-attachment":"scroll","background-type":"","background-media":"","overlay-type":"","overlay-color":"","overlay-opacity":"","overlay-gradient":""},"mobile":{"background-color":"","background-image":"","background-repeat":"repeat","background-position":"center center","background-size":"auto","background-attachment":"scroll","background-type":"","background-media":"","overlay-type":"","overlay-color":"","overlay-opacity":"","overlay-gradient":""}},"ast-content-background-meta":{"desktop":{"background-color":"var(--ast-global-color-5)","background-image":"","background-repeat":"repeat","background-position":"center center","background-size":"auto","background-attachment":"scroll","background-type":"","background-media":"","overlay-type":"","overlay-color":"","overlay-opacity":"","overlay-gradient":""},"tablet":{"background-color":"var(--ast-global-color-5)","background-image":"","background-repeat":"repeat","background-position":"center center","background-size":"auto","background-attachment":"scroll","background-type":"","background-media":"","overlay-type":"","overlay-color":"","overlay-opacity":"","overlay-gradient":""},"mobile":{"background-color":"var(--ast-global-color-5)","background-image":"","background-repeat":"repeat","background-position":"center center","background-size":"auto","background-attachment":"scroll","background-type":"","background-media":"","overlay-type":"","overlay-color":"","overlay-opacity":"","overlay-gradient":""}}},"product_brand":[],"product_cat":[34225],"product_tag":[],"pa_brand_name":[35242],"class_list":{"0":"post-121201","1":"product","2":"type-product","3":"status-publish","4":"has-post-thumbnail","6":"product_cat-summer-tires-pv","7":"pa_brand_name-general","8":"desktop-align-left","9":"tablet-align-left","10":"mobile-align-left","12":"first","13":"outofstock","14":"taxable","15":"shipping-taxable","16":"purchasable","17":"product-type-simple"},"_links":{"self":[{"href":"https:\/\/shop.rettum.ee\/en\/wp-json\/wp\/v2\/product\/121201","targetHints":{"allow":["GET"]}}],"collection":[{"href":"https:\/\/shop.rettum.ee\/en\/wp-json\/wp\/v2\/product"}],"about":[{"href":"https:\/\/shop.rettum.ee\/en\/wp-json\/wp\/v2\/types\/product"}],"version-history":[{"count":2,"href":"https:\/\/shop.rettum.ee\/en\/wp-json\/wp\/v2\/product\/121201\/revisions"}],"predecessor-version":[{"id":125394,"href":"https:\/\/shop.rettum.ee\/en\/wp-json\/wp\/v2\/product\/121201\/revisions\/125394"}],"wp:featuredmedia":[{"embeddable":true,"href":"https:\/\/shop.rettum.ee\/en\/wp-json\/wp\/v2\/media\/124223"}],"wp:attachment":[{"href":"https:\/\/shop.rettum.ee\/en\/wp-json\/wp\/v2\/media?parent=121201"}],"wp:term":[{"taxonomy":"product_brand","embeddable":true,"href":"https:\/\/shop.rettum.ee\/en\/wp-json\/wp\/v2\/product_brand?post=121201"},{"taxonomy":"product_cat","embeddable":true,"href":"https:\/\/shop.rettum.ee\/en\/wp-json\/wp\/v2\/product_cat?post=121201"},{"taxonomy":"product_tag","embeddable":true,"href":"https:\/\/shop.rettum.ee\/en\/wp-json\/wp\/v2\/product_tag?post=121201"},{"taxonomy":"pa_brand_name","embeddable":true,"href":"https:\/\/shop.rettum.ee\/en\/wp-json\/wp\/v2\/pa_brand_name?post=121201"}],"curies":[{"name":"wp","href":"https:\/\/api.w.org\/{rel}","templated":true}]}}