{"id":121202,"date":"2025-03-31T03:11:30","date_gmt":"2025-03-31T00:11:30","guid":{"rendered":"https:\/\/shop.rettum.ee\/toode\/265-60r18-general-grabber-x3-119-116q-fr-ms\/"},"modified":"2026-03-22T03:07:34","modified_gmt":"2026-03-22T01:07:34","slug":"265-60r18-general-grabber-x3-119-116q-fr-ms","status":"publish","type":"product","link":"https:\/\/shop.rettum.ee\/en\/product\/265-60r18-general-grabber-x3-119-116q-fr-ms\/","title":{"rendered":"265\/60R18 GENERAL GRABBER X3 119\/116Q FR M+S"},"content":{"rendered":"<p>General Grabber X3 rehv suurusega 265\/60R18 toob Sinu s\u00f5idukile tipptasemel stabiilsuse ja usaldusv\u00e4\u00e4rsuse. T\u00e4nu t\u00e4psele disainile ja k\u00f5rgek\u00f5rgusele mustrile tagab see rehv suurep\u00e4rase haardumise nii m\u00e4rjal, kuivadel kui ka lumistel radadel \u2013 ideaalne valik igap\u00e4evaseks s\u00f5iduks ja seiklusteks samaaegselt. Load-indeksid 119\/116 ja kiirusklass Q annavad kindlustunde, et rehv suudab toime tulla n\u00f5udlike koormustega, pakkudes samas ohutut ja mugavat s\u00f5idukogemust.<\/p>\n<p>FR tehnoloogia tagab optimaalse t\u00f6\u00f6kindluse ka madalatel temperatuuridel, muutes rehvi sobivaks nii k\u00fclmaks kui ka k\u00f5ikideks muuks ilmastikutingimusteks. M+S s\u00fcmbol kinnitab rehvi v\u00f5imet pakkuda stabiilsust mudal ja lumel, v\u00f5imaldades seel\u00e4bi mitmek\u00fclgset kasutamist aastaringselt. General Grabber X3 on ideaalne kombinatsioon juhitavusest, vastupidavusest ja turvalisusest \u2013 usaldusv\u00e4\u00e4rne valik Sinu s\u00f5idupartneriks igal teekonnal.<\/p>","protected":false},"excerpt":{"rendered":"<p>General Grabber X3 rehv suurusega 265\/60R18 toob Sinu s\u00f5idukile tipptasemel stabiilsuse ja usaldusv\u00e4\u00e4rsuse. T\u00e4nu t\u00e4psele disainile ja k\u00f5rgek\u00f5rgusele mustrile tagab see rehv suurep\u00e4rase haardumise nii m\u00e4rjal, kuivadel kui ka lumistel radadel \u2013 ideaalne valik igap\u00e4evaseks s\u00f5iduks ja seiklusteks samaaegselt. Load-indeksid 119\/116 ja kiirusklass Q annavad kindlustunde, et rehv suudab toime tulla n\u00f5udlike koormustega, pakkudes samas [&hellip;]<\/p>\n","protected":false},"featured_media":124223,"template":"","meta":{"site-sidebar-layout":"default","site-content-layout":"","ast-site-content-layout":"","site-content-style":"default","site-sidebar-style":"default","ast-global-header-display":"","ast-banner-title-visibility":"","ast-main-header-display":"","ast-hfb-above-header-display":"","ast-hfb-below-header-display":"","ast-hfb-mobile-header-display":"","site-post-title":"","ast-breadcrumbs-content":"","ast-featured-img":"","footer-sml-layout":"","theme-transparent-header-meta":"","adv-header-id-meta":"","stick-header-meta":"","header-above-stick-meta":"","header-main-stick-meta":"","header-below-stick-meta":"","astra-migrate-meta-layouts":"default","ast-page-background-enabled":"default","ast-page-background-meta":{"desktop":{"background-color":"","background-image":"","background-repeat":"repeat","background-position":"center center","background-size":"auto","background-attachment":"scroll","background-type":"","background-media":"","overlay-type":"","overlay-color":"","overlay-opacity":"","overlay-gradient":""},"tablet":{"background-color":"","background-image":"","background-repeat":"repeat","background-position":"center center","background-size":"auto","background-attachment":"scroll","background-type":"","background-media":"","overlay-type":"","overlay-color":"","overlay-opacity":"","overlay-gradient":""},"mobile":{"background-color":"","background-image":"","background-repeat":"repeat","background-position":"center center","background-size":"auto","background-attachment":"scroll","background-type":"","background-media":"","overlay-type":"","overlay-color":"","overlay-opacity":"","overlay-gradient":""}},"ast-content-background-meta":{"desktop":{"background-color":"var(--ast-global-color-5)","background-image":"","background-repeat":"repeat","background-position":"center center","background-size":"auto","background-attachment":"scroll","background-type":"","background-media":"","overlay-type":"","overlay-color":"","overlay-opacity":"","overlay-gradient":""},"tablet":{"background-color":"var(--ast-global-color-5)","background-image":"","background-repeat":"repeat","background-position":"center center","background-size":"auto","background-attachment":"scroll","background-type":"","background-media":"","overlay-type":"","overlay-color":"","overlay-opacity":"","overlay-gradient":""},"mobile":{"background-color":"var(--ast-global-color-5)","background-image":"","background-repeat":"repeat","background-position":"center center","background-size":"auto","background-attachment":"scroll","background-type":"","background-media":"","overlay-type":"","overlay-color":"","overlay-opacity":"","overlay-gradient":""}}},"product_brand":[],"product_cat":[34225],"product_tag":[],"pa_brand_name":[35242],"class_list":{"0":"post-121202","1":"product","2":"type-product","3":"status-publish","4":"has-post-thumbnail","6":"product_cat-summer-tires-pv","7":"pa_brand_name-general","8":"desktop-align-left","9":"tablet-align-left","10":"mobile-align-left","12":"first","13":"outofstock","14":"taxable","15":"shipping-taxable","16":"purchasable","17":"product-type-simple"},"_links":{"self":[{"href":"https:\/\/shop.rettum.ee\/en\/wp-json\/wp\/v2\/product\/121202","targetHints":{"allow":["GET"]}}],"collection":[{"href":"https:\/\/shop.rettum.ee\/en\/wp-json\/wp\/v2\/product"}],"about":[{"href":"https:\/\/shop.rettum.ee\/en\/wp-json\/wp\/v2\/types\/product"}],"version-history":[{"count":1,"href":"https:\/\/shop.rettum.ee\/en\/wp-json\/wp\/v2\/product\/121202\/revisions"}],"predecessor-version":[{"id":125387,"href":"https:\/\/shop.rettum.ee\/en\/wp-json\/wp\/v2\/product\/121202\/revisions\/125387"}],"wp:featuredmedia":[{"embeddable":true,"href":"https:\/\/shop.rettum.ee\/en\/wp-json\/wp\/v2\/media\/124223"}],"wp:attachment":[{"href":"https:\/\/shop.rettum.ee\/en\/wp-json\/wp\/v2\/media?parent=121202"}],"wp:term":[{"taxonomy":"product_brand","embeddable":true,"href":"https:\/\/shop.rettum.ee\/en\/wp-json\/wp\/v2\/product_brand?post=121202"},{"taxonomy":"product_cat","embeddable":true,"href":"https:\/\/shop.rettum.ee\/en\/wp-json\/wp\/v2\/product_cat?post=121202"},{"taxonomy":"product_tag","embeddable":true,"href":"https:\/\/shop.rettum.ee\/en\/wp-json\/wp\/v2\/product_tag?post=121202"},{"taxonomy":"pa_brand_name","embeddable":true,"href":"https:\/\/shop.rettum.ee\/en\/wp-json\/wp\/v2\/pa_brand_name?post=121202"}],"curies":[{"name":"wp","href":"https:\/\/api.w.org\/{rel}","templated":true}]}}