{"id":121203,"date":"2025-03-31T03:11:30","date_gmt":"2025-03-31T00:11:30","guid":{"rendered":"https:\/\/shop.rettum.ee\/toode\/235-45r20-continental-ultracontact-nxt-100v-xl-elect-fr-aaa69\/"},"modified":"2026-03-22T03:07:34","modified_gmt":"2026-03-22T01:07:34","slug":"235-45r20-continental-ultracontact-nxt-100v-xl-elect-fr-aaa69","status":"publish","type":"product","link":"https:\/\/shop.rettum.ee\/en\/product\/235-45r20-continental-ultracontact-nxt-100v-xl-elect-fr-aaa69\/","title":{"rendered":"235\/45R20 CONTINENTAL ULTRACONTACT NXT 100V XL Elect FR AAA69"},"content":{"rendered":"<p>Avasta Continental Ultracontact NXT 100V XL Elect FR AAA69 rehvid, mis on loodud tipptasemel ohutuse, vastupidavuse ja s\u00f5idumugavuse tagamiseks. Need 235\/45R20 m\u00f5\u00f5tmetega rehvid pakuvad optimeeritud veoj\u00f5udu ja suurep\u00e4rast pidamist nii m\u00e4rgadel kui ka kuivadel teedel. XL versioon tagab suurenenud kaalukaalu kandev\u00f5ime, muutes need ideaalseks valikuks nii n\u00f5udlikeks autos\u00f5itudeks kui sportlikeks seiklusteks.<\/p>\n<p>Continental on \u00fclemaailmselt tuntud oma innovaatiliste lahenduste ja kvaliteedi poolest. Ultracontact NXT 100V XL Elect FR AAA69 disain on loodud pakkuma stabiilsust ja t\u00e4psemat juhitavust ning maksimaalset turvalisust. Elektrooniliselt optimeeritud kontaktpind aitab v\u00e4hendada veeretakistust ja parendada k\u00fctuses\u00e4\u00e4stlikkust, samal ajal kui spetsiaalne mustr Disain toetab suurep\u00e4rast haarduvust igas s\u00f5idutingimuses.<\/p>\n<p>Vali Continental Ultracontact NXT 100V XL Elect FR AAA69 ja kindlusta oma s\u00f5idukile maksimaalne j\u00f5udlus ning ohutus \u2013 investeeri kvaliteeti, mis tagab rahulolu igal teel.<\/p>","protected":false},"excerpt":{"rendered":"<p>Avasta Continental Ultracontact NXT 100V XL Elect FR AAA69 rehvid, mis on loodud tipptasemel ohutuse, vastupidavuse ja s\u00f5idumugavuse tagamiseks. Need 235\/45R20 m\u00f5\u00f5tmetega rehvid pakuvad optimeeritud veoj\u00f5udu ja suurep\u00e4rast pidamist nii m\u00e4rgadel kui ka kuivadel teedel. XL versioon tagab suurenenud kaalukaalu kandev\u00f5ime, muutes need ideaalseks valikuks nii n\u00f5udlikeks autos\u00f5itudeks kui sportlikeks seiklusteks. Continental on \u00fclemaailmselt tuntud [&hellip;]<\/p>\n","protected":false},"featured_media":124224,"template":"","meta":{"site-sidebar-layout":"default","site-content-layout":"","ast-site-content-layout":"","site-content-style":"default","site-sidebar-style":"default","ast-global-header-display":"","ast-banner-title-visibility":"","ast-main-header-display":"","ast-hfb-above-header-display":"","ast-hfb-below-header-display":"","ast-hfb-mobile-header-display":"","site-post-title":"","ast-breadcrumbs-content":"","ast-featured-img":"","footer-sml-layout":"","theme-transparent-header-meta":"","adv-header-id-meta":"","stick-header-meta":"","header-above-stick-meta":"","header-main-stick-meta":"","header-below-stick-meta":"","astra-migrate-meta-layouts":"default","ast-page-background-enabled":"default","ast-page-background-meta":{"desktop":{"background-color":"","background-image":"","background-repeat":"repeat","background-position":"center center","background-size":"auto","background-attachment":"scroll","background-type":"","background-media":"","overlay-type":"","overlay-color":"","overlay-opacity":"","overlay-gradient":""},"tablet":{"background-color":"","background-image":"","background-repeat":"repeat","background-position":"center center","background-size":"auto","background-attachment":"scroll","background-type":"","background-media":"","overlay-type":"","overlay-color":"","overlay-opacity":"","overlay-gradient":""},"mobile":{"background-color":"","background-image":"","background-repeat":"repeat","background-position":"center center","background-size":"auto","background-attachment":"scroll","background-type":"","background-media":"","overlay-type":"","overlay-color":"","overlay-opacity":"","overlay-gradient":""}},"ast-content-background-meta":{"desktop":{"background-color":"var(--ast-global-color-5)","background-image":"","background-repeat":"repeat","background-position":"center center","background-size":"auto","background-attachment":"scroll","background-type":"","background-media":"","overlay-type":"","overlay-color":"","overlay-opacity":"","overlay-gradient":""},"tablet":{"background-color":"var(--ast-global-color-5)","background-image":"","background-repeat":"repeat","background-position":"center center","background-size":"auto","background-attachment":"scroll","background-type":"","background-media":"","overlay-type":"","overlay-color":"","overlay-opacity":"","overlay-gradient":""},"mobile":{"background-color":"var(--ast-global-color-5)","background-image":"","background-repeat":"repeat","background-position":"center center","background-size":"auto","background-attachment":"scroll","background-type":"","background-media":"","overlay-type":"","overlay-color":"","overlay-opacity":"","overlay-gradient":""}}},"product_brand":[],"product_cat":[34225],"product_tag":[],"pa_brand_name":[25035],"class_list":{"0":"post-121203","1":"product","2":"type-product","3":"status-publish","4":"has-post-thumbnail","6":"product_cat-summer-tires-pv","7":"pa_brand_name-continental","8":"desktop-align-left","9":"tablet-align-left","10":"mobile-align-left","12":"first","13":"outofstock","14":"taxable","15":"shipping-taxable","16":"purchasable","17":"product-type-simple"},"_links":{"self":[{"href":"https:\/\/shop.rettum.ee\/en\/wp-json\/wp\/v2\/product\/121203","targetHints":{"allow":["GET"]}}],"collection":[{"href":"https:\/\/shop.rettum.ee\/en\/wp-json\/wp\/v2\/product"}],"about":[{"href":"https:\/\/shop.rettum.ee\/en\/wp-json\/wp\/v2\/types\/product"}],"version-history":[{"count":1,"href":"https:\/\/shop.rettum.ee\/en\/wp-json\/wp\/v2\/product\/121203\/revisions"}],"predecessor-version":[{"id":125388,"href":"https:\/\/shop.rettum.ee\/en\/wp-json\/wp\/v2\/product\/121203\/revisions\/125388"}],"wp:featuredmedia":[{"embeddable":true,"href":"https:\/\/shop.rettum.ee\/en\/wp-json\/wp\/v2\/media\/124224"}],"wp:attachment":[{"href":"https:\/\/shop.rettum.ee\/en\/wp-json\/wp\/v2\/media?parent=121203"}],"wp:term":[{"taxonomy":"product_brand","embeddable":true,"href":"https:\/\/shop.rettum.ee\/en\/wp-json\/wp\/v2\/product_brand?post=121203"},{"taxonomy":"product_cat","embeddable":true,"href":"https:\/\/shop.rettum.ee\/en\/wp-json\/wp\/v2\/product_cat?post=121203"},{"taxonomy":"product_tag","embeddable":true,"href":"https:\/\/shop.rettum.ee\/en\/wp-json\/wp\/v2\/product_tag?post=121203"},{"taxonomy":"pa_brand_name","embeddable":true,"href":"https:\/\/shop.rettum.ee\/en\/wp-json\/wp\/v2\/pa_brand_name?post=121203"}],"curies":[{"name":"wp","href":"https:\/\/api.w.org\/{rel}","templated":true}]}}