{"id":121204,"date":"2025-03-31T03:11:31","date_gmt":"2025-03-31T00:11:31","guid":{"rendered":"https:\/\/shop.rettum.ee\/toode\/265-45r20-continental-ecocontact-7-108v-xl-elect-fr-abb73\/"},"modified":"2026-03-22T03:07:34","modified_gmt":"2026-03-22T01:07:34","slug":"265-45r20-continental-ecocontact-7-108v-xl-elect-fr-abb73","status":"publish","type":"product","link":"https:\/\/shop.rettum.ee\/en\/product\/265-45r20-continental-ecocontact-7-108v-xl-elect-fr-abb73\/","title":{"rendered":"265\/45R20 CONTINENTAL ECOCONTACT 7 108V XL Elect FR ABB73"},"content":{"rendered":"<p>265\/45R20 CONTINENTAL ECOCONTACT 7 108V XL Elect FR ABB73 on tipptasemel suvistrehv, mis \u00fchendab energias\u00e4\u00e4stlikkuse, ohutuse ja k\u00f5rge j\u00f5udluse. See Continental rehv on disainitud tagamaks suurep\u00e4rast haardumist nii kuivadel kui ka niisketel teedel, pakkudes l\u00fchikest pidurdusteekonda ja kindlat stabiilsust igas olukorras.  <\/p>\n<p>Rehvi madal rullimiskindlus aitab optimeerida k\u00fctusekulu ning v\u00e4hendada CO2 heitkoguseid, muutes selle ideaalseks valikuks keskkonnas\u00f5bralikule s\u00f5idule. XL-t\u00fc\u00fcpi konstruktsioon ja tugevdatud sisemine struktuur tagavad lisakindluse ning vastavad ka n\u00f5udlikele koormustele, sh elektris\u00f5idukite jaoks m\u00f5eldud Elect FR versioonile. 108V kiiruseindeks kinnitab rehvile k\u00f5rge j\u00f5udluse ka k\u00f5rgematel kiirustel, pakkudes enesekindlust ja stabiilsust ka teravates kurvides.<\/p>\n<p>Continental ECOCONTACT 7 on loodud neile, kes hindavad kaasaegset tehnoloogiat, ohutust ja keskkonnas\u00e4\u00e4stlikku s\u00f5idukogemust, muutes iga s\u00f5idu nauditavaks ja turvaliseks.<\/p>","protected":false},"excerpt":{"rendered":"<p>265\/45R20 CONTINENTAL ECOCONTACT 7 108V XL Elect FR ABB73 on tipptasemel suvistrehv, mis \u00fchendab energias\u00e4\u00e4stlikkuse, ohutuse ja k\u00f5rge j\u00f5udluse. See Continental rehv on disainitud tagamaks suurep\u00e4rast haardumist nii kuivadel kui ka niisketel teedel, pakkudes l\u00fchikest pidurdusteekonda ja kindlat stabiilsust igas olukorras. Rehvi madal rullimiskindlus aitab optimeerida k\u00fctusekulu ning v\u00e4hendada CO2 heitkoguseid, muutes selle ideaalseks valikuks [&hellip;]<\/p>\n","protected":false},"featured_media":124222,"template":"","meta":{"site-sidebar-layout":"default","site-content-layout":"","ast-site-content-layout":"","site-content-style":"default","site-sidebar-style":"default","ast-global-header-display":"","ast-banner-title-visibility":"","ast-main-header-display":"","ast-hfb-above-header-display":"","ast-hfb-below-header-display":"","ast-hfb-mobile-header-display":"","site-post-title":"","ast-breadcrumbs-content":"","ast-featured-img":"","footer-sml-layout":"","theme-transparent-header-meta":"","adv-header-id-meta":"","stick-header-meta":"","header-above-stick-meta":"","header-main-stick-meta":"","header-below-stick-meta":"","astra-migrate-meta-layouts":"default","ast-page-background-enabled":"default","ast-page-background-meta":{"desktop":{"background-color":"","background-image":"","background-repeat":"repeat","background-position":"center center","background-size":"auto","background-attachment":"scroll","background-type":"","background-media":"","overlay-type":"","overlay-color":"","overlay-opacity":"","overlay-gradient":""},"tablet":{"background-color":"","background-image":"","background-repeat":"repeat","background-position":"center center","background-size":"auto","background-attachment":"scroll","background-type":"","background-media":"","overlay-type":"","overlay-color":"","overlay-opacity":"","overlay-gradient":""},"mobile":{"background-color":"","background-image":"","background-repeat":"repeat","background-position":"center center","background-size":"auto","background-attachment":"scroll","background-type":"","background-media":"","overlay-type":"","overlay-color":"","overlay-opacity":"","overlay-gradient":""}},"ast-content-background-meta":{"desktop":{"background-color":"var(--ast-global-color-5)","background-image":"","background-repeat":"repeat","background-position":"center center","background-size":"auto","background-attachment":"scroll","background-type":"","background-media":"","overlay-type":"","overlay-color":"","overlay-opacity":"","overlay-gradient":""},"tablet":{"background-color":"var(--ast-global-color-5)","background-image":"","background-repeat":"repeat","background-position":"center center","background-size":"auto","background-attachment":"scroll","background-type":"","background-media":"","overlay-type":"","overlay-color":"","overlay-opacity":"","overlay-gradient":""},"mobile":{"background-color":"var(--ast-global-color-5)","background-image":"","background-repeat":"repeat","background-position":"center center","background-size":"auto","background-attachment":"scroll","background-type":"","background-media":"","overlay-type":"","overlay-color":"","overlay-opacity":"","overlay-gradient":""}}},"product_brand":[],"product_cat":[34225],"product_tag":[],"pa_brand_name":[25035],"class_list":{"0":"post-121204","1":"product","2":"type-product","3":"status-publish","4":"has-post-thumbnail","6":"product_cat-summer-tires-pv","7":"pa_brand_name-continental","8":"desktop-align-left","9":"tablet-align-left","10":"mobile-align-left","12":"first","13":"outofstock","14":"taxable","15":"shipping-taxable","16":"purchasable","17":"product-type-simple"},"_links":{"self":[{"href":"https:\/\/shop.rettum.ee\/en\/wp-json\/wp\/v2\/product\/121204","targetHints":{"allow":["GET"]}}],"collection":[{"href":"https:\/\/shop.rettum.ee\/en\/wp-json\/wp\/v2\/product"}],"about":[{"href":"https:\/\/shop.rettum.ee\/en\/wp-json\/wp\/v2\/types\/product"}],"version-history":[{"count":1,"href":"https:\/\/shop.rettum.ee\/en\/wp-json\/wp\/v2\/product\/121204\/revisions"}],"predecessor-version":[{"id":125386,"href":"https:\/\/shop.rettum.ee\/en\/wp-json\/wp\/v2\/product\/121204\/revisions\/125386"}],"wp:featuredmedia":[{"embeddable":true,"href":"https:\/\/shop.rettum.ee\/en\/wp-json\/wp\/v2\/media\/124222"}],"wp:attachment":[{"href":"https:\/\/shop.rettum.ee\/en\/wp-json\/wp\/v2\/media?parent=121204"}],"wp:term":[{"taxonomy":"product_brand","embeddable":true,"href":"https:\/\/shop.rettum.ee\/en\/wp-json\/wp\/v2\/product_brand?post=121204"},{"taxonomy":"product_cat","embeddable":true,"href":"https:\/\/shop.rettum.ee\/en\/wp-json\/wp\/v2\/product_cat?post=121204"},{"taxonomy":"product_tag","embeddable":true,"href":"https:\/\/shop.rettum.ee\/en\/wp-json\/wp\/v2\/product_tag?post=121204"},{"taxonomy":"pa_brand_name","embeddable":true,"href":"https:\/\/shop.rettum.ee\/en\/wp-json\/wp\/v2\/pa_brand_name?post=121204"}],"curies":[{"name":"wp","href":"https:\/\/api.w.org\/{rel}","templated":true}]}}