{"id":121206,"date":"2025-03-31T03:11:33","date_gmt":"2025-03-31T00:11:33","guid":{"rendered":"https:\/\/shop.rettum.ee\/toode\/215-65r16c-continental-vancontact-eco-109-107t-aab72\/"},"modified":"2026-03-24T02:47:36","modified_gmt":"2026-03-24T00:47:36","slug":"215-65r16c-continental-vancontact-eco-109-107t-aab72","status":"publish","type":"product","link":"https:\/\/shop.rettum.ee\/en\/product\/215-65r16c-continental-vancontact-eco-109-107t-aab72\/","title":{"rendered":"215\/65R16C CONTINENTAL VANCONTACT ECO 109\/107T AAB72"},"content":{"rendered":"<p>Continental VanContact Eco 215\/65R16C on usaldusv\u00e4\u00e4rne ja energias\u00e4\u00e4stlik rehvimudel, mis on loodud t\u00e4itma kaubikute ja v\u00e4iksemate kommertss\u00f5idukite n\u00f5udmisi. Selle rehvi m\u00f5\u00f5tmed 215\/65R16C tagavad optimaalse stabiilsuse ning ohutu haardumise nii kuival kui m\u00e4rjal teel.  <\/p>\n<p>Rehvi koormusn\u00e4itajad 109\/107 ja kiirusklass T tagavad vastupidavuse ning kasutamise mitmekesistes s\u00f5idutingimustes, muutes Continental VanContact Eco ideaalseks valikuks nii igap\u00e4evaseks linnas\u00f5iduks kui ka pikemateks teekondadeks. ECO disain aitaks v\u00e4hendada k\u00fctusekulu ja heitkoguseid, pakkudes samal ajal madalamat veeretakistust, mis toetab keskkonnas\u00f5bralikku ja majanduslikku s\u00f5idukasutust.  <\/p>\n<p>Continentali pikaajaline kogemus rehvide tootmises tagab innovaatilise l\u00e4henemise ja k\u00f5rge kvaliteedi, mis vastab ka k\u00f5ige n\u00f5udlikumatele s\u00f5idutingimustele. AAB72 tootmiskood kinnitab rehvi usaldusv\u00e4\u00e4rset p\u00e4ritolu ja kvaliteedikontrolli. Valides Continental VanContact Eco, saad s\u00f5idukile kaasaegse tehnoloogia ning j\u00e4tkusuutliku lahenduse, mis panustab nii ohutusse kui ka keskkonnas\u00f5bralikku s\u00f5iduviisi.<\/p>","protected":false},"excerpt":{"rendered":"<p>Continental VanContact Eco 215\/65R16C on usaldusv\u00e4\u00e4rne ja energias\u00e4\u00e4stlik rehvimudel, mis on loodud t\u00e4itma kaubikute ja v\u00e4iksemate kommertss\u00f5idukite n\u00f5udmisi. Selle rehvi m\u00f5\u00f5tmed 215\/65R16C tagavad optimaalse stabiilsuse ning ohutu haardumise nii kuival kui m\u00e4rjal teel. Rehvi koormusn\u00e4itajad 109\/107 ja kiirusklass T tagavad vastupidavuse ning kasutamise mitmekesistes s\u00f5idutingimustes, muutes Continental VanContact Eco ideaalseks valikuks nii igap\u00e4evaseks linnas\u00f5iduks kui [&hellip;]<\/p>\n","protected":false},"featured_media":124220,"template":"","meta":{"site-sidebar-layout":"default","site-content-layout":"","ast-site-content-layout":"","site-content-style":"default","site-sidebar-style":"default","ast-global-header-display":"","ast-banner-title-visibility":"","ast-main-header-display":"","ast-hfb-above-header-display":"","ast-hfb-below-header-display":"","ast-hfb-mobile-header-display":"","site-post-title":"","ast-breadcrumbs-content":"","ast-featured-img":"","footer-sml-layout":"","theme-transparent-header-meta":"","adv-header-id-meta":"","stick-header-meta":"","header-above-stick-meta":"","header-main-stick-meta":"","header-below-stick-meta":"","astra-migrate-meta-layouts":"default","ast-page-background-enabled":"default","ast-page-background-meta":{"desktop":{"background-color":"","background-image":"","background-repeat":"repeat","background-position":"center center","background-size":"auto","background-attachment":"scroll","background-type":"","background-media":"","overlay-type":"","overlay-color":"","overlay-opacity":"","overlay-gradient":""},"tablet":{"background-color":"","background-image":"","background-repeat":"repeat","background-position":"center center","background-size":"auto","background-attachment":"scroll","background-type":"","background-media":"","overlay-type":"","overlay-color":"","overlay-opacity":"","overlay-gradient":""},"mobile":{"background-color":"","background-image":"","background-repeat":"repeat","background-position":"center center","background-size":"auto","background-attachment":"scroll","background-type":"","background-media":"","overlay-type":"","overlay-color":"","overlay-opacity":"","overlay-gradient":""}},"ast-content-background-meta":{"desktop":{"background-color":"var(--ast-global-color-5)","background-image":"","background-repeat":"repeat","background-position":"center center","background-size":"auto","background-attachment":"scroll","background-type":"","background-media":"","overlay-type":"","overlay-color":"","overlay-opacity":"","overlay-gradient":""},"tablet":{"background-color":"var(--ast-global-color-5)","background-image":"","background-repeat":"repeat","background-position":"center center","background-size":"auto","background-attachment":"scroll","background-type":"","background-media":"","overlay-type":"","overlay-color":"","overlay-opacity":"","overlay-gradient":""},"mobile":{"background-color":"var(--ast-global-color-5)","background-image":"","background-repeat":"repeat","background-position":"center center","background-size":"auto","background-attachment":"scroll","background-type":"","background-media":"","overlay-type":"","overlay-color":"","overlay-opacity":"","overlay-gradient":""}}},"product_brand":[],"product_cat":[34226],"product_tag":[],"pa_brand_name":[25035],"class_list":{"0":"post-121206","1":"product","2":"type-product","3":"status-publish","4":"has-post-thumbnail","6":"product_cat-summer-light-truck","7":"pa_brand_name-continental","8":"desktop-align-left","9":"tablet-align-left","10":"mobile-align-left","12":"first","13":"outofstock","14":"taxable","15":"shipping-taxable","16":"purchasable","17":"product-type-simple"},"_links":{"self":[{"href":"https:\/\/shop.rettum.ee\/en\/wp-json\/wp\/v2\/product\/121206","targetHints":{"allow":["GET"]}}],"collection":[{"href":"https:\/\/shop.rettum.ee\/en\/wp-json\/wp\/v2\/product"}],"about":[{"href":"https:\/\/shop.rettum.ee\/en\/wp-json\/wp\/v2\/types\/product"}],"version-history":[{"count":1,"href":"https:\/\/shop.rettum.ee\/en\/wp-json\/wp\/v2\/product\/121206\/revisions"}],"predecessor-version":[{"id":125383,"href":"https:\/\/shop.rettum.ee\/en\/wp-json\/wp\/v2\/product\/121206\/revisions\/125383"}],"wp:featuredmedia":[{"embeddable":true,"href":"https:\/\/shop.rettum.ee\/en\/wp-json\/wp\/v2\/media\/124220"}],"wp:attachment":[{"href":"https:\/\/shop.rettum.ee\/en\/wp-json\/wp\/v2\/media?parent=121206"}],"wp:term":[{"taxonomy":"product_brand","embeddable":true,"href":"https:\/\/shop.rettum.ee\/en\/wp-json\/wp\/v2\/product_brand?post=121206"},{"taxonomy":"product_cat","embeddable":true,"href":"https:\/\/shop.rettum.ee\/en\/wp-json\/wp\/v2\/product_cat?post=121206"},{"taxonomy":"product_tag","embeddable":true,"href":"https:\/\/shop.rettum.ee\/en\/wp-json\/wp\/v2\/product_tag?post=121206"},{"taxonomy":"pa_brand_name","embeddable":true,"href":"https:\/\/shop.rettum.ee\/en\/wp-json\/wp\/v2\/pa_brand_name?post=121206"}],"curies":[{"name":"wp","href":"https:\/\/api.w.org\/{rel}","templated":true}]}}