{"id":121207,"date":"2025-03-31T03:11:33","date_gmt":"2025-03-31T00:11:33","guid":{"rendered":"https:\/\/shop.rettum.ee\/toode\/225-65r16c-continental-vancontact-eco-112-110t-aab72\/"},"modified":"2026-03-22T03:07:35","modified_gmt":"2026-03-22T01:07:35","slug":"225-65r16c-continental-vancontact-eco-112-110t-aab72","status":"publish","type":"product","link":"https:\/\/shop.rettum.ee\/en\/product\/225-65r16c-continental-vancontact-eco-112-110t-aab72\/","title":{"rendered":"225\/65R16C CONTINENTAL VANCONTACT ECO 112\/110T AAB72"},"content":{"rendered":"<p>Tutvustame reetilist 225\/65R16C CONTINENTAL VANCONTACT ECO 112\/110T AAB72 rehvi \u2013 ideaalse lahenduse kaubikute ja v\u00e4iksemate kommertss\u00f5idukite turvaliseks ja majanduslikuks s\u00f5iduks. See Continental\u2019i spetsiaalselt v\u00e4lja t\u00f6\u00f6tatud rehvikonstruktsioon tagab optimaalse k\u00fctuses\u00e4\u00e4stu ning madala veeretakistuse, mis omakorda aitab v\u00e4hendada s\u00f5idukik\u00fctusekulu ja CO\u2082 heitmeid. <\/p>\n<p>Rehv on kavandatud k\u00f5rge koormusindeksiga (112\/110), pakkudes usaldusv\u00e4\u00e4rset j\u00f5udlust ka n\u00f5udlikel s\u00f5idutingimustel ja raskematel teedel. T-klassi kiirusindeks tagab turvalise s\u00f5idu kuni maksimaalse lubatud kiiruseni, pakkudes head stabiilsust ja juhitavust. <\/p>\n<p>Vancontact ECO rehvi uuenduslik mustritehnoloogia tagab suurep\u00e4rase veoj\u00f5u niisketel ja kuival teel ning v\u00e4hendab aquaplaning\u2019u riski, pakkudes seega kindlat pidamist igas olukorras. Lisaks paneb Continental r\u00f5hku vastupidavusele ja pika eluea saavutamisele, muutes selle rehvi ideaalseks pikaajaliseks investeeringuks teie s\u00f5idukipargi efektiivsuse ja t\u00f6\u00f6kindluse tagamiseks.<\/p>\n<p>Valige 225\/65R16C CONTINENTAL VANCONTACT ECO 112\/110T AAB72 ja kogete turvalist, \u00f6konoomset ja usaldusv\u00e4\u00e4rset s\u00f5itu igal kilomeetril.<\/p>","protected":false},"excerpt":{"rendered":"<p>Tutvustame reetilist 225\/65R16C CONTINENTAL VANCONTACT ECO 112\/110T AAB72 rehvi \u2013 ideaalse lahenduse kaubikute ja v\u00e4iksemate kommertss\u00f5idukite turvaliseks ja majanduslikuks s\u00f5iduks. See Continental\u2019i spetsiaalselt v\u00e4lja t\u00f6\u00f6tatud rehvikonstruktsioon tagab optimaalse k\u00fctuses\u00e4\u00e4stu ning madala veeretakistuse, mis omakorda aitab v\u00e4hendada s\u00f5idukik\u00fctusekulu ja CO\u2082 heitmeid. Rehv on kavandatud k\u00f5rge koormusindeksiga (112\/110), pakkudes usaldusv\u00e4\u00e4rset j\u00f5udlust ka n\u00f5udlikel s\u00f5idutingimustel ja raskematel teedel. [&hellip;]<\/p>\n","protected":false},"featured_media":124220,"template":"","meta":{"site-sidebar-layout":"default","site-content-layout":"","ast-site-content-layout":"","site-content-style":"default","site-sidebar-style":"default","ast-global-header-display":"","ast-banner-title-visibility":"","ast-main-header-display":"","ast-hfb-above-header-display":"","ast-hfb-below-header-display":"","ast-hfb-mobile-header-display":"","site-post-title":"","ast-breadcrumbs-content":"","ast-featured-img":"","footer-sml-layout":"","theme-transparent-header-meta":"","adv-header-id-meta":"","stick-header-meta":"","header-above-stick-meta":"","header-main-stick-meta":"","header-below-stick-meta":"","astra-migrate-meta-layouts":"default","ast-page-background-enabled":"default","ast-page-background-meta":{"desktop":{"background-color":"","background-image":"","background-repeat":"repeat","background-position":"center center","background-size":"auto","background-attachment":"scroll","background-type":"","background-media":"","overlay-type":"","overlay-color":"","overlay-opacity":"","overlay-gradient":""},"tablet":{"background-color":"","background-image":"","background-repeat":"repeat","background-position":"center center","background-size":"auto","background-attachment":"scroll","background-type":"","background-media":"","overlay-type":"","overlay-color":"","overlay-opacity":"","overlay-gradient":""},"mobile":{"background-color":"","background-image":"","background-repeat":"repeat","background-position":"center center","background-size":"auto","background-attachment":"scroll","background-type":"","background-media":"","overlay-type":"","overlay-color":"","overlay-opacity":"","overlay-gradient":""}},"ast-content-background-meta":{"desktop":{"background-color":"var(--ast-global-color-5)","background-image":"","background-repeat":"repeat","background-position":"center center","background-size":"auto","background-attachment":"scroll","background-type":"","background-media":"","overlay-type":"","overlay-color":"","overlay-opacity":"","overlay-gradient":""},"tablet":{"background-color":"var(--ast-global-color-5)","background-image":"","background-repeat":"repeat","background-position":"center center","background-size":"auto","background-attachment":"scroll","background-type":"","background-media":"","overlay-type":"","overlay-color":"","overlay-opacity":"","overlay-gradient":""},"mobile":{"background-color":"var(--ast-global-color-5)","background-image":"","background-repeat":"repeat","background-position":"center center","background-size":"auto","background-attachment":"scroll","background-type":"","background-media":"","overlay-type":"","overlay-color":"","overlay-opacity":"","overlay-gradient":""}}},"product_brand":[],"product_cat":[34226],"product_tag":[],"pa_brand_name":[25035],"class_list":{"0":"post-121207","1":"product","2":"type-product","3":"status-publish","4":"has-post-thumbnail","6":"product_cat-summer-light-truck","7":"pa_brand_name-continental","8":"desktop-align-left","9":"tablet-align-left","10":"mobile-align-left","12":"first","13":"outofstock","14":"taxable","15":"shipping-taxable","16":"purchasable","17":"product-type-simple"},"_links":{"self":[{"href":"https:\/\/shop.rettum.ee\/en\/wp-json\/wp\/v2\/product\/121207","targetHints":{"allow":["GET"]}}],"collection":[{"href":"https:\/\/shop.rettum.ee\/en\/wp-json\/wp\/v2\/product"}],"about":[{"href":"https:\/\/shop.rettum.ee\/en\/wp-json\/wp\/v2\/types\/product"}],"version-history":[{"count":1,"href":"https:\/\/shop.rettum.ee\/en\/wp-json\/wp\/v2\/product\/121207\/revisions"}],"predecessor-version":[{"id":125384,"href":"https:\/\/shop.rettum.ee\/en\/wp-json\/wp\/v2\/product\/121207\/revisions\/125384"}],"wp:featuredmedia":[{"embeddable":true,"href":"https:\/\/shop.rettum.ee\/en\/wp-json\/wp\/v2\/media\/124220"}],"wp:attachment":[{"href":"https:\/\/shop.rettum.ee\/en\/wp-json\/wp\/v2\/media?parent=121207"}],"wp:term":[{"taxonomy":"product_brand","embeddable":true,"href":"https:\/\/shop.rettum.ee\/en\/wp-json\/wp\/v2\/product_brand?post=121207"},{"taxonomy":"product_cat","embeddable":true,"href":"https:\/\/shop.rettum.ee\/en\/wp-json\/wp\/v2\/product_cat?post=121207"},{"taxonomy":"product_tag","embeddable":true,"href":"https:\/\/shop.rettum.ee\/en\/wp-json\/wp\/v2\/product_tag?post=121207"},{"taxonomy":"pa_brand_name","embeddable":true,"href":"https:\/\/shop.rettum.ee\/en\/wp-json\/wp\/v2\/pa_brand_name?post=121207"}],"curies":[{"name":"wp","href":"https:\/\/api.w.org\/{rel}","templated":true}]}}