{"id":121208,"date":"2025-03-31T03:11:34","date_gmt":"2025-03-31T00:11:34","guid":{"rendered":"https:\/\/shop.rettum.ee\/toode\/235-65r16c-continental-vancontact-eco-115-113r-aab72\/"},"modified":"2026-03-22T03:07:35","modified_gmt":"2026-03-22T01:07:35","slug":"235-65r16c-continental-vancontact-eco-115-113r-aab72","status":"publish","type":"product","link":"https:\/\/shop.rettum.ee\/en\/product\/235-65r16c-continental-vancontact-eco-115-113r-aab72\/","title":{"rendered":"235\/65R16C CONTINENTAL VANCONTACT ECO 115\/113R AAB72"},"content":{"rendered":"<p>Tutvuge Continental Vancontact Eco rehviga, mis on loodud tagama ohutu ja \u00f6konoomse s\u00f5idu. Selle 235\/65R16C m\u00f5\u00f5tadega rehv pakub maksimaalset stabiilsust ja haarduvust t\u00e4nu optimeeritud rehviprofiilile ja radialkonstruktsioonile. 16-tolline l\u00e4bim\u00f5\u00f5t ja 235 mm laius loovad ideaalse aluse nii linnas kui maanteel s\u00f5itmiseks, pakkudes suurep\u00e4rast juhitavust ja mugavust.<\/p>\n<p>Rehvi koormusindeks 115\/113 tagab vajaliku tugevuse erinevates s\u00f5idutingimustes, samas kui kiirusindeks R on optimeeritud ohutuks s\u00f5iduks ka k\u00f5rgematel kiirustel. K\u00fctuses\u00e4\u00e4stlik A-klassi rehv aitab v\u00e4hendada k\u00fctusekulu ja keskkonnajalaj\u00e4lge, v\u00f5imaldades efektiivsemat s\u00f5itu. Niisketel teedel sooritab rehv suurep\u00e4raselt A-klassi haarduvusega, pakkudes kindlat tunda ka libedatel tingimustel. <\/p>\n<p>Lisaks on rehvi m\u00fcra tase optimeeritud 72-ga ning kuulub m\u00fcraklass B, tagades vaikse ja meeldiva s\u00f5idukogemuse. Valmistatud 2024 DOT aasta standarditele vastavalt, on Continental Vancontact Eco usaldusv\u00e4\u00e4rne valik neile, kes hindavad ohutust, j\u00f5udlust ja keskkonnas\u00f5bralikkust.<\/p>","protected":false},"excerpt":{"rendered":"<p>Tutvuge Continental Vancontact Eco rehviga, mis on loodud tagama ohutu ja \u00f6konoomse s\u00f5idu. Selle 235\/65R16C m\u00f5\u00f5tadega rehv pakub maksimaalset stabiilsust ja haarduvust t\u00e4nu optimeeritud rehviprofiilile ja radialkonstruktsioonile. 16-tolline l\u00e4bim\u00f5\u00f5t ja 235 mm laius loovad ideaalse aluse nii linnas kui maanteel s\u00f5itmiseks, pakkudes suurep\u00e4rast juhitavust ja mugavust. Rehvi koormusindeks 115\/113 tagab vajaliku tugevuse erinevates s\u00f5idutingimustes, samas [&hellip;]<\/p>\n","protected":false},"featured_media":124220,"template":"","meta":{"site-sidebar-layout":"default","site-content-layout":"","ast-site-content-layout":"","site-content-style":"default","site-sidebar-style":"default","ast-global-header-display":"","ast-banner-title-visibility":"","ast-main-header-display":"","ast-hfb-above-header-display":"","ast-hfb-below-header-display":"","ast-hfb-mobile-header-display":"","site-post-title":"","ast-breadcrumbs-content":"","ast-featured-img":"","footer-sml-layout":"","theme-transparent-header-meta":"","adv-header-id-meta":"","stick-header-meta":"","header-above-stick-meta":"","header-main-stick-meta":"","header-below-stick-meta":"","astra-migrate-meta-layouts":"default","ast-page-background-enabled":"default","ast-page-background-meta":{"desktop":{"background-color":"","background-image":"","background-repeat":"repeat","background-position":"center center","background-size":"auto","background-attachment":"scroll","background-type":"","background-media":"","overlay-type":"","overlay-color":"","overlay-opacity":"","overlay-gradient":""},"tablet":{"background-color":"","background-image":"","background-repeat":"repeat","background-position":"center center","background-size":"auto","background-attachment":"scroll","background-type":"","background-media":"","overlay-type":"","overlay-color":"","overlay-opacity":"","overlay-gradient":""},"mobile":{"background-color":"","background-image":"","background-repeat":"repeat","background-position":"center center","background-size":"auto","background-attachment":"scroll","background-type":"","background-media":"","overlay-type":"","overlay-color":"","overlay-opacity":"","overlay-gradient":""}},"ast-content-background-meta":{"desktop":{"background-color":"var(--ast-global-color-5)","background-image":"","background-repeat":"repeat","background-position":"center center","background-size":"auto","background-attachment":"scroll","background-type":"","background-media":"","overlay-type":"","overlay-color":"","overlay-opacity":"","overlay-gradient":""},"tablet":{"background-color":"var(--ast-global-color-5)","background-image":"","background-repeat":"repeat","background-position":"center center","background-size":"auto","background-attachment":"scroll","background-type":"","background-media":"","overlay-type":"","overlay-color":"","overlay-opacity":"","overlay-gradient":""},"mobile":{"background-color":"var(--ast-global-color-5)","background-image":"","background-repeat":"repeat","background-position":"center center","background-size":"auto","background-attachment":"scroll","background-type":"","background-media":"","overlay-type":"","overlay-color":"","overlay-opacity":"","overlay-gradient":""}}},"product_brand":[],"product_cat":[34226],"product_tag":[],"pa_brand_name":[25035],"class_list":{"0":"post-121208","1":"product","2":"type-product","3":"status-publish","4":"has-post-thumbnail","6":"product_cat-summer-light-truck","7":"pa_brand_name-continental","8":"desktop-align-left","9":"tablet-align-left","10":"mobile-align-left","12":"first","13":"outofstock","14":"taxable","15":"shipping-taxable","16":"purchasable","17":"product-type-simple"},"_links":{"self":[{"href":"https:\/\/shop.rettum.ee\/en\/wp-json\/wp\/v2\/product\/121208","targetHints":{"allow":["GET"]}}],"collection":[{"href":"https:\/\/shop.rettum.ee\/en\/wp-json\/wp\/v2\/product"}],"about":[{"href":"https:\/\/shop.rettum.ee\/en\/wp-json\/wp\/v2\/types\/product"}],"version-history":[{"count":1,"href":"https:\/\/shop.rettum.ee\/en\/wp-json\/wp\/v2\/product\/121208\/revisions"}],"predecessor-version":[{"id":125382,"href":"https:\/\/shop.rettum.ee\/en\/wp-json\/wp\/v2\/product\/121208\/revisions\/125382"}],"wp:featuredmedia":[{"embeddable":true,"href":"https:\/\/shop.rettum.ee\/en\/wp-json\/wp\/v2\/media\/124220"}],"wp:attachment":[{"href":"https:\/\/shop.rettum.ee\/en\/wp-json\/wp\/v2\/media?parent=121208"}],"wp:term":[{"taxonomy":"product_brand","embeddable":true,"href":"https:\/\/shop.rettum.ee\/en\/wp-json\/wp\/v2\/product_brand?post=121208"},{"taxonomy":"product_cat","embeddable":true,"href":"https:\/\/shop.rettum.ee\/en\/wp-json\/wp\/v2\/product_cat?post=121208"},{"taxonomy":"product_tag","embeddable":true,"href":"https:\/\/shop.rettum.ee\/en\/wp-json\/wp\/v2\/product_tag?post=121208"},{"taxonomy":"pa_brand_name","embeddable":true,"href":"https:\/\/shop.rettum.ee\/en\/wp-json\/wp\/v2\/pa_brand_name?post=121208"}],"curies":[{"name":"wp","href":"https:\/\/api.w.org\/{rel}","templated":true}]}}