{"id":121209,"date":"2025-03-31T03:11:35","date_gmt":"2025-03-31T00:11:35","guid":{"rendered":"https:\/\/shop.rettum.ee\/toode\/215-60r17c-continental-vancontact-eco-109-107t-aab71\/"},"modified":"2026-03-22T03:07:35","modified_gmt":"2026-03-22T01:07:35","slug":"215-60r17c-continental-vancontact-eco-109-107t-aab71","status":"publish","type":"product","link":"https:\/\/shop.rettum.ee\/en\/product\/215-60r17c-continental-vancontact-eco-109-107t-aab71\/","title":{"rendered":"215\/60R17C CONTINENTAL VANCONTACT ECO 109\/107T AAB71"},"content":{"rendered":"<p>Continental VanContact ECO rehv (m\u00f5\u00f5dud 215\/60R17C) on loodud pakkuma erakordset j\u00f5udlust ja \u00f6konoomsust kommerts- ning kergveokite jaoks. Rehvi konstruktsioon vastab k\u00f5rgetele ohutus- ja kestvusstandarditele, tagades suurep\u00e4rase veoj\u00f5u \u00fclekande ja optimaalse pidamise ka keerulistes teeoludes. T\u00e4nu madalale veeretakistusele aitab VanContact ECO v\u00e4hendada k\u00fctusekulu ja heitkoguseid, pakkudes seel\u00e4bi keskkonnas\u00f5bralikumat s\u00f5iduviisi. <\/p>\n<p>Rehvi koormusindeks 109\/107 ning T kiirusindeks kindlustavad, et see sobib n\u00f5udlike s\u00f5idutingimuste ja pikemateks vahemaadeks, s\u00e4ilitades oma j\u00f5udluse ka pikema kasutuse jooksul. AAB71 kood viitab rehvi spetsiifilisele tootmisj\u00e4rjekorrale ja kvaliteedi tagamisele. <\/p>\n<p>Valides Continental VanContact ECO, investeerite tipptasemel tehnoloogiasse, mis pakub j\u00e4rjepidevat j\u00f5udlust, ohutust ja kulude kokkuhoidu. Ideaalne valik neile, kes soovivad oma s\u00f5idukitesse usaldusv\u00e4\u00e4rsust ja optimaalseid s\u00f5idutingimusi.<\/p>","protected":false},"excerpt":{"rendered":"<p>Continental VanContact ECO rehv (m\u00f5\u00f5dud 215\/60R17C) on loodud pakkuma erakordset j\u00f5udlust ja \u00f6konoomsust kommerts- ning kergveokite jaoks. Rehvi konstruktsioon vastab k\u00f5rgetele ohutus- ja kestvusstandarditele, tagades suurep\u00e4rase veoj\u00f5u \u00fclekande ja optimaalse pidamise ka keerulistes teeoludes. T\u00e4nu madalale veeretakistusele aitab VanContact ECO v\u00e4hendada k\u00fctusekulu ja heitkoguseid, pakkudes seel\u00e4bi keskkonnas\u00f5bralikumat s\u00f5iduviisi. Rehvi koormusindeks 109\/107 ning T kiirusindeks kindlustavad, [&hellip;]<\/p>\n","protected":false},"featured_media":124220,"template":"","meta":{"site-sidebar-layout":"default","site-content-layout":"","ast-site-content-layout":"","site-content-style":"default","site-sidebar-style":"default","ast-global-header-display":"","ast-banner-title-visibility":"","ast-main-header-display":"","ast-hfb-above-header-display":"","ast-hfb-below-header-display":"","ast-hfb-mobile-header-display":"","site-post-title":"","ast-breadcrumbs-content":"","ast-featured-img":"","footer-sml-layout":"","theme-transparent-header-meta":"","adv-header-id-meta":"","stick-header-meta":"","header-above-stick-meta":"","header-main-stick-meta":"","header-below-stick-meta":"","astra-migrate-meta-layouts":"default","ast-page-background-enabled":"default","ast-page-background-meta":{"desktop":{"background-color":"","background-image":"","background-repeat":"repeat","background-position":"center center","background-size":"auto","background-attachment":"scroll","background-type":"","background-media":"","overlay-type":"","overlay-color":"","overlay-opacity":"","overlay-gradient":""},"tablet":{"background-color":"","background-image":"","background-repeat":"repeat","background-position":"center center","background-size":"auto","background-attachment":"scroll","background-type":"","background-media":"","overlay-type":"","overlay-color":"","overlay-opacity":"","overlay-gradient":""},"mobile":{"background-color":"","background-image":"","background-repeat":"repeat","background-position":"center center","background-size":"auto","background-attachment":"scroll","background-type":"","background-media":"","overlay-type":"","overlay-color":"","overlay-opacity":"","overlay-gradient":""}},"ast-content-background-meta":{"desktop":{"background-color":"var(--ast-global-color-5)","background-image":"","background-repeat":"repeat","background-position":"center center","background-size":"auto","background-attachment":"scroll","background-type":"","background-media":"","overlay-type":"","overlay-color":"","overlay-opacity":"","overlay-gradient":""},"tablet":{"background-color":"var(--ast-global-color-5)","background-image":"","background-repeat":"repeat","background-position":"center center","background-size":"auto","background-attachment":"scroll","background-type":"","background-media":"","overlay-type":"","overlay-color":"","overlay-opacity":"","overlay-gradient":""},"mobile":{"background-color":"var(--ast-global-color-5)","background-image":"","background-repeat":"repeat","background-position":"center center","background-size":"auto","background-attachment":"scroll","background-type":"","background-media":"","overlay-type":"","overlay-color":"","overlay-opacity":"","overlay-gradient":""}}},"product_brand":[],"product_cat":[34226],"product_tag":[],"pa_brand_name":[25035],"class_list":{"0":"post-121209","1":"product","2":"type-product","3":"status-publish","4":"has-post-thumbnail","6":"product_cat-summer-light-truck","7":"pa_brand_name-continental","8":"desktop-align-left","9":"tablet-align-left","10":"mobile-align-left","12":"first","13":"outofstock","14":"taxable","15":"shipping-taxable","16":"purchasable","17":"product-type-simple"},"_links":{"self":[{"href":"https:\/\/shop.rettum.ee\/en\/wp-json\/wp\/v2\/product\/121209","targetHints":{"allow":["GET"]}}],"collection":[{"href":"https:\/\/shop.rettum.ee\/en\/wp-json\/wp\/v2\/product"}],"about":[{"href":"https:\/\/shop.rettum.ee\/en\/wp-json\/wp\/v2\/types\/product"}],"version-history":[{"count":1,"href":"https:\/\/shop.rettum.ee\/en\/wp-json\/wp\/v2\/product\/121209\/revisions"}],"predecessor-version":[{"id":125380,"href":"https:\/\/shop.rettum.ee\/en\/wp-json\/wp\/v2\/product\/121209\/revisions\/125380"}],"wp:featuredmedia":[{"embeddable":true,"href":"https:\/\/shop.rettum.ee\/en\/wp-json\/wp\/v2\/media\/124220"}],"wp:attachment":[{"href":"https:\/\/shop.rettum.ee\/en\/wp-json\/wp\/v2\/media?parent=121209"}],"wp:term":[{"taxonomy":"product_brand","embeddable":true,"href":"https:\/\/shop.rettum.ee\/en\/wp-json\/wp\/v2\/product_brand?post=121209"},{"taxonomy":"product_cat","embeddable":true,"href":"https:\/\/shop.rettum.ee\/en\/wp-json\/wp\/v2\/product_cat?post=121209"},{"taxonomy":"product_tag","embeddable":true,"href":"https:\/\/shop.rettum.ee\/en\/wp-json\/wp\/v2\/product_tag?post=121209"},{"taxonomy":"pa_brand_name","embeddable":true,"href":"https:\/\/shop.rettum.ee\/en\/wp-json\/wp\/v2\/pa_brand_name?post=121209"}],"curies":[{"name":"wp","href":"https:\/\/api.w.org\/{rel}","templated":true}]}}