{"id":121210,"date":"2025-03-31T03:11:35","date_gmt":"2025-03-31T00:11:35","guid":{"rendered":"https:\/\/shop.rettum.ee\/toode\/235-60r17c-continental-vancontact-eco-117-115r-aab72\/"},"modified":"2026-03-22T03:07:35","modified_gmt":"2026-03-22T01:07:35","slug":"235-60r17c-continental-vancontact-eco-117-115r-aab72","status":"publish","type":"product","link":"https:\/\/shop.rettum.ee\/en\/product\/235-60r17c-continental-vancontact-eco-117-115r-aab72\/","title":{"rendered":"235\/60R17C CONTINENTAL VANCONTACT ECO 117\/115R AAB72"},"content":{"rendered":"<p>Continental Vancontact ECO rehvi m\u00f5\u00f5tmed 235\/60R17C on loodud pakkuma tipptasemel j\u00f5udlust ja \u00f6konoomsust nii kaupautodele kui ka v\u00e4ikestele kommertsmasinatele. Selle innovaatilise disaini eesm\u00e4rk on tagada suurep\u00e4rane haarduvus erinevatel teepindadel \u2013 nii m\u00e4rjal kui ka kuivtal \u2013 ja pakkuda stabiilsust ka n\u00f5udlikes s\u00f5idutingimustes. <\/p>\n<p>Kontinentaali tuntud innovatsioon ja kvaliteedikontroll on kindlustanud, et Vancontact ECO rehvide m\u00fcravaba ja k\u00fctuses\u00e4\u00e4stlik t\u00f6\u00f6 on koosk\u00f5las kaasaegsete keskkonnakaitsen\u00f5uetega. Optimeeritud veeretakistuse v\u00e4hendamine mitte ainult et lihtsustab s\u00f5itu, vaid pikendab ka rehvi eluea, pakkudes seel\u00e4bi nii s\u00f5iduki omanikele pikaaegset kasu. <\/p>\n<p>Selle rehvi diskreetne v\u00e4ljan\u00e4gemine ja hoolikalt valitud kummisegud v\u00f5imaldavad maksimaalset reaalseid s\u00f5iduomadusi, muutes iga teekonna kindlaks ja turvaliseks. Continental Vancontact ECO on seega ideaalne valik neile, kes hindavad kvaliteeti, \u00f6konoomsust ja usaldusv\u00e4\u00e4rsust igas s\u00f5idutingimuses.<\/p>","protected":false},"excerpt":{"rendered":"<p>Continental Vancontact ECO rehvi m\u00f5\u00f5tmed 235\/60R17C on loodud pakkuma tipptasemel j\u00f5udlust ja \u00f6konoomsust nii kaupautodele kui ka v\u00e4ikestele kommertsmasinatele. Selle innovaatilise disaini eesm\u00e4rk on tagada suurep\u00e4rane haarduvus erinevatel teepindadel \u2013 nii m\u00e4rjal kui ka kuivtal \u2013 ja pakkuda stabiilsust ka n\u00f5udlikes s\u00f5idutingimustes. Kontinentaali tuntud innovatsioon ja kvaliteedikontroll on kindlustanud, et Vancontact ECO rehvide m\u00fcravaba ja [&hellip;]<\/p>\n","protected":false},"featured_media":124220,"template":"","meta":{"site-sidebar-layout":"default","site-content-layout":"","ast-site-content-layout":"","site-content-style":"default","site-sidebar-style":"default","ast-global-header-display":"","ast-banner-title-visibility":"","ast-main-header-display":"","ast-hfb-above-header-display":"","ast-hfb-below-header-display":"","ast-hfb-mobile-header-display":"","site-post-title":"","ast-breadcrumbs-content":"","ast-featured-img":"","footer-sml-layout":"","theme-transparent-header-meta":"","adv-header-id-meta":"","stick-header-meta":"","header-above-stick-meta":"","header-main-stick-meta":"","header-below-stick-meta":"","astra-migrate-meta-layouts":"default","ast-page-background-enabled":"default","ast-page-background-meta":{"desktop":{"background-color":"","background-image":"","background-repeat":"repeat","background-position":"center center","background-size":"auto","background-attachment":"scroll","background-type":"","background-media":"","overlay-type":"","overlay-color":"","overlay-opacity":"","overlay-gradient":""},"tablet":{"background-color":"","background-image":"","background-repeat":"repeat","background-position":"center center","background-size":"auto","background-attachment":"scroll","background-type":"","background-media":"","overlay-type":"","overlay-color":"","overlay-opacity":"","overlay-gradient":""},"mobile":{"background-color":"","background-image":"","background-repeat":"repeat","background-position":"center center","background-size":"auto","background-attachment":"scroll","background-type":"","background-media":"","overlay-type":"","overlay-color":"","overlay-opacity":"","overlay-gradient":""}},"ast-content-background-meta":{"desktop":{"background-color":"var(--ast-global-color-5)","background-image":"","background-repeat":"repeat","background-position":"center center","background-size":"auto","background-attachment":"scroll","background-type":"","background-media":"","overlay-type":"","overlay-color":"","overlay-opacity":"","overlay-gradient":""},"tablet":{"background-color":"var(--ast-global-color-5)","background-image":"","background-repeat":"repeat","background-position":"center center","background-size":"auto","background-attachment":"scroll","background-type":"","background-media":"","overlay-type":"","overlay-color":"","overlay-opacity":"","overlay-gradient":""},"mobile":{"background-color":"var(--ast-global-color-5)","background-image":"","background-repeat":"repeat","background-position":"center center","background-size":"auto","background-attachment":"scroll","background-type":"","background-media":"","overlay-type":"","overlay-color":"","overlay-opacity":"","overlay-gradient":""}}},"product_brand":[],"product_cat":[34226],"product_tag":[],"pa_brand_name":[25035],"class_list":{"0":"post-121210","1":"product","2":"type-product","3":"status-publish","4":"has-post-thumbnail","6":"product_cat-summer-light-truck","7":"pa_brand_name-continental","8":"desktop-align-left","9":"tablet-align-left","10":"mobile-align-left","12":"first","13":"outofstock","14":"taxable","15":"shipping-taxable","16":"purchasable","17":"product-type-simple"},"_links":{"self":[{"href":"https:\/\/shop.rettum.ee\/en\/wp-json\/wp\/v2\/product\/121210","targetHints":{"allow":["GET"]}}],"collection":[{"href":"https:\/\/shop.rettum.ee\/en\/wp-json\/wp\/v2\/product"}],"about":[{"href":"https:\/\/shop.rettum.ee\/en\/wp-json\/wp\/v2\/types\/product"}],"version-history":[{"count":1,"href":"https:\/\/shop.rettum.ee\/en\/wp-json\/wp\/v2\/product\/121210\/revisions"}],"predecessor-version":[{"id":125381,"href":"https:\/\/shop.rettum.ee\/en\/wp-json\/wp\/v2\/product\/121210\/revisions\/125381"}],"wp:featuredmedia":[{"embeddable":true,"href":"https:\/\/shop.rettum.ee\/en\/wp-json\/wp\/v2\/media\/124220"}],"wp:attachment":[{"href":"https:\/\/shop.rettum.ee\/en\/wp-json\/wp\/v2\/media?parent=121210"}],"wp:term":[{"taxonomy":"product_brand","embeddable":true,"href":"https:\/\/shop.rettum.ee\/en\/wp-json\/wp\/v2\/product_brand?post=121210"},{"taxonomy":"product_cat","embeddable":true,"href":"https:\/\/shop.rettum.ee\/en\/wp-json\/wp\/v2\/product_cat?post=121210"},{"taxonomy":"product_tag","embeddable":true,"href":"https:\/\/shop.rettum.ee\/en\/wp-json\/wp\/v2\/product_tag?post=121210"},{"taxonomy":"pa_brand_name","embeddable":true,"href":"https:\/\/shop.rettum.ee\/en\/wp-json\/wp\/v2\/pa_brand_name?post=121210"}],"curies":[{"name":"wp","href":"https:\/\/api.w.org\/{rel}","templated":true}]}}