{"id":121211,"date":"2025-03-31T03:11:36","date_gmt":"2025-03-31T00:11:36","guid":{"rendered":"https:\/\/shop.rettum.ee\/toode\/225-55r17c-continental-vancontact-ultra-109-107h-bab71\/"},"modified":"2026-03-22T03:07:35","modified_gmt":"2026-03-22T01:07:35","slug":"225-55r17c-continental-vancontact-ultra-109-107h-bab71","status":"publish","type":"product","link":"https:\/\/shop.rettum.ee\/en\/product\/225-55r17c-continental-vancontact-ultra-109-107h-bab71\/","title":{"rendered":"225\/55R17C CONTINENTAL VANCONTACT ULTRA 109\/107H BAB71"},"content":{"rendered":"<p>Avastage Continental VanContact Ultra 225\/55R17C \u2013 usaldusv\u00e4\u00e4rne ja tipptasemel rehv, mis on spetsiaalselt disainitud kaubikutele ning pakub suurep\u00e4rast s\u00f5idukogemust igas olukorras. Rehvi 109\/107 koormusindeks ja H kiirusklass tagavad kindluse, et see vastu liigub kuni 210 km\/h kiirust, pakkudes samas suurep\u00e4rast stabiilsust ja s\u00f5idumugavust.<\/p>\n<p>Innovatiivne mustrikujundus on optimeeritud vee kiireks v\u00e4ljutamiseks, v\u00e4hendades vesiliirdu ning parandades m\u00e4rgadel teedel s\u00f5itmise turvalisust. Continental VanContact Ultra on loodud pikaajaliseks t\u00f6\u00f6kindluseks ning energiat\u00f5hususeks, v\u00f5imaldades teie s\u00f5idukil t\u00f6\u00f6tada optimaalselt ka k\u00f5ige n\u00f5udlikumates tingimustes.<\/p>\n<p>Valides selle rehvi, panustate tipptasemel tehnoloogiasse ja ohutusse, mis on \u00fclimalt t\u00e4htsad igap\u00e4evases kaubikuliikluses. Tagage oma s\u00f5idukile parim haarduvus ja juhitavus Continental VanContact Ultra abil ning nautige turvalist s\u00f5itu igal teekonnal.<\/p>","protected":false},"excerpt":{"rendered":"<p>Avastage Continental VanContact Ultra 225\/55R17C \u2013 usaldusv\u00e4\u00e4rne ja tipptasemel rehv, mis on spetsiaalselt disainitud kaubikutele ning pakub suurep\u00e4rast s\u00f5idukogemust igas olukorras. Rehvi 109\/107 koormusindeks ja H kiirusklass tagavad kindluse, et see vastu liigub kuni 210 km\/h kiirust, pakkudes samas suurep\u00e4rast stabiilsust ja s\u00f5idumugavust. Innovatiivne mustrikujundus on optimeeritud vee kiireks v\u00e4ljutamiseks, v\u00e4hendades vesiliirdu ning parandades m\u00e4rgadel [&hellip;]<\/p>\n","protected":false},"featured_media":124219,"template":"","meta":{"site-sidebar-layout":"default","site-content-layout":"","ast-site-content-layout":"","site-content-style":"default","site-sidebar-style":"default","ast-global-header-display":"","ast-banner-title-visibility":"","ast-main-header-display":"","ast-hfb-above-header-display":"","ast-hfb-below-header-display":"","ast-hfb-mobile-header-display":"","site-post-title":"","ast-breadcrumbs-content":"","ast-featured-img":"","footer-sml-layout":"","theme-transparent-header-meta":"","adv-header-id-meta":"","stick-header-meta":"","header-above-stick-meta":"","header-main-stick-meta":"","header-below-stick-meta":"","astra-migrate-meta-layouts":"default","ast-page-background-enabled":"default","ast-page-background-meta":{"desktop":{"background-color":"","background-image":"","background-repeat":"repeat","background-position":"center center","background-size":"auto","background-attachment":"scroll","background-type":"","background-media":"","overlay-type":"","overlay-color":"","overlay-opacity":"","overlay-gradient":""},"tablet":{"background-color":"","background-image":"","background-repeat":"repeat","background-position":"center center","background-size":"auto","background-attachment":"scroll","background-type":"","background-media":"","overlay-type":"","overlay-color":"","overlay-opacity":"","overlay-gradient":""},"mobile":{"background-color":"","background-image":"","background-repeat":"repeat","background-position":"center center","background-size":"auto","background-attachment":"scroll","background-type":"","background-media":"","overlay-type":"","overlay-color":"","overlay-opacity":"","overlay-gradient":""}},"ast-content-background-meta":{"desktop":{"background-color":"var(--ast-global-color-5)","background-image":"","background-repeat":"repeat","background-position":"center center","background-size":"auto","background-attachment":"scroll","background-type":"","background-media":"","overlay-type":"","overlay-color":"","overlay-opacity":"","overlay-gradient":""},"tablet":{"background-color":"var(--ast-global-color-5)","background-image":"","background-repeat":"repeat","background-position":"center center","background-size":"auto","background-attachment":"scroll","background-type":"","background-media":"","overlay-type":"","overlay-color":"","overlay-opacity":"","overlay-gradient":""},"mobile":{"background-color":"var(--ast-global-color-5)","background-image":"","background-repeat":"repeat","background-position":"center center","background-size":"auto","background-attachment":"scroll","background-type":"","background-media":"","overlay-type":"","overlay-color":"","overlay-opacity":"","overlay-gradient":""}}},"product_brand":[],"product_cat":[34226],"product_tag":[],"pa_brand_name":[25035],"class_list":{"0":"post-121211","1":"product","2":"type-product","3":"status-publish","4":"has-post-thumbnail","6":"product_cat-summer-light-truck","7":"pa_brand_name-continental","8":"desktop-align-left","9":"tablet-align-left","10":"mobile-align-left","12":"first","13":"outofstock","14":"taxable","15":"shipping-taxable","16":"purchasable","17":"product-type-simple"},"_links":{"self":[{"href":"https:\/\/shop.rettum.ee\/en\/wp-json\/wp\/v2\/product\/121211","targetHints":{"allow":["GET"]}}],"collection":[{"href":"https:\/\/shop.rettum.ee\/en\/wp-json\/wp\/v2\/product"}],"about":[{"href":"https:\/\/shop.rettum.ee\/en\/wp-json\/wp\/v2\/types\/product"}],"version-history":[{"count":1,"href":"https:\/\/shop.rettum.ee\/en\/wp-json\/wp\/v2\/product\/121211\/revisions"}],"predecessor-version":[{"id":125379,"href":"https:\/\/shop.rettum.ee\/en\/wp-json\/wp\/v2\/product\/121211\/revisions\/125379"}],"wp:featuredmedia":[{"embeddable":true,"href":"https:\/\/shop.rettum.ee\/en\/wp-json\/wp\/v2\/media\/124219"}],"wp:attachment":[{"href":"https:\/\/shop.rettum.ee\/en\/wp-json\/wp\/v2\/media?parent=121211"}],"wp:term":[{"taxonomy":"product_brand","embeddable":true,"href":"https:\/\/shop.rettum.ee\/en\/wp-json\/wp\/v2\/product_brand?post=121211"},{"taxonomy":"product_cat","embeddable":true,"href":"https:\/\/shop.rettum.ee\/en\/wp-json\/wp\/v2\/product_cat?post=121211"},{"taxonomy":"product_tag","embeddable":true,"href":"https:\/\/shop.rettum.ee\/en\/wp-json\/wp\/v2\/product_tag?post=121211"},{"taxonomy":"pa_brand_name","embeddable":true,"href":"https:\/\/shop.rettum.ee\/en\/wp-json\/wp\/v2\/pa_brand_name?post=121211"}],"curies":[{"name":"wp","href":"https:\/\/api.w.org\/{rel}","templated":true}]}}