{"id":121213,"date":"2025-03-31T03:11:38","date_gmt":"2025-03-31T00:11:38","guid":{"rendered":"https:\/\/shop.rettum.ee\/toode\/315-30r22-continental-premiumcontact-6-107y-xl-bbb73\/"},"modified":"2026-03-24T02:47:37","modified_gmt":"2026-03-24T00:47:37","slug":"315-30r22-continental-premiumcontact-6-107y-xl-bbb73","status":"publish","type":"product","link":"https:\/\/shop.rettum.ee\/en\/product\/315-30r22-continental-premiumcontact-6-107y-xl-bbb73\/","title":{"rendered":"315\/30R22 CONTINENTAL PREMIUMCONTACT 6 107Y XL (*) BBB73"},"content":{"rendered":"<p>Tutvustame uuenduslikku Continental PremiumContact 6 rehvi suurusega 315\/30R22, mis on loodud n\u00f5udlikule s\u00f5idukirehvide maailmale. See XL-rehv, mille t\u00e4iendav koormusindeks 107 ja kiirusklass Y annavad v\u00f5imaluse nautida nii sportlikku j\u00f5udlust kui ka ohutut s\u00f5idukogemust, vastates k\u00f5rgeimatele kvaliteedit\u00e4htajatele. PremiumContact 6 on Continentali tipptasemel disain ja tehnoloogia s\u00fcmbioos, mis tagab suurep\u00e4rase pidamise erinevatel teedel, pakkudes optimaalseid sooritusi nii kuivadel kui ka m\u00e4rgadel tingimustel. Rehvi kaasaegne koostis ja struktuurne disain v\u00e4hendavad veesuusadu ning parandavad pidamist, muutes s\u00f5idu kindlamaks ja stabiilsemaks. Produtsendi BBB73 kood kinnitab hoolikat ja kvaliteetset tootmisprotsessi. Valides Continental PremiumContact 6, tagate endale nii turvalisuse, vastupidavuse kui ka efektiivse j\u00f5udluse \u2013 ideaalne valik neile, kes hindavad usaldusv\u00e4\u00e4rsust ja tipptasemel s\u00f5idud\u00fcnaamikat.<\/p>","protected":false},"excerpt":{"rendered":"<p>Tutvustame uuenduslikku Continental PremiumContact 6 rehvi suurusega 315\/30R22, mis on loodud n\u00f5udlikule s\u00f5idukirehvide maailmale. See XL-rehv, mille t\u00e4iendav koormusindeks 107 ja kiirusklass Y annavad v\u00f5imaluse nautida nii sportlikku j\u00f5udlust kui ka ohutut s\u00f5idukogemust, vastates k\u00f5rgeimatele kvaliteedit\u00e4htajatele. PremiumContact 6 on Continentali tipptasemel disain ja tehnoloogia s\u00fcmbioos, mis tagab suurep\u00e4rase pidamise erinevatel teedel, pakkudes optimaalseid sooritusi nii [&hellip;]<\/p>\n","protected":false},"featured_media":124217,"template":"","meta":{"site-sidebar-layout":"default","site-content-layout":"","ast-site-content-layout":"","site-content-style":"default","site-sidebar-style":"default","ast-global-header-display":"","ast-banner-title-visibility":"","ast-main-header-display":"","ast-hfb-above-header-display":"","ast-hfb-below-header-display":"","ast-hfb-mobile-header-display":"","site-post-title":"","ast-breadcrumbs-content":"","ast-featured-img":"","footer-sml-layout":"","theme-transparent-header-meta":"","adv-header-id-meta":"","stick-header-meta":"","header-above-stick-meta":"","header-main-stick-meta":"","header-below-stick-meta":"","astra-migrate-meta-layouts":"default","ast-page-background-enabled":"default","ast-page-background-meta":{"desktop":{"background-color":"","background-image":"","background-repeat":"repeat","background-position":"center center","background-size":"auto","background-attachment":"scroll","background-type":"","background-media":"","overlay-type":"","overlay-color":"","overlay-opacity":"","overlay-gradient":""},"tablet":{"background-color":"","background-image":"","background-repeat":"repeat","background-position":"center center","background-size":"auto","background-attachment":"scroll","background-type":"","background-media":"","overlay-type":"","overlay-color":"","overlay-opacity":"","overlay-gradient":""},"mobile":{"background-color":"","background-image":"","background-repeat":"repeat","background-position":"center center","background-size":"auto","background-attachment":"scroll","background-type":"","background-media":"","overlay-type":"","overlay-color":"","overlay-opacity":"","overlay-gradient":""}},"ast-content-background-meta":{"desktop":{"background-color":"var(--ast-global-color-5)","background-image":"","background-repeat":"repeat","background-position":"center center","background-size":"auto","background-attachment":"scroll","background-type":"","background-media":"","overlay-type":"","overlay-color":"","overlay-opacity":"","overlay-gradient":""},"tablet":{"background-color":"var(--ast-global-color-5)","background-image":"","background-repeat":"repeat","background-position":"center center","background-size":"auto","background-attachment":"scroll","background-type":"","background-media":"","overlay-type":"","overlay-color":"","overlay-opacity":"","overlay-gradient":""},"mobile":{"background-color":"var(--ast-global-color-5)","background-image":"","background-repeat":"repeat","background-position":"center center","background-size":"auto","background-attachment":"scroll","background-type":"","background-media":"","overlay-type":"","overlay-color":"","overlay-opacity":"","overlay-gradient":""}}},"product_brand":[],"product_cat":[34225],"product_tag":[],"pa_brand_name":[25035],"class_list":{"0":"post-121213","1":"product","2":"type-product","3":"status-publish","4":"has-post-thumbnail","6":"product_cat-summer-tires-pv","7":"pa_brand_name-continental","8":"desktop-align-left","9":"tablet-align-left","10":"mobile-align-left","12":"first","13":"instock","14":"taxable","15":"shipping-taxable","16":"purchasable","17":"product-type-simple"},"_links":{"self":[{"href":"https:\/\/shop.rettum.ee\/en\/wp-json\/wp\/v2\/product\/121213","targetHints":{"allow":["GET"]}}],"collection":[{"href":"https:\/\/shop.rettum.ee\/en\/wp-json\/wp\/v2\/product"}],"about":[{"href":"https:\/\/shop.rettum.ee\/en\/wp-json\/wp\/v2\/types\/product"}],"version-history":[{"count":1,"href":"https:\/\/shop.rettum.ee\/en\/wp-json\/wp\/v2\/product\/121213\/revisions"}],"predecessor-version":[{"id":125376,"href":"https:\/\/shop.rettum.ee\/en\/wp-json\/wp\/v2\/product\/121213\/revisions\/125376"}],"wp:featuredmedia":[{"embeddable":true,"href":"https:\/\/shop.rettum.ee\/en\/wp-json\/wp\/v2\/media\/124217"}],"wp:attachment":[{"href":"https:\/\/shop.rettum.ee\/en\/wp-json\/wp\/v2\/media?parent=121213"}],"wp:term":[{"taxonomy":"product_brand","embeddable":true,"href":"https:\/\/shop.rettum.ee\/en\/wp-json\/wp\/v2\/product_brand?post=121213"},{"taxonomy":"product_cat","embeddable":true,"href":"https:\/\/shop.rettum.ee\/en\/wp-json\/wp\/v2\/product_cat?post=121213"},{"taxonomy":"product_tag","embeddable":true,"href":"https:\/\/shop.rettum.ee\/en\/wp-json\/wp\/v2\/product_tag?post=121213"},{"taxonomy":"pa_brand_name","embeddable":true,"href":"https:\/\/shop.rettum.ee\/en\/wp-json\/wp\/v2\/pa_brand_name?post=121213"}],"curies":[{"name":"wp","href":"https:\/\/api.w.org\/{rel}","templated":true}]}}