{"id":121215,"date":"2025-03-31T03:11:39","date_gmt":"2025-03-31T00:11:39","guid":{"rendered":"https:\/\/shop.rettum.ee\/toode\/265-35r21-continental-wintercontact-ts860s-103v-xl-nf0-hl-fr-studless-ccb73-3pmsf-ms\/"},"modified":"2026-03-22T03:08:25","modified_gmt":"2026-03-22T01:08:25","slug":"265-35r21-continental-wintercontact-ts860s-103v-xl-nf0-hl-fr-studless-ccb73-3pmsf-ms","status":"publish","type":"product","link":"https:\/\/shop.rettum.ee\/en\/product\/265-35r21-continental-wintercontact-ts860s-103v-xl-nf0-hl-fr-studless-ccb73-3pmsf-ms\/","title":{"rendered":"265\/35R21 CONTINENTAL WINTERCONTACT TS860S 103V XL NF0 HL FR Studless CCB73 3PMSF M+S"},"content":{"rendered":"<p>Continental WINTERCONTACT TS860S rehvid (265\/35R21) on disainitud pakkuma erakordset haarduvust ja kindlustunnet karmides talveoludes. Rehvi tehnoloogiline arendus tagab tipptasemel konkreetse juhitavuse niisketel, lumistel ning j\u00e4\u00e4katetel teedel, v\u00f5imaldades s\u00f5itu ka rasketes ilmastikutingimustes. XL konstruktsioon tagab suurema koormustaluvuse ilma j\u00f5udlust ohverdamata, samas kui NF0 ja HL FR tehnoloogiad aitavad s\u00e4ilitada stabiilsust ning tagada maksimaalse turvalisuse. Studless disain koos CCB73 ja M+S m\u00e4rgistustega arendab optimaalse haarduvuse ilma naelakattedeta, pakkudes efektiivset j\u00f5udlust ka eriti lumistel radadel. 3PMSF s\u00fcmbol kinnitab rehvi vastavust rangetele talvise s\u00f5idu standarditele, andes kindlustunde k\u00f5ikjal, kus talvised teeolud n\u00f5uavad parimat sooritust. Continental WINTERCONTACT TS860S on ideaalne valik neile, kes v\u00e4\u00e4rtustavad ohutust, m\u00fcrgitu vastupidavust ning tehnoloogilisi uuendusi, tagades maksimaalse t\u00f6\u00f6kindluse ja s\u00f5idu nauditavuse isegi k\u00f5ige n\u00f5udlikumates tingimustes.<\/p>","protected":false},"excerpt":{"rendered":"<p>Continental WINTERCONTACT TS860S rehvid (265\/35R21) on disainitud pakkuma erakordset haarduvust ja kindlustunnet karmides talveoludes. Rehvi tehnoloogiline arendus tagab tipptasemel konkreetse juhitavuse niisketel, lumistel ning j\u00e4\u00e4katetel teedel, v\u00f5imaldades s\u00f5itu ka rasketes ilmastikutingimustes. XL konstruktsioon tagab suurema koormustaluvuse ilma j\u00f5udlust ohverdamata, samas kui NF0 ja HL FR tehnoloogiad aitavad s\u00e4ilitada stabiilsust ning tagada maksimaalse turvalisuse. Studless disain [&hellip;]<\/p>\n","protected":false},"featured_media":122213,"template":"","meta":{"site-sidebar-layout":"default","site-content-layout":"","ast-site-content-layout":"","site-content-style":"default","site-sidebar-style":"default","ast-global-header-display":"","ast-banner-title-visibility":"","ast-main-header-display":"","ast-hfb-above-header-display":"","ast-hfb-below-header-display":"","ast-hfb-mobile-header-display":"","site-post-title":"","ast-breadcrumbs-content":"","ast-featured-img":"","footer-sml-layout":"","theme-transparent-header-meta":"","adv-header-id-meta":"","stick-header-meta":"","header-above-stick-meta":"","header-main-stick-meta":"","header-below-stick-meta":"","astra-migrate-meta-layouts":"default","ast-page-background-enabled":"default","ast-page-background-meta":{"desktop":{"background-color":"","background-image":"","background-repeat":"repeat","background-position":"center center","background-size":"auto","background-attachment":"scroll","background-type":"","background-media":"","overlay-type":"","overlay-color":"","overlay-opacity":"","overlay-gradient":""},"tablet":{"background-color":"","background-image":"","background-repeat":"repeat","background-position":"center center","background-size":"auto","background-attachment":"scroll","background-type":"","background-media":"","overlay-type":"","overlay-color":"","overlay-opacity":"","overlay-gradient":""},"mobile":{"background-color":"","background-image":"","background-repeat":"repeat","background-position":"center center","background-size":"auto","background-attachment":"scroll","background-type":"","background-media":"","overlay-type":"","overlay-color":"","overlay-opacity":"","overlay-gradient":""}},"ast-content-background-meta":{"desktop":{"background-color":"var(--ast-global-color-5)","background-image":"","background-repeat":"repeat","background-position":"center center","background-size":"auto","background-attachment":"scroll","background-type":"","background-media":"","overlay-type":"","overlay-color":"","overlay-opacity":"","overlay-gradient":""},"tablet":{"background-color":"var(--ast-global-color-5)","background-image":"","background-repeat":"repeat","background-position":"center center","background-size":"auto","background-attachment":"scroll","background-type":"","background-media":"","overlay-type":"","overlay-color":"","overlay-opacity":"","overlay-gradient":""},"mobile":{"background-color":"var(--ast-global-color-5)","background-image":"","background-repeat":"repeat","background-position":"center center","background-size":"auto","background-attachment":"scroll","background-type":"","background-media":"","overlay-type":"","overlay-color":"","overlay-opacity":"","overlay-gradient":""}}},"product_brand":[],"product_cat":[34228],"product_tag":[],"pa_brand_name":[25035],"class_list":{"0":"post-121215","1":"product","2":"type-product","3":"status-publish","4":"has-post-thumbnail","6":"product_cat-winter-tires-friction","7":"pa_brand_name-continental","8":"desktop-align-left","9":"tablet-align-left","10":"mobile-align-left","12":"first","13":"outofstock","14":"taxable","15":"shipping-taxable","16":"purchasable","17":"product-type-simple"},"_links":{"self":[{"href":"https:\/\/shop.rettum.ee\/en\/wp-json\/wp\/v2\/product\/121215","targetHints":{"allow":["GET"]}}],"collection":[{"href":"https:\/\/shop.rettum.ee\/en\/wp-json\/wp\/v2\/product"}],"about":[{"href":"https:\/\/shop.rettum.ee\/en\/wp-json\/wp\/v2\/types\/product"}],"version-history":[{"count":1,"href":"https:\/\/shop.rettum.ee\/en\/wp-json\/wp\/v2\/product\/121215\/revisions"}],"predecessor-version":[{"id":125374,"href":"https:\/\/shop.rettum.ee\/en\/wp-json\/wp\/v2\/product\/121215\/revisions\/125374"}],"wp:featuredmedia":[{"embeddable":true,"href":"https:\/\/shop.rettum.ee\/en\/wp-json\/wp\/v2\/media\/122213"}],"wp:attachment":[{"href":"https:\/\/shop.rettum.ee\/en\/wp-json\/wp\/v2\/media?parent=121215"}],"wp:term":[{"taxonomy":"product_brand","embeddable":true,"href":"https:\/\/shop.rettum.ee\/en\/wp-json\/wp\/v2\/product_brand?post=121215"},{"taxonomy":"product_cat","embeddable":true,"href":"https:\/\/shop.rettum.ee\/en\/wp-json\/wp\/v2\/product_cat?post=121215"},{"taxonomy":"product_tag","embeddable":true,"href":"https:\/\/shop.rettum.ee\/en\/wp-json\/wp\/v2\/product_tag?post=121215"},{"taxonomy":"pa_brand_name","embeddable":true,"href":"https:\/\/shop.rettum.ee\/en\/wp-json\/wp\/v2\/pa_brand_name?post=121215"}],"curies":[{"name":"wp","href":"https:\/\/api.w.org\/{rel}","templated":true}]}}