{"id":121218,"date":"2025-03-31T03:11:41","date_gmt":"2025-03-31T00:11:41","guid":{"rendered":"https:\/\/shop.rettum.ee\/toode\/275-50r20-continental-wintercontact-ts850p-113v-xl-mo-fr-studless-cbb73-3pmsf-ms\/"},"modified":"2026-03-22T03:08:25","modified_gmt":"2026-03-22T01:08:25","slug":"275-50r20-continental-wintercontact-ts850p-113v-xl-mo-fr-studless-cbb73-3pmsf-ms","status":"publish","type":"product","link":"https:\/\/shop.rettum.ee\/en\/product\/275-50r20-continental-wintercontact-ts850p-113v-xl-mo-fr-studless-cbb73-3pmsf-ms\/","title":{"rendered":"275\/50R20 CONTINENTAL WINTERCONTACT TS850P 113V XL MO FR Studless CBB73 3PMSF M+S"},"content":{"rendered":"<p>Continental WinterContact TS850P on tipptasemel talver\u00f5u, mis on loodud n\u00f5udlike talveolude jaoks. Selle m\u00f5\u00f5tmed 275\/50R20 ja tugev XL-konstruktsioon tagavad kindla kontakti ning k\u00f5rge vastupidavuse ka karmimates teeoludes. R\u00e4\u00e4gime innovatiivsest studless disainist, mis loob optimaalse haarduvuse ilma metallnokkideta, pakkudes vaikset ja sujuvat s\u00f5idukogemust. Lisaks omavad need \u00f5ud 3PMSF ja M+S sertifikaate, mis kinnitavad selle sobivust lumiste ja mudaste olude l\u00e4bitungimiseks.<\/p>\n<p>R\u00f5huasetusega ohutusele ja j\u00f5udlusele tagab 113 koormusindeks ja V kiiruskategooria maksimaalse s\u00f5idu stabiilsuse ja kindluse ka kiiretel maanteedel. Continentali uuenduslikud tehnoloogiad ja kvaliteetsed materjalid lisavad veelgi s\u00f5idumugavust ning pikendavad \u00f5u eluiga. Valides WinterContact TS850P, teete kindla samm turvalise ja usaldusv\u00e4\u00e4rse talvej\u00e4rgi poole.<\/p>","protected":false},"excerpt":{"rendered":"<p>Continental WinterContact TS850P on tipptasemel talver\u00f5u, mis on loodud n\u00f5udlike talveolude jaoks. Selle m\u00f5\u00f5tmed 275\/50R20 ja tugev XL-konstruktsioon tagavad kindla kontakti ning k\u00f5rge vastupidavuse ka karmimates teeoludes. R\u00e4\u00e4gime innovatiivsest studless disainist, mis loob optimaalse haarduvuse ilma metallnokkideta, pakkudes vaikset ja sujuvat s\u00f5idukogemust. Lisaks omavad need \u00f5ud 3PMSF ja M+S sertifikaate, mis kinnitavad selle sobivust lumiste [&hellip;]<\/p>\n","protected":false},"featured_media":122220,"template":"","meta":{"site-sidebar-layout":"default","site-content-layout":"","ast-site-content-layout":"","site-content-style":"default","site-sidebar-style":"default","ast-global-header-display":"","ast-banner-title-visibility":"","ast-main-header-display":"","ast-hfb-above-header-display":"","ast-hfb-below-header-display":"","ast-hfb-mobile-header-display":"","site-post-title":"","ast-breadcrumbs-content":"","ast-featured-img":"","footer-sml-layout":"","theme-transparent-header-meta":"","adv-header-id-meta":"","stick-header-meta":"","header-above-stick-meta":"","header-main-stick-meta":"","header-below-stick-meta":"","astra-migrate-meta-layouts":"default","ast-page-background-enabled":"default","ast-page-background-meta":{"desktop":{"background-color":"","background-image":"","background-repeat":"repeat","background-position":"center center","background-size":"auto","background-attachment":"scroll","background-type":"","background-media":"","overlay-type":"","overlay-color":"","overlay-opacity":"","overlay-gradient":""},"tablet":{"background-color":"","background-image":"","background-repeat":"repeat","background-position":"center center","background-size":"auto","background-attachment":"scroll","background-type":"","background-media":"","overlay-type":"","overlay-color":"","overlay-opacity":"","overlay-gradient":""},"mobile":{"background-color":"","background-image":"","background-repeat":"repeat","background-position":"center center","background-size":"auto","background-attachment":"scroll","background-type":"","background-media":"","overlay-type":"","overlay-color":"","overlay-opacity":"","overlay-gradient":""}},"ast-content-background-meta":{"desktop":{"background-color":"var(--ast-global-color-5)","background-image":"","background-repeat":"repeat","background-position":"center center","background-size":"auto","background-attachment":"scroll","background-type":"","background-media":"","overlay-type":"","overlay-color":"","overlay-opacity":"","overlay-gradient":""},"tablet":{"background-color":"var(--ast-global-color-5)","background-image":"","background-repeat":"repeat","background-position":"center center","background-size":"auto","background-attachment":"scroll","background-type":"","background-media":"","overlay-type":"","overlay-color":"","overlay-opacity":"","overlay-gradient":""},"mobile":{"background-color":"var(--ast-global-color-5)","background-image":"","background-repeat":"repeat","background-position":"center center","background-size":"auto","background-attachment":"scroll","background-type":"","background-media":"","overlay-type":"","overlay-color":"","overlay-opacity":"","overlay-gradient":""}}},"product_brand":[],"product_cat":[34228],"product_tag":[],"pa_brand_name":[25035],"class_list":{"0":"post-121218","1":"product","2":"type-product","3":"status-publish","4":"has-post-thumbnail","6":"product_cat-winter-tires-friction","7":"pa_brand_name-continental","8":"desktop-align-left","9":"tablet-align-left","10":"mobile-align-left","12":"first","13":"outofstock","14":"taxable","15":"shipping-taxable","16":"purchasable","17":"product-type-simple"},"_links":{"self":[{"href":"https:\/\/shop.rettum.ee\/en\/wp-json\/wp\/v2\/product\/121218","targetHints":{"allow":["GET"]}}],"collection":[{"href":"https:\/\/shop.rettum.ee\/en\/wp-json\/wp\/v2\/product"}],"about":[{"href":"https:\/\/shop.rettum.ee\/en\/wp-json\/wp\/v2\/types\/product"}],"version-history":[{"count":1,"href":"https:\/\/shop.rettum.ee\/en\/wp-json\/wp\/v2\/product\/121218\/revisions"}],"predecessor-version":[{"id":125372,"href":"https:\/\/shop.rettum.ee\/en\/wp-json\/wp\/v2\/product\/121218\/revisions\/125372"}],"wp:featuredmedia":[{"embeddable":true,"href":"https:\/\/shop.rettum.ee\/en\/wp-json\/wp\/v2\/media\/122220"}],"wp:attachment":[{"href":"https:\/\/shop.rettum.ee\/en\/wp-json\/wp\/v2\/media?parent=121218"}],"wp:term":[{"taxonomy":"product_brand","embeddable":true,"href":"https:\/\/shop.rettum.ee\/en\/wp-json\/wp\/v2\/product_brand?post=121218"},{"taxonomy":"product_cat","embeddable":true,"href":"https:\/\/shop.rettum.ee\/en\/wp-json\/wp\/v2\/product_cat?post=121218"},{"taxonomy":"product_tag","embeddable":true,"href":"https:\/\/shop.rettum.ee\/en\/wp-json\/wp\/v2\/product_tag?post=121218"},{"taxonomy":"pa_brand_name","embeddable":true,"href":"https:\/\/shop.rettum.ee\/en\/wp-json\/wp\/v2\/pa_brand_name?post=121218"}],"curies":[{"name":"wp","href":"https:\/\/api.w.org\/{rel}","templated":true}]}}