{"id":121220,"date":"2025-03-31T03:11:42","date_gmt":"2025-03-31T00:11:42","guid":{"rendered":"https:\/\/shop.rettum.ee\/toode\/275-35r22-continental-wintercontact-8-s-104v-xl-fr-studless-bbb73-3pmsf-ms\/"},"modified":"2026-03-22T03:08:25","modified_gmt":"2026-03-22T01:08:25","slug":"275-35r22-continental-wintercontact-8-s-104v-xl-fr-studless-bbb73-3pmsf-ms","status":"publish","type":"product","link":"https:\/\/shop.rettum.ee\/en\/product\/275-35r22-continental-wintercontact-8-s-104v-xl-fr-studless-bbb73-3pmsf-ms\/","title":{"rendered":"275\/35R22 CONTINENTAL WINTERCONTACT 8 S 104V XL FR Studless BBB73 3PMSF M+S"},"content":{"rendered":"<p>Tutvustame Continental WinterContact 8 S talverehvi, mis on loodud n\u00f5udlike talveolude jaoks. Rehvi m\u00f5\u00f5tmed 275\/35R22 tagavad suurep\u00e4rase stabiilsuse ja sportliku reaktsiooniv\u00f5ime ka k\u00f5ige muutlikumates olukordades. XL versioon ning koormusindeks 104V lisavad kindlustunnet ka raskemates oludes, pakkudes suurenenud koormustalitust ja vastupidavust.<\/p>\n<p>Innovatiivne studless disain loob spetsiaalse mustriga pinnakontakti, tagades maksimaalse haarduvuse nii lumel kui ka m\u00e4rgadel teedel. Rehvi 3PMSF m\u00e4rgis t\u00f5estab selle v\u00f5imekust raskemates talveoludes, samal ajal kui M+S s\u00fcmbol kinnitab selle mitmek\u00fclgsust ka muda ja libedate pindadega.<\/p>\n<p>Continental on tuntud oma k\u00f5rge kvaliteedi ja tehnoloogiliste uuenduste poolest. WinterContact 8 S on ideaalne valik neile, kes hindavad turvalist s\u00f5idukogemust ja kindlat pidamist isegi k\u00f5ige ootamatumatel talve teedel. See rehv pakub usaldusv\u00e4\u00e4rset j\u00f5udlust ja stabiilsust, tagades, et s\u00f5idakogemus oleks igas olukorras turvaline ja mugav.<\/p>","protected":false},"excerpt":{"rendered":"<p>Tutvustame Continental WinterContact 8 S talverehvi, mis on loodud n\u00f5udlike talveolude jaoks. Rehvi m\u00f5\u00f5tmed 275\/35R22 tagavad suurep\u00e4rase stabiilsuse ja sportliku reaktsiooniv\u00f5ime ka k\u00f5ige muutlikumates olukordades. XL versioon ning koormusindeks 104V lisavad kindlustunnet ka raskemates oludes, pakkudes suurenenud koormustalitust ja vastupidavust. Innovatiivne studless disain loob spetsiaalse mustriga pinnakontakti, tagades maksimaalse haarduvuse nii lumel kui ka m\u00e4rgadel [&hellip;]<\/p>\n","protected":false},"featured_media":124215,"template":"","meta":{"site-sidebar-layout":"default","site-content-layout":"","ast-site-content-layout":"","site-content-style":"default","site-sidebar-style":"default","ast-global-header-display":"","ast-banner-title-visibility":"","ast-main-header-display":"","ast-hfb-above-header-display":"","ast-hfb-below-header-display":"","ast-hfb-mobile-header-display":"","site-post-title":"","ast-breadcrumbs-content":"","ast-featured-img":"","footer-sml-layout":"","theme-transparent-header-meta":"","adv-header-id-meta":"","stick-header-meta":"","header-above-stick-meta":"","header-main-stick-meta":"","header-below-stick-meta":"","astra-migrate-meta-layouts":"default","ast-page-background-enabled":"default","ast-page-background-meta":{"desktop":{"background-color":"","background-image":"","background-repeat":"repeat","background-position":"center center","background-size":"auto","background-attachment":"scroll","background-type":"","background-media":"","overlay-type":"","overlay-color":"","overlay-opacity":"","overlay-gradient":""},"tablet":{"background-color":"","background-image":"","background-repeat":"repeat","background-position":"center center","background-size":"auto","background-attachment":"scroll","background-type":"","background-media":"","overlay-type":"","overlay-color":"","overlay-opacity":"","overlay-gradient":""},"mobile":{"background-color":"","background-image":"","background-repeat":"repeat","background-position":"center center","background-size":"auto","background-attachment":"scroll","background-type":"","background-media":"","overlay-type":"","overlay-color":"","overlay-opacity":"","overlay-gradient":""}},"ast-content-background-meta":{"desktop":{"background-color":"var(--ast-global-color-5)","background-image":"","background-repeat":"repeat","background-position":"center center","background-size":"auto","background-attachment":"scroll","background-type":"","background-media":"","overlay-type":"","overlay-color":"","overlay-opacity":"","overlay-gradient":""},"tablet":{"background-color":"var(--ast-global-color-5)","background-image":"","background-repeat":"repeat","background-position":"center center","background-size":"auto","background-attachment":"scroll","background-type":"","background-media":"","overlay-type":"","overlay-color":"","overlay-opacity":"","overlay-gradient":""},"mobile":{"background-color":"var(--ast-global-color-5)","background-image":"","background-repeat":"repeat","background-position":"center center","background-size":"auto","background-attachment":"scroll","background-type":"","background-media":"","overlay-type":"","overlay-color":"","overlay-opacity":"","overlay-gradient":""}}},"product_brand":[],"product_cat":[34228],"product_tag":[],"pa_brand_name":[25035],"class_list":{"0":"post-121220","1":"product","2":"type-product","3":"status-publish","4":"has-post-thumbnail","6":"product_cat-winter-tires-friction","7":"pa_brand_name-continental","8":"desktop-align-left","9":"tablet-align-left","10":"mobile-align-left","12":"first","13":"outofstock","14":"taxable","15":"shipping-taxable","16":"purchasable","17":"product-type-simple"},"_links":{"self":[{"href":"https:\/\/shop.rettum.ee\/en\/wp-json\/wp\/v2\/product\/121220","targetHints":{"allow":["GET"]}}],"collection":[{"href":"https:\/\/shop.rettum.ee\/en\/wp-json\/wp\/v2\/product"}],"about":[{"href":"https:\/\/shop.rettum.ee\/en\/wp-json\/wp\/v2\/types\/product"}],"version-history":[{"count":1,"href":"https:\/\/shop.rettum.ee\/en\/wp-json\/wp\/v2\/product\/121220\/revisions"}],"predecessor-version":[{"id":125371,"href":"https:\/\/shop.rettum.ee\/en\/wp-json\/wp\/v2\/product\/121220\/revisions\/125371"}],"wp:featuredmedia":[{"embeddable":true,"href":"https:\/\/shop.rettum.ee\/en\/wp-json\/wp\/v2\/media\/124215"}],"wp:attachment":[{"href":"https:\/\/shop.rettum.ee\/en\/wp-json\/wp\/v2\/media?parent=121220"}],"wp:term":[{"taxonomy":"product_brand","embeddable":true,"href":"https:\/\/shop.rettum.ee\/en\/wp-json\/wp\/v2\/product_brand?post=121220"},{"taxonomy":"product_cat","embeddable":true,"href":"https:\/\/shop.rettum.ee\/en\/wp-json\/wp\/v2\/product_cat?post=121220"},{"taxonomy":"product_tag","embeddable":true,"href":"https:\/\/shop.rettum.ee\/en\/wp-json\/wp\/v2\/product_tag?post=121220"},{"taxonomy":"pa_brand_name","embeddable":true,"href":"https:\/\/shop.rettum.ee\/en\/wp-json\/wp\/v2\/pa_brand_name?post=121220"}],"curies":[{"name":"wp","href":"https:\/\/api.w.org\/{rel}","templated":true}]}}