{"id":121221,"date":"2025-03-31T03:11:43","date_gmt":"2025-03-31T00:11:43","guid":{"rendered":"https:\/\/shop.rettum.ee\/toode\/315-30r22-continental-wintercontact-8-s-107v-xl-fr-studless-bbb75-3pmsf-ms\/"},"modified":"2026-03-22T03:08:25","modified_gmt":"2026-03-22T01:08:25","slug":"315-30r22-continental-wintercontact-8-s-107v-xl-fr-studless-bbb75-3pmsf-ms","status":"publish","type":"product","link":"https:\/\/shop.rettum.ee\/en\/product\/315-30r22-continental-wintercontact-8-s-107v-xl-fr-studless-bbb75-3pmsf-ms\/","title":{"rendered":"315\/30R22 CONTINENTAL WINTERCONTACT 8 S 107V XL FR Studless BBB75 3PMSF M+S"},"content":{"rendered":"<p>315\/30R22 CONTINENTAL WINTERCONTACT 8 S on tipptasemel talver\u00f5u, mis on loodud n\u00f5udlikele talvistel teedel s\u00f5itjatele, kes hindavad ohutust ja j\u00f5udlust. See studless mudelit\u00fc\u00fcp omab uuenduslikku konstruktsiooni, mis tagab suurep\u00e4rase haarduvuse nii lumel, j\u00e4\u00e4l kui ka m\u00e4rgal teel, pakkudes kindlat s\u00f5idukogemust ka k\u00f5ige keerulisemates talvetingimustes.<\/p>\n<p>Toote spetsiifilised omadused, nagu 3PMSF sertifikaat ja M+S m\u00e4rgistus, kinnitavad selle suutlikkust toime tulla n\u00f5udlike talviste oludega, samal ajal kui XL ja 107V n\u00f5uavad lisakoormust ja k\u00f5rgemat kiiruspiiri kuni 240 km\/h. CONTINENTAL WINTERCONTACT 8 S tagab efektiivse pidamise l\u00fchikese pidamise ja t\u00e4pse suunatundlikkuse, mis aitab juhtidel s\u00e4ilitada kontrolli igas olukorras.<\/p>\n<p>See k\u00f5rgekvaliteediline talver\u00f5u \u00fchendab kaasaegse tehnoloogia ja Continental&#8217;i pikemaajalise kogemuse, pakkudes s\u00f5idukile maksimaalset stabiilsust ning turvalist s\u00f5itu igas talvesituatsioonis. ideaalne valik neile, kes otsivad kompromissitut j\u00f5udlust ja usaldusv\u00e4\u00e4rsust s\u00f5idu ajal.<\/p>","protected":false},"excerpt":{"rendered":"<p>315\/30R22 CONTINENTAL WINTERCONTACT 8 S on tipptasemel talver\u00f5u, mis on loodud n\u00f5udlikele talvistel teedel s\u00f5itjatele, kes hindavad ohutust ja j\u00f5udlust. See studless mudelit\u00fc\u00fcp omab uuenduslikku konstruktsiooni, mis tagab suurep\u00e4rase haarduvuse nii lumel, j\u00e4\u00e4l kui ka m\u00e4rgal teel, pakkudes kindlat s\u00f5idukogemust ka k\u00f5ige keerulisemates talvetingimustes. Toote spetsiifilised omadused, nagu 3PMSF sertifikaat ja M+S m\u00e4rgistus, kinnitavad selle [&hellip;]<\/p>\n","protected":false},"featured_media":124215,"template":"","meta":{"site-sidebar-layout":"default","site-content-layout":"","ast-site-content-layout":"","site-content-style":"default","site-sidebar-style":"default","ast-global-header-display":"","ast-banner-title-visibility":"","ast-main-header-display":"","ast-hfb-above-header-display":"","ast-hfb-below-header-display":"","ast-hfb-mobile-header-display":"","site-post-title":"","ast-breadcrumbs-content":"","ast-featured-img":"","footer-sml-layout":"","theme-transparent-header-meta":"","adv-header-id-meta":"","stick-header-meta":"","header-above-stick-meta":"","header-main-stick-meta":"","header-below-stick-meta":"","astra-migrate-meta-layouts":"default","ast-page-background-enabled":"default","ast-page-background-meta":{"desktop":{"background-color":"","background-image":"","background-repeat":"repeat","background-position":"center center","background-size":"auto","background-attachment":"scroll","background-type":"","background-media":"","overlay-type":"","overlay-color":"","overlay-opacity":"","overlay-gradient":""},"tablet":{"background-color":"","background-image":"","background-repeat":"repeat","background-position":"center center","background-size":"auto","background-attachment":"scroll","background-type":"","background-media":"","overlay-type":"","overlay-color":"","overlay-opacity":"","overlay-gradient":""},"mobile":{"background-color":"","background-image":"","background-repeat":"repeat","background-position":"center center","background-size":"auto","background-attachment":"scroll","background-type":"","background-media":"","overlay-type":"","overlay-color":"","overlay-opacity":"","overlay-gradient":""}},"ast-content-background-meta":{"desktop":{"background-color":"var(--ast-global-color-5)","background-image":"","background-repeat":"repeat","background-position":"center center","background-size":"auto","background-attachment":"scroll","background-type":"","background-media":"","overlay-type":"","overlay-color":"","overlay-opacity":"","overlay-gradient":""},"tablet":{"background-color":"var(--ast-global-color-5)","background-image":"","background-repeat":"repeat","background-position":"center center","background-size":"auto","background-attachment":"scroll","background-type":"","background-media":"","overlay-type":"","overlay-color":"","overlay-opacity":"","overlay-gradient":""},"mobile":{"background-color":"var(--ast-global-color-5)","background-image":"","background-repeat":"repeat","background-position":"center center","background-size":"auto","background-attachment":"scroll","background-type":"","background-media":"","overlay-type":"","overlay-color":"","overlay-opacity":"","overlay-gradient":""}}},"product_brand":[],"product_cat":[34228],"product_tag":[],"pa_brand_name":[25035],"class_list":{"0":"post-121221","1":"product","2":"type-product","3":"status-publish","4":"has-post-thumbnail","6":"product_cat-winter-tires-friction","7":"pa_brand_name-continental","8":"desktop-align-left","9":"tablet-align-left","10":"mobile-align-left","12":"first","13":"outofstock","14":"taxable","15":"shipping-taxable","16":"purchasable","17":"product-type-simple"},"_links":{"self":[{"href":"https:\/\/shop.rettum.ee\/en\/wp-json\/wp\/v2\/product\/121221","targetHints":{"allow":["GET"]}}],"collection":[{"href":"https:\/\/shop.rettum.ee\/en\/wp-json\/wp\/v2\/product"}],"about":[{"href":"https:\/\/shop.rettum.ee\/en\/wp-json\/wp\/v2\/types\/product"}],"version-history":[{"count":1,"href":"https:\/\/shop.rettum.ee\/en\/wp-json\/wp\/v2\/product\/121221\/revisions"}],"predecessor-version":[{"id":125368,"href":"https:\/\/shop.rettum.ee\/en\/wp-json\/wp\/v2\/product\/121221\/revisions\/125368"}],"wp:featuredmedia":[{"embeddable":true,"href":"https:\/\/shop.rettum.ee\/en\/wp-json\/wp\/v2\/media\/124215"}],"wp:attachment":[{"href":"https:\/\/shop.rettum.ee\/en\/wp-json\/wp\/v2\/media?parent=121221"}],"wp:term":[{"taxonomy":"product_brand","embeddable":true,"href":"https:\/\/shop.rettum.ee\/en\/wp-json\/wp\/v2\/product_brand?post=121221"},{"taxonomy":"product_cat","embeddable":true,"href":"https:\/\/shop.rettum.ee\/en\/wp-json\/wp\/v2\/product_cat?post=121221"},{"taxonomy":"product_tag","embeddable":true,"href":"https:\/\/shop.rettum.ee\/en\/wp-json\/wp\/v2\/product_tag?post=121221"},{"taxonomy":"pa_brand_name","embeddable":true,"href":"https:\/\/shop.rettum.ee\/en\/wp-json\/wp\/v2\/pa_brand_name?post=121221"}],"curies":[{"name":"wp","href":"https:\/\/api.w.org\/{rel}","templated":true}]}}