{"id":121222,"date":"2025-03-31T03:11:43","date_gmt":"2025-03-31T00:11:43","guid":{"rendered":"https:\/\/shop.rettum.ee\/toode\/315-35r22-continental-wintercontact-ts860s-111v-xl-nc0-fr-studless-cbb75-3pmsf-ms\/"},"modified":"2026-03-22T03:08:25","modified_gmt":"2026-03-22T01:08:25","slug":"315-35r22-continental-wintercontact-ts860s-111v-xl-nc0-fr-studless-cbb75-3pmsf-ms","status":"publish","type":"product","link":"https:\/\/shop.rettum.ee\/en\/product\/315-35r22-continental-wintercontact-ts860s-111v-xl-nc0-fr-studless-cbb75-3pmsf-ms\/","title":{"rendered":"315\/35R22 CONTINENTAL WINTERCONTACT TS860S 111V XL NC0 FR Studless CBB75 3PMSF M+S"},"content":{"rendered":"<p>315\/35R22 CONTINENTAL WINTERCONTACT TS860S 111V XL NC0 FR Studless CBB75 3PMSF M+S on tippkvaliteediga talverehvir\u00f5ngas, mis on loodud p\u00fc\u00fcdma pakkuda maksimaalset ohutust ja j\u00f5udlust nii lumel, j\u00e4\u00e4l kui ka m\u00e4rgadel teedel. T\u00e4nu innovatiivsele studless disainile annab see rehvir\u00f5ngas \u00fclimat haarduvust ilma traditsiooniliste naelade kasutamiseta, v\u00e4hendades seel\u00e4bi tolmu ja m\u00fcra ning pakkudes sujuvat s\u00f5idukogemust. XL ehk extra load versiooni ja 111V kiirusklassiga mudel tagavad kindla stabiilsuse ka k\u00f5rgetel kiirustel, v\u00f5imaldades s\u00f5ita turvaliselt ka n\u00f5udlikes ilmastikutingimustes. Klassifikatsioonid 3PMSF ja M+S kinnitavad selle rehvi v\u00f5imekust \u00e4\u00e4rmuslikes talveoludes, muutes selle ideaalseks valikuks nii linnat\u00e4navatele kui ka maastikule. CONTINENTALi tuntud kvaliteet ja insenerit\u00f6\u00f6 loovad usalduse, et iga s\u00f5iduk v\u00f5ib nautida stabiilsust ja mugavust ka k\u00f5ige jahedamatel p\u00e4evadel.<\/p>","protected":false},"excerpt":{"rendered":"<p>315\/35R22 CONTINENTAL WINTERCONTACT TS860S 111V XL NC0 FR Studless CBB75 3PMSF M+S on tippkvaliteediga talverehvir\u00f5ngas, mis on loodud p\u00fc\u00fcdma pakkuda maksimaalset ohutust ja j\u00f5udlust nii lumel, j\u00e4\u00e4l kui ka m\u00e4rgadel teedel. T\u00e4nu innovatiivsele studless disainile annab see rehvir\u00f5ngas \u00fclimat haarduvust ilma traditsiooniliste naelade kasutamiseta, v\u00e4hendades seel\u00e4bi tolmu ja m\u00fcra ning pakkudes sujuvat s\u00f5idukogemust. XL ehk [&hellip;]<\/p>\n","protected":false},"featured_media":122213,"template":"","meta":{"site-sidebar-layout":"default","site-content-layout":"","ast-site-content-layout":"","site-content-style":"default","site-sidebar-style":"default","ast-global-header-display":"","ast-banner-title-visibility":"","ast-main-header-display":"","ast-hfb-above-header-display":"","ast-hfb-below-header-display":"","ast-hfb-mobile-header-display":"","site-post-title":"","ast-breadcrumbs-content":"","ast-featured-img":"","footer-sml-layout":"","theme-transparent-header-meta":"","adv-header-id-meta":"","stick-header-meta":"","header-above-stick-meta":"","header-main-stick-meta":"","header-below-stick-meta":"","astra-migrate-meta-layouts":"default","ast-page-background-enabled":"default","ast-page-background-meta":{"desktop":{"background-color":"","background-image":"","background-repeat":"repeat","background-position":"center center","background-size":"auto","background-attachment":"scroll","background-type":"","background-media":"","overlay-type":"","overlay-color":"","overlay-opacity":"","overlay-gradient":""},"tablet":{"background-color":"","background-image":"","background-repeat":"repeat","background-position":"center center","background-size":"auto","background-attachment":"scroll","background-type":"","background-media":"","overlay-type":"","overlay-color":"","overlay-opacity":"","overlay-gradient":""},"mobile":{"background-color":"","background-image":"","background-repeat":"repeat","background-position":"center center","background-size":"auto","background-attachment":"scroll","background-type":"","background-media":"","overlay-type":"","overlay-color":"","overlay-opacity":"","overlay-gradient":""}},"ast-content-background-meta":{"desktop":{"background-color":"var(--ast-global-color-5)","background-image":"","background-repeat":"repeat","background-position":"center center","background-size":"auto","background-attachment":"scroll","background-type":"","background-media":"","overlay-type":"","overlay-color":"","overlay-opacity":"","overlay-gradient":""},"tablet":{"background-color":"var(--ast-global-color-5)","background-image":"","background-repeat":"repeat","background-position":"center center","background-size":"auto","background-attachment":"scroll","background-type":"","background-media":"","overlay-type":"","overlay-color":"","overlay-opacity":"","overlay-gradient":""},"mobile":{"background-color":"var(--ast-global-color-5)","background-image":"","background-repeat":"repeat","background-position":"center center","background-size":"auto","background-attachment":"scroll","background-type":"","background-media":"","overlay-type":"","overlay-color":"","overlay-opacity":"","overlay-gradient":""}}},"product_brand":[],"product_cat":[34228],"product_tag":[],"pa_brand_name":[25035],"class_list":{"0":"post-121222","1":"product","2":"type-product","3":"status-publish","4":"has-post-thumbnail","6":"product_cat-winter-tires-friction","7":"pa_brand_name-continental","8":"desktop-align-left","9":"tablet-align-left","10":"mobile-align-left","12":"first","13":"outofstock","14":"taxable","15":"shipping-taxable","16":"purchasable","17":"product-type-simple"},"_links":{"self":[{"href":"https:\/\/shop.rettum.ee\/en\/wp-json\/wp\/v2\/product\/121222","targetHints":{"allow":["GET"]}}],"collection":[{"href":"https:\/\/shop.rettum.ee\/en\/wp-json\/wp\/v2\/product"}],"about":[{"href":"https:\/\/shop.rettum.ee\/en\/wp-json\/wp\/v2\/types\/product"}],"version-history":[{"count":1,"href":"https:\/\/shop.rettum.ee\/en\/wp-json\/wp\/v2\/product\/121222\/revisions"}],"predecessor-version":[{"id":125369,"href":"https:\/\/shop.rettum.ee\/en\/wp-json\/wp\/v2\/product\/121222\/revisions\/125369"}],"wp:featuredmedia":[{"embeddable":true,"href":"https:\/\/shop.rettum.ee\/en\/wp-json\/wp\/v2\/media\/122213"}],"wp:attachment":[{"href":"https:\/\/shop.rettum.ee\/en\/wp-json\/wp\/v2\/media?parent=121222"}],"wp:term":[{"taxonomy":"product_brand","embeddable":true,"href":"https:\/\/shop.rettum.ee\/en\/wp-json\/wp\/v2\/product_brand?post=121222"},{"taxonomy":"product_cat","embeddable":true,"href":"https:\/\/shop.rettum.ee\/en\/wp-json\/wp\/v2\/product_cat?post=121222"},{"taxonomy":"product_tag","embeddable":true,"href":"https:\/\/shop.rettum.ee\/en\/wp-json\/wp\/v2\/product_tag?post=121222"},{"taxonomy":"pa_brand_name","embeddable":true,"href":"https:\/\/shop.rettum.ee\/en\/wp-json\/wp\/v2\/pa_brand_name?post=121222"}],"curies":[{"name":"wp","href":"https:\/\/api.w.org\/{rel}","templated":true}]}}