{"id":121228,"date":"2025-03-31T13:23:01","date_gmt":"2025-03-31T10:23:01","guid":{"rendered":"https:\/\/shop.rettum.ee\/toode\/10-16-5-ascenso-ssb331-10pr-tl\/"},"modified":"2025-10-01T02:45:21","modified_gmt":"2025-09-30T23:45:21","slug":"10-16-5-ascenso-ssb331-10pr-tl","status":"publish","type":"product","link":"https:\/\/shop.rettum.ee\/en\/product\/10-16-5-ascenso-ssb331-10pr-tl\/","title":{"rendered":"10-16.5 Ascenso SSB331 10PR TL"},"content":{"rendered":"<p>Tutvustame uut Ascenso SSB331 10PR TL rehvi, mis on loodud pakkuma usaldusv\u00e4\u00e4rset ja vastupidavat j\u00f5udlust kaotamatult kvaliteediga tootmise garantii all, Dot Year 2024. See tubeless (\u00e4mbriteta) rehvivariant on konstrueeritud t\u00e4iendava 10-ply tugevusega, tagades suurep\u00e4rase stabiilsuse ja vastupidavuse ka rasketes t\u00f6\u00f6tingimustes.<\/p>\n<p>Ascenso SSB331 10PR TL on optimeeritud \u00f5ige diameetri (16,5 tolli) ja ideaalse laiusprofiiliga (10 tolli) rakendusteks, kus n\u00f5utakse pikka kestvust ja turvalist s\u00f5idukogemust. Kuigi t\u00e4psemad parameetrid nagu k\u00fctuses\u00e4\u00e4stlikkus ja veoj\u00f5ud ei ole hetkel nimetatud, annab toote diskreetne ja kvaliteetne l\u00e4henemine tunnuse, et tegemist on hoolikalt disainitud rehviv\u00f5imalusega, mis sobib erinevateks transporditingimusteks.<\/p>\n<p>Valides Ascenso SSB331 10PR TL, saavutad turvalise ja stabiilse s\u00f5idu, mis on loodud vastama kaasaegse transpordit\u00f6\u00f6stuse esilistele standarditele. See rehvi lahendus on ideaalne valik ettev\u00f5tetele ja s\u00f5idukijuhtidele, kes hindavad usaldusv\u00e4\u00e4rset ja pikaealist j\u00f5udlust.<\/p>","protected":false},"excerpt":{"rendered":"<p>Tutvustame uut Ascenso SSB331 10PR TL rehvi, mis on loodud pakkuma usaldusv\u00e4\u00e4rset ja vastupidavat j\u00f5udlust kaotamatult kvaliteediga tootmise garantii all, Dot Year 2024. See tubeless (\u00e4mbriteta) rehvivariant on konstrueeritud t\u00e4iendava 10-ply tugevusega, tagades suurep\u00e4rase stabiilsuse ja vastupidavuse ka rasketes t\u00f6\u00f6tingimustes. Ascenso SSB331 10PR TL on optimeeritud \u00f5ige diameetri (16,5 tolli) ja ideaalse laiusprofiiliga (10 tolli) [&hellip;]<\/p>\n","protected":false},"featured_media":122206,"template":"","meta":{"site-sidebar-layout":"default","site-content-layout":"","ast-site-content-layout":"","site-content-style":"default","site-sidebar-style":"default","ast-global-header-display":"","ast-banner-title-visibility":"","ast-main-header-display":"","ast-hfb-above-header-display":"","ast-hfb-below-header-display":"","ast-hfb-mobile-header-display":"","site-post-title":"","ast-breadcrumbs-content":"","ast-featured-img":"","footer-sml-layout":"","theme-transparent-header-meta":"","adv-header-id-meta":"","stick-header-meta":"","header-above-stick-meta":"","header-main-stick-meta":"","header-below-stick-meta":"","astra-migrate-meta-layouts":"default","ast-page-background-enabled":"default","ast-page-background-meta":{"desktop":{"background-color":"","background-image":"","background-repeat":"repeat","background-position":"center center","background-size":"auto","background-attachment":"scroll","background-type":"","background-media":"","overlay-type":"","overlay-color":"","overlay-opacity":"","overlay-gradient":""},"tablet":{"background-color":"","background-image":"","background-repeat":"repeat","background-position":"center center","background-size":"auto","background-attachment":"scroll","background-type":"","background-media":"","overlay-type":"","overlay-color":"","overlay-opacity":"","overlay-gradient":""},"mobile":{"background-color":"","background-image":"","background-repeat":"repeat","background-position":"center center","background-size":"auto","background-attachment":"scroll","background-type":"","background-media":"","overlay-type":"","overlay-color":"","overlay-opacity":"","overlay-gradient":""}},"ast-content-background-meta":{"desktop":{"background-color":"var(--ast-global-color-5)","background-image":"","background-repeat":"repeat","background-position":"center center","background-size":"auto","background-attachment":"scroll","background-type":"","background-media":"","overlay-type":"","overlay-color":"","overlay-opacity":"","overlay-gradient":""},"tablet":{"background-color":"var(--ast-global-color-5)","background-image":"","background-repeat":"repeat","background-position":"center center","background-size":"auto","background-attachment":"scroll","background-type":"","background-media":"","overlay-type":"","overlay-color":"","overlay-opacity":"","overlay-gradient":""},"mobile":{"background-color":"var(--ast-global-color-5)","background-image":"","background-repeat":"repeat","background-position":"center center","background-size":"auto","background-attachment":"scroll","background-type":"","background-media":"","overlay-type":"","overlay-color":"","overlay-opacity":"","overlay-gradient":""}}},"product_brand":[],"product_cat":[34222],"product_tag":[],"pa_brand_name":[16520],"class_list":{"0":"post-121228","1":"product","2":"type-product","3":"status-publish","4":"has-post-thumbnail","6":"product_cat-em-industry","7":"pa_brand_name-ascenso","8":"desktop-align-left","9":"tablet-align-left","10":"mobile-align-left","12":"first","13":"outofstock","14":"taxable","15":"shipping-taxable","16":"purchasable","17":"product-type-simple"},"_links":{"self":[{"href":"https:\/\/shop.rettum.ee\/en\/wp-json\/wp\/v2\/product\/121228","targetHints":{"allow":["GET"]}}],"collection":[{"href":"https:\/\/shop.rettum.ee\/en\/wp-json\/wp\/v2\/product"}],"about":[{"href":"https:\/\/shop.rettum.ee\/en\/wp-json\/wp\/v2\/types\/product"}],"version-history":[{"count":1,"href":"https:\/\/shop.rettum.ee\/en\/wp-json\/wp\/v2\/product\/121228\/revisions"}],"predecessor-version":[{"id":125365,"href":"https:\/\/shop.rettum.ee\/en\/wp-json\/wp\/v2\/product\/121228\/revisions\/125365"}],"wp:featuredmedia":[{"embeddable":true,"href":"https:\/\/shop.rettum.ee\/en\/wp-json\/wp\/v2\/media\/122206"}],"wp:attachment":[{"href":"https:\/\/shop.rettum.ee\/en\/wp-json\/wp\/v2\/media?parent=121228"}],"wp:term":[{"taxonomy":"product_brand","embeddable":true,"href":"https:\/\/shop.rettum.ee\/en\/wp-json\/wp\/v2\/product_brand?post=121228"},{"taxonomy":"product_cat","embeddable":true,"href":"https:\/\/shop.rettum.ee\/en\/wp-json\/wp\/v2\/product_cat?post=121228"},{"taxonomy":"product_tag","embeddable":true,"href":"https:\/\/shop.rettum.ee\/en\/wp-json\/wp\/v2\/product_tag?post=121228"},{"taxonomy":"pa_brand_name","embeddable":true,"href":"https:\/\/shop.rettum.ee\/en\/wp-json\/wp\/v2\/pa_brand_name?post=121228"}],"curies":[{"name":"wp","href":"https:\/\/api.w.org\/{rel}","templated":true}]}}