{"id":121231,"date":"2025-03-31T13:23:03","date_gmt":"2025-03-31T10:23:03","guid":{"rendered":"https:\/\/shop.rettum.ee\/toode\/120-70-15-mitas-touring-force-sc-56p-tl-scooter-touring-front\/"},"modified":"2026-03-22T02:45:17","modified_gmt":"2026-03-22T00:45:17","slug":"120-70-15-mitas-touring-force-sc-56p-tl-scooter-touring-front","status":"publish","type":"product","link":"https:\/\/shop.rettum.ee\/en\/product\/120-70-15-mitas-touring-force-sc-56p-tl-scooter-touring-front\/","title":{"rendered":"120\/70-15 Mitas TOURING FORCE-SC 56P TL SCOOTER TOURING Front"},"content":{"rendered":"<p>Tutvustame Mitas TOURING FORCE-SC 56P TL SCOOTER TOURING esiratta rehvi \u2013 ideaalne valik skooteri s\u00f5iduks. Rehvi m\u00f5\u00f5tmed 120\/70-15 tagavad optimaalse stabiilsuse ja juhitavuse, samas kui 70% k\u00fcljeprofiil lisab kindlust igal s\u00f5iduteel. 15-tolline l\u00e4bim\u00f5\u00f5t ja kerge kaal, vaid 3,6 kg, v\u00f5imaldavad s\u00f5ita nii linnas kui pikematel teekondadel, pakkudes suurep\u00e4rast reageerimist ja k\u00fctuses\u00e4\u00e4stlikkust.<\/p>\n<p>Mitas br\u00e4ndi usaldusv\u00e4\u00e4rsus on kindlustanud kvaliteedi, mille tulemuseks on rehv, mille koormusindeks on 56 ja kiirusindeks P, tagades ohutu ja meeldiva s\u00f5idukogemuse igas olukorras. Uue DOT-aasta 2024 mudel vastab kaasaegsetele n\u00f5udmistele, pakkudes innovatsiooni ning turvalisust, mida t\u00e4nap\u00e4eva skooteris\u00f5it n\u00f5uab.<\/p>\n<p>Valides Mitas TOURING FORCE-SC 56P TL SCOOTER TOURING rehvi, investeerite s\u00f5idumugavusse ja ohutusse \u2013 nautige igat teekonda usaldusv\u00e4\u00e4rselt ja enesekindlalt!<\/p>","protected":false},"excerpt":{"rendered":"<p>Tutvustame Mitas TOURING FORCE-SC 56P TL SCOOTER TOURING esiratta rehvi \u2013 ideaalne valik skooteri s\u00f5iduks. Rehvi m\u00f5\u00f5tmed 120\/70-15 tagavad optimaalse stabiilsuse ja juhitavuse, samas kui 70% k\u00fcljeprofiil lisab kindlust igal s\u00f5iduteel. 15-tolline l\u00e4bim\u00f5\u00f5t ja kerge kaal, vaid 3,6 kg, v\u00f5imaldavad s\u00f5ita nii linnas kui pikematel teekondadel, pakkudes suurep\u00e4rast reageerimist ja k\u00fctuses\u00e4\u00e4stlikkust. Mitas br\u00e4ndi usaldusv\u00e4\u00e4rsus on [&hellip;]<\/p>\n","protected":false},"featured_media":122200,"template":"","meta":{"site-sidebar-layout":"default","site-content-layout":"","ast-site-content-layout":"","site-content-style":"default","site-sidebar-style":"default","ast-global-header-display":"","ast-banner-title-visibility":"","ast-main-header-display":"","ast-hfb-above-header-display":"","ast-hfb-below-header-display":"","ast-hfb-mobile-header-display":"","site-post-title":"","ast-breadcrumbs-content":"","ast-featured-img":"","footer-sml-layout":"","theme-transparent-header-meta":"","adv-header-id-meta":"","stick-header-meta":"","header-above-stick-meta":"","header-main-stick-meta":"","header-below-stick-meta":"","astra-migrate-meta-layouts":"default","ast-page-background-enabled":"default","ast-page-background-meta":{"desktop":{"background-color":"","background-image":"","background-repeat":"repeat","background-position":"center center","background-size":"auto","background-attachment":"scroll","background-type":"","background-media":"","overlay-type":"","overlay-color":"","overlay-opacity":"","overlay-gradient":""},"tablet":{"background-color":"","background-image":"","background-repeat":"repeat","background-position":"center center","background-size":"auto","background-attachment":"scroll","background-type":"","background-media":"","overlay-type":"","overlay-color":"","overlay-opacity":"","overlay-gradient":""},"mobile":{"background-color":"","background-image":"","background-repeat":"repeat","background-position":"center center","background-size":"auto","background-attachment":"scroll","background-type":"","background-media":"","overlay-type":"","overlay-color":"","overlay-opacity":"","overlay-gradient":""}},"ast-content-background-meta":{"desktop":{"background-color":"var(--ast-global-color-5)","background-image":"","background-repeat":"repeat","background-position":"center center","background-size":"auto","background-attachment":"scroll","background-type":"","background-media":"","overlay-type":"","overlay-color":"","overlay-opacity":"","overlay-gradient":""},"tablet":{"background-color":"var(--ast-global-color-5)","background-image":"","background-repeat":"repeat","background-position":"center center","background-size":"auto","background-attachment":"scroll","background-type":"","background-media":"","overlay-type":"","overlay-color":"","overlay-opacity":"","overlay-gradient":""},"mobile":{"background-color":"var(--ast-global-color-5)","background-image":"","background-repeat":"repeat","background-position":"center center","background-size":"auto","background-attachment":"scroll","background-type":"","background-media":"","overlay-type":"","overlay-color":"","overlay-opacity":"","overlay-gradient":""}}},"product_brand":[],"product_cat":[34223],"product_tag":[],"pa_brand_name":[17290],"class_list":{"0":"post-121231","1":"product","2":"type-product","3":"status-publish","4":"has-post-thumbnail","6":"product_cat-mc-tires","7":"pa_brand_name-mitas","8":"desktop-align-left","9":"tablet-align-left","10":"mobile-align-left","12":"first","13":"outofstock","14":"taxable","15":"shipping-taxable","16":"purchasable","17":"product-type-simple"},"_links":{"self":[{"href":"https:\/\/shop.rettum.ee\/en\/wp-json\/wp\/v2\/product\/121231","targetHints":{"allow":["GET"]}}],"collection":[{"href":"https:\/\/shop.rettum.ee\/en\/wp-json\/wp\/v2\/product"}],"about":[{"href":"https:\/\/shop.rettum.ee\/en\/wp-json\/wp\/v2\/types\/product"}],"version-history":[{"count":1,"href":"https:\/\/shop.rettum.ee\/en\/wp-json\/wp\/v2\/product\/121231\/revisions"}],"predecessor-version":[{"id":125362,"href":"https:\/\/shop.rettum.ee\/en\/wp-json\/wp\/v2\/product\/121231\/revisions\/125362"}],"wp:featuredmedia":[{"embeddable":true,"href":"https:\/\/shop.rettum.ee\/en\/wp-json\/wp\/v2\/media\/122200"}],"wp:attachment":[{"href":"https:\/\/shop.rettum.ee\/en\/wp-json\/wp\/v2\/media?parent=121231"}],"wp:term":[{"taxonomy":"product_brand","embeddable":true,"href":"https:\/\/shop.rettum.ee\/en\/wp-json\/wp\/v2\/product_brand?post=121231"},{"taxonomy":"product_cat","embeddable":true,"href":"https:\/\/shop.rettum.ee\/en\/wp-json\/wp\/v2\/product_cat?post=121231"},{"taxonomy":"product_tag","embeddable":true,"href":"https:\/\/shop.rettum.ee\/en\/wp-json\/wp\/v2\/product_tag?post=121231"},{"taxonomy":"pa_brand_name","embeddable":true,"href":"https:\/\/shop.rettum.ee\/en\/wp-json\/wp\/v2\/pa_brand_name?post=121231"}],"curies":[{"name":"wp","href":"https:\/\/api.w.org\/{rel}","templated":true}]}}