{"id":121232,"date":"2025-03-31T13:23:04","date_gmt":"2025-03-31T10:23:04","guid":{"rendered":"https:\/\/shop.rettum.ee\/toode\/150-90-15-maxxis-m6011-classic-74h-tl-cruising-rear\/"},"modified":"2025-07-30T02:51:23","modified_gmt":"2025-07-29T23:51:23","slug":"150-90-15-maxxis-m6011-classic-74h-tl-cruising-rear","status":"publish","type":"product","link":"https:\/\/shop.rettum.ee\/en\/product\/150-90-15-maxxis-m6011-classic-74h-tl-cruising-rear\/","title":{"rendered":"150\/90-15 Maxxis M6011 CLASSIC 74H TL CRUISING Rear"},"content":{"rendered":"<p>Tutvustame uhkusega uuenenud 150\/90-15 Maxxis M6011 CLASSIC 74H TL CRUISING tagarehvi, mis on loodud pakkuma suurep\u00e4rast s\u00f5idumugavust ja usaldusv\u00e4\u00e4rset j\u00f5udlust. Selle 2023. aasta mudeli rehvi m\u00f5\u00f5tmed \u2013 150 mm laius ja 15-tolline diameeter \u2013 tagavad ideaalse sobivuse mitmetele mootorratastele, pakkudes suurep\u00e4rast tasakaalu j\u00f5udluse ja ohutuse vahel.<\/p>\n<p>Maxxis on tuntud oma k\u00f5rgekvaliteediliste rehvide poolest ning see mudeleid ei tee erandit. Rehvil on muljetavaldav koormusindeks 74 ja kiirusindeks H, mis lubavad ohutut ja stabiilset s\u00f5itu ka kiiremal maanteel. Lisaks on rehvil kaasaegne tubeless konstruktsioon, mis lihtsustab paigaldust ja v\u00e4hendab \u00f5hulekke riski.<\/p>\n<p>M6011 CLASSIC disain keskendub esmaklassilisele juhitavusele ning tagarehvidele, pakkudes \u00fclima haarduvusega s\u00f5iduomadusi ja kindlat pidamist erinevatel teeoludel. See on ideaalne valik neile, kes hindavad turvalist ja sujuvat s\u00f5iduelamust ning soovivad usaldusv\u00e4\u00e4rset ja vastupidavat lahendust oma mootorratta varustusse.<\/p>","protected":false},"excerpt":{"rendered":"<p>Tutvustame uhkusega uuenenud 150\/90-15 Maxxis M6011 CLASSIC 74H TL CRUISING tagarehvi, mis on loodud pakkuma suurep\u00e4rast s\u00f5idumugavust ja usaldusv\u00e4\u00e4rset j\u00f5udlust. Selle 2023. aasta mudeli rehvi m\u00f5\u00f5tmed \u2013 150 mm laius ja 15-tolline diameeter \u2013 tagavad ideaalse sobivuse mitmetele mootorratastele, pakkudes suurep\u00e4rast tasakaalu j\u00f5udluse ja ohutuse vahel. Maxxis on tuntud oma k\u00f5rgekvaliteediliste rehvide poolest ning see [&hellip;]<\/p>\n","protected":false},"featured_media":124213,"template":"","meta":{"site-sidebar-layout":"default","site-content-layout":"","ast-site-content-layout":"","site-content-style":"default","site-sidebar-style":"default","ast-global-header-display":"","ast-banner-title-visibility":"","ast-main-header-display":"","ast-hfb-above-header-display":"","ast-hfb-below-header-display":"","ast-hfb-mobile-header-display":"","site-post-title":"","ast-breadcrumbs-content":"","ast-featured-img":"","footer-sml-layout":"","theme-transparent-header-meta":"","adv-header-id-meta":"","stick-header-meta":"","header-above-stick-meta":"","header-main-stick-meta":"","header-below-stick-meta":"","astra-migrate-meta-layouts":"default","ast-page-background-enabled":"default","ast-page-background-meta":{"desktop":{"background-color":"","background-image":"","background-repeat":"repeat","background-position":"center center","background-size":"auto","background-attachment":"scroll","background-type":"","background-media":"","overlay-type":"","overlay-color":"","overlay-opacity":"","overlay-gradient":""},"tablet":{"background-color":"","background-image":"","background-repeat":"repeat","background-position":"center center","background-size":"auto","background-attachment":"scroll","background-type":"","background-media":"","overlay-type":"","overlay-color":"","overlay-opacity":"","overlay-gradient":""},"mobile":{"background-color":"","background-image":"","background-repeat":"repeat","background-position":"center center","background-size":"auto","background-attachment":"scroll","background-type":"","background-media":"","overlay-type":"","overlay-color":"","overlay-opacity":"","overlay-gradient":""}},"ast-content-background-meta":{"desktop":{"background-color":"var(--ast-global-color-5)","background-image":"","background-repeat":"repeat","background-position":"center center","background-size":"auto","background-attachment":"scroll","background-type":"","background-media":"","overlay-type":"","overlay-color":"","overlay-opacity":"","overlay-gradient":""},"tablet":{"background-color":"var(--ast-global-color-5)","background-image":"","background-repeat":"repeat","background-position":"center center","background-size":"auto","background-attachment":"scroll","background-type":"","background-media":"","overlay-type":"","overlay-color":"","overlay-opacity":"","overlay-gradient":""},"mobile":{"background-color":"var(--ast-global-color-5)","background-image":"","background-repeat":"repeat","background-position":"center center","background-size":"auto","background-attachment":"scroll","background-type":"","background-media":"","overlay-type":"","overlay-color":"","overlay-opacity":"","overlay-gradient":""}}},"product_brand":[],"product_cat":[34223],"product_tag":[],"pa_brand_name":[17297],"class_list":{"0":"post-121232","1":"product","2":"type-product","3":"status-publish","4":"has-post-thumbnail","6":"product_cat-mc-tires","7":"pa_brand_name-maxxis","8":"desktop-align-left","9":"tablet-align-left","10":"mobile-align-left","12":"first","13":"outofstock","14":"taxable","15":"shipping-taxable","16":"purchasable","17":"product-type-simple"},"_links":{"self":[{"href":"https:\/\/shop.rettum.ee\/en\/wp-json\/wp\/v2\/product\/121232","targetHints":{"allow":["GET"]}}],"collection":[{"href":"https:\/\/shop.rettum.ee\/en\/wp-json\/wp\/v2\/product"}],"about":[{"href":"https:\/\/shop.rettum.ee\/en\/wp-json\/wp\/v2\/types\/product"}],"version-history":[{"count":1,"href":"https:\/\/shop.rettum.ee\/en\/wp-json\/wp\/v2\/product\/121232\/revisions"}],"predecessor-version":[{"id":125360,"href":"https:\/\/shop.rettum.ee\/en\/wp-json\/wp\/v2\/product\/121232\/revisions\/125360"}],"wp:featuredmedia":[{"embeddable":true,"href":"https:\/\/shop.rettum.ee\/en\/wp-json\/wp\/v2\/media\/124213"}],"wp:attachment":[{"href":"https:\/\/shop.rettum.ee\/en\/wp-json\/wp\/v2\/media?parent=121232"}],"wp:term":[{"taxonomy":"product_brand","embeddable":true,"href":"https:\/\/shop.rettum.ee\/en\/wp-json\/wp\/v2\/product_brand?post=121232"},{"taxonomy":"product_cat","embeddable":true,"href":"https:\/\/shop.rettum.ee\/en\/wp-json\/wp\/v2\/product_cat?post=121232"},{"taxonomy":"product_tag","embeddable":true,"href":"https:\/\/shop.rettum.ee\/en\/wp-json\/wp\/v2\/product_tag?post=121232"},{"taxonomy":"pa_brand_name","embeddable":true,"href":"https:\/\/shop.rettum.ee\/en\/wp-json\/wp\/v2\/pa_brand_name?post=121232"}],"curies":[{"name":"wp","href":"https:\/\/api.w.org\/{rel}","templated":true}]}}