{"id":121234,"date":"2025-03-31T13:23:05","date_gmt":"2025-03-31T10:23:05","guid":{"rendered":"https:\/\/shop.rettum.ee\/toode\/130-80r17-metzeler-karoo-4-65q-tl-enduro-on-off-rear-ms\/"},"modified":"2026-03-22T02:45:28","modified_gmt":"2026-03-22T00:45:28","slug":"130-80r17-metzeler-karoo-4-65q-tl-enduro-on-off-rear-ms","status":"publish","type":"product","link":"https:\/\/shop.rettum.ee\/en\/product\/130-80r17-metzeler-karoo-4-65q-tl-enduro-on-off-rear-ms\/","title":{"rendered":"130\/80R17 Metzeler KAROO 4 65Q TL ENDURO ON\/OFF Rear M+S"},"content":{"rendered":"<p>130\/80R17 Metzeler KAROO 4 65Q TL ENDURO ON\/OFF Rear M+S on spetsiaalselt v\u00e4ljakutsetele vastuv\u00f5tuks loodud tagarehv. Rehv on valmistatud tuntud Metzeleri br\u00e4ndi poolt ning selle m\u00f5\u00f5tmed tagavad kindla ja stabiilse s\u00f5idu. 130 mm laius ja 80% k\u00fclgseina proportsioon loovad optimaalse kontaktpinna, pakkudes usaldusv\u00e4\u00e4rset teepidamist nii maanteel kui ka maastikul.<\/p>\n<p>Rehvi diameeter 17 tolli ning see kaalub 6,3 kg, mis tagab heaks tasakaaluks nii j\u00f5udluse kui ka k\u00fctuses\u00e4\u00e4stlikkuse osas. Rehv on konstrueeritud radiaals\u00fcsteemiga (1), mis parandab s\u00f5idumugavust ja kummi kulumist. 65. koormusindeks ja Q kiirusindeks on m\u00f5eldud tagama turvalist ja vastupidavat kasutust vastavalt oma spetsifikatsioonidele.<\/p>\n<p>Metzeler KAROO 4 TL on varustatud M+S (muds and snow) m\u00e4rgisega, v\u00f5imaldades kindlat haardumist erinevates ilmastikutingimustes. Rehv on m\u00f5eldud enduro s\u00f5idutingimusteks ning sobib ideaalselt nii off-road kui ka teedel s\u00f5itmiseks. Toodetud 2023. aastal vastavalt k\u00f5rgetele kvaliteedistandarditele.&#8221;<\/p>","protected":false},"excerpt":{"rendered":"<p>130\/80R17 Metzeler KAROO 4 65Q TL ENDURO ON\/OFF Rear M+S on spetsiaalselt v\u00e4ljakutsetele vastuv\u00f5tuks loodud tagarehv. Rehv on valmistatud tuntud Metzeleri br\u00e4ndi poolt ning selle m\u00f5\u00f5tmed tagavad kindla ja stabiilse s\u00f5idu. 130 mm laius ja 80% k\u00fclgseina proportsioon loovad optimaalse kontaktpinna, pakkudes usaldusv\u00e4\u00e4rset teepidamist nii maanteel kui ka maastikul. Rehvi diameeter 17 tolli ning see [&hellip;]<\/p>\n","protected":false},"featured_media":122194,"template":"","meta":{"site-sidebar-layout":"default","site-content-layout":"","ast-site-content-layout":"","site-content-style":"default","site-sidebar-style":"default","ast-global-header-display":"","ast-banner-title-visibility":"","ast-main-header-display":"","ast-hfb-above-header-display":"","ast-hfb-below-header-display":"","ast-hfb-mobile-header-display":"","site-post-title":"","ast-breadcrumbs-content":"","ast-featured-img":"","footer-sml-layout":"","theme-transparent-header-meta":"","adv-header-id-meta":"","stick-header-meta":"","header-above-stick-meta":"","header-main-stick-meta":"","header-below-stick-meta":"","astra-migrate-meta-layouts":"default","ast-page-background-enabled":"default","ast-page-background-meta":{"desktop":{"background-color":"","background-image":"","background-repeat":"repeat","background-position":"center center","background-size":"auto","background-attachment":"scroll","background-type":"","background-media":"","overlay-type":"","overlay-color":"","overlay-opacity":"","overlay-gradient":""},"tablet":{"background-color":"","background-image":"","background-repeat":"repeat","background-position":"center center","background-size":"auto","background-attachment":"scroll","background-type":"","background-media":"","overlay-type":"","overlay-color":"","overlay-opacity":"","overlay-gradient":""},"mobile":{"background-color":"","background-image":"","background-repeat":"repeat","background-position":"center center","background-size":"auto","background-attachment":"scroll","background-type":"","background-media":"","overlay-type":"","overlay-color":"","overlay-opacity":"","overlay-gradient":""}},"ast-content-background-meta":{"desktop":{"background-color":"var(--ast-global-color-5)","background-image":"","background-repeat":"repeat","background-position":"center center","background-size":"auto","background-attachment":"scroll","background-type":"","background-media":"","overlay-type":"","overlay-color":"","overlay-opacity":"","overlay-gradient":""},"tablet":{"background-color":"var(--ast-global-color-5)","background-image":"","background-repeat":"repeat","background-position":"center center","background-size":"auto","background-attachment":"scroll","background-type":"","background-media":"","overlay-type":"","overlay-color":"","overlay-opacity":"","overlay-gradient":""},"mobile":{"background-color":"var(--ast-global-color-5)","background-image":"","background-repeat":"repeat","background-position":"center center","background-size":"auto","background-attachment":"scroll","background-type":"","background-media":"","overlay-type":"","overlay-color":"","overlay-opacity":"","overlay-gradient":""}}},"product_brand":[],"product_cat":[34223],"product_tag":[],"pa_brand_name":[17526],"class_list":{"0":"post-121234","1":"product","2":"type-product","3":"status-publish","4":"has-post-thumbnail","6":"product_cat-mc-tires","7":"pa_brand_name-metzeler","8":"desktop-align-left","9":"tablet-align-left","10":"mobile-align-left","12":"first","13":"outofstock","14":"taxable","15":"shipping-taxable","16":"purchasable","17":"product-type-simple"},"_links":{"self":[{"href":"https:\/\/shop.rettum.ee\/en\/wp-json\/wp\/v2\/product\/121234","targetHints":{"allow":["GET"]}}],"collection":[{"href":"https:\/\/shop.rettum.ee\/en\/wp-json\/wp\/v2\/product"}],"about":[{"href":"https:\/\/shop.rettum.ee\/en\/wp-json\/wp\/v2\/types\/product"}],"version-history":[{"count":1,"href":"https:\/\/shop.rettum.ee\/en\/wp-json\/wp\/v2\/product\/121234\/revisions"}],"predecessor-version":[{"id":125358,"href":"https:\/\/shop.rettum.ee\/en\/wp-json\/wp\/v2\/product\/121234\/revisions\/125358"}],"wp:featuredmedia":[{"embeddable":true,"href":"https:\/\/shop.rettum.ee\/en\/wp-json\/wp\/v2\/media\/122194"}],"wp:attachment":[{"href":"https:\/\/shop.rettum.ee\/en\/wp-json\/wp\/v2\/media?parent=121234"}],"wp:term":[{"taxonomy":"product_brand","embeddable":true,"href":"https:\/\/shop.rettum.ee\/en\/wp-json\/wp\/v2\/product_brand?post=121234"},{"taxonomy":"product_cat","embeddable":true,"href":"https:\/\/shop.rettum.ee\/en\/wp-json\/wp\/v2\/product_cat?post=121234"},{"taxonomy":"product_tag","embeddable":true,"href":"https:\/\/shop.rettum.ee\/en\/wp-json\/wp\/v2\/product_tag?post=121234"},{"taxonomy":"pa_brand_name","embeddable":true,"href":"https:\/\/shop.rettum.ee\/en\/wp-json\/wp\/v2\/pa_brand_name?post=121234"}],"curies":[{"name":"wp","href":"https:\/\/api.w.org\/{rel}","templated":true}]}}