{"id":121236,"date":"2025-03-31T13:23:06","date_gmt":"2025-03-31T10:23:06","guid":{"rendered":"https:\/\/shop.rettum.ee\/toode\/140-80-18-metzeler-mce-6-days-extreme-70m-tt-enduro-competition-rear-mst-fim\/"},"modified":"2026-03-22T03:11:46","modified_gmt":"2026-03-22T01:11:46","slug":"140-80-18-metzeler-mce-6-days-extreme-70m-tt-enduro-competition-rear-mst-fim","status":"publish","type":"product","link":"https:\/\/shop.rettum.ee\/en\/product\/140-80-18-metzeler-mce-6-days-extreme-70m-tt-enduro-competition-rear-mst-fim\/","title":{"rendered":"140\/80-18 Metzeler MCE 6 DAYS EXTREME 70M TT ENDURO COMPETITION Rear MST FIM"},"content":{"rendered":"<p>Tutvustame uueks tasemeks disainitud Metzeler MCE 6 DAYS EXTREME 70M TT ENDURO COMPETITION tagarehvi. Selle rehvi m\u00f5\u00f5tmed 140\/80-18 tagavad optimaalse haarduvuse ja stabiilsuse ka k\u00f5ige n\u00f5udlikumates s\u00f5idutingimustes. Aspektsuhe 80 annab suurep\u00e4rase kontakti teega, v\u00f5imaldades kindlat ja t\u00e4pset k\u00e4sitlust ning toob esile rehvi tehnoloogilise tipptaseme. <\/p>\n<p>Metzeleri maine on kinnitanud seda mudelit erakordselt v\u00f5imekka ja t\u00f6\u00f6kindla lahendusena, mis sobib ideaalselt endurov\u00f5istluse ja seikluss\u00f5idu n\u00f5udmistele. Rehvi disaini on loodud maksimaalse j\u00f5udluse tagamiseks, pakkudes kindlat veoj\u00f5udu ning usaldusv\u00e4\u00e4rset haardumist erinevatel pidamaastikel. <\/p>\n<p>Mudel on m\u00e4rgitud dot aastaga 2022, mis tagab kaasaegse tehnoloogia ja kvaliteedikontrolli standardite t\u00e4itmise. \u00dche kerge 6 kg kaaluga, 18-tolline l\u00e4bim\u00f5\u00f5t ning 140 mm laius teevad sellest ideaalse valiku neile, kes otsivad vastupidavat ja tulemuslikku tagarehvi nii v\u00f5istlusradadele kui ka seiklusradadele. Valige Metzeler \u2013 partner kindlale s\u00f5idule ja erakordsele j\u00f5udlusele!<\/p>","protected":false},"excerpt":{"rendered":"<p>Tutvustame uueks tasemeks disainitud Metzeler MCE 6 DAYS EXTREME 70M TT ENDURO COMPETITION tagarehvi. Selle rehvi m\u00f5\u00f5tmed 140\/80-18 tagavad optimaalse haarduvuse ja stabiilsuse ka k\u00f5ige n\u00f5udlikumates s\u00f5idutingimustes. Aspektsuhe 80 annab suurep\u00e4rase kontakti teega, v\u00f5imaldades kindlat ja t\u00e4pset k\u00e4sitlust ning toob esile rehvi tehnoloogilise tipptaseme. Metzeleri maine on kinnitanud seda mudelit erakordselt v\u00f5imekka ja t\u00f6\u00f6kindla lahendusena, [&hellip;]<\/p>\n","protected":false},"featured_media":122189,"template":"","meta":{"site-sidebar-layout":"default","site-content-layout":"","ast-site-content-layout":"","site-content-style":"default","site-sidebar-style":"default","ast-global-header-display":"","ast-banner-title-visibility":"","ast-main-header-display":"","ast-hfb-above-header-display":"","ast-hfb-below-header-display":"","ast-hfb-mobile-header-display":"","site-post-title":"","ast-breadcrumbs-content":"","ast-featured-img":"","footer-sml-layout":"","theme-transparent-header-meta":"","adv-header-id-meta":"","stick-header-meta":"","header-above-stick-meta":"","header-main-stick-meta":"","header-below-stick-meta":"","astra-migrate-meta-layouts":"default","ast-page-background-enabled":"default","ast-page-background-meta":{"desktop":{"background-color":"","background-image":"","background-repeat":"repeat","background-position":"center center","background-size":"auto","background-attachment":"scroll","background-type":"","background-media":"","overlay-type":"","overlay-color":"","overlay-opacity":"","overlay-gradient":""},"tablet":{"background-color":"","background-image":"","background-repeat":"repeat","background-position":"center center","background-size":"auto","background-attachment":"scroll","background-type":"","background-media":"","overlay-type":"","overlay-color":"","overlay-opacity":"","overlay-gradient":""},"mobile":{"background-color":"","background-image":"","background-repeat":"repeat","background-position":"center center","background-size":"auto","background-attachment":"scroll","background-type":"","background-media":"","overlay-type":"","overlay-color":"","overlay-opacity":"","overlay-gradient":""}},"ast-content-background-meta":{"desktop":{"background-color":"var(--ast-global-color-5)","background-image":"","background-repeat":"repeat","background-position":"center center","background-size":"auto","background-attachment":"scroll","background-type":"","background-media":"","overlay-type":"","overlay-color":"","overlay-opacity":"","overlay-gradient":""},"tablet":{"background-color":"var(--ast-global-color-5)","background-image":"","background-repeat":"repeat","background-position":"center center","background-size":"auto","background-attachment":"scroll","background-type":"","background-media":"","overlay-type":"","overlay-color":"","overlay-opacity":"","overlay-gradient":""},"mobile":{"background-color":"var(--ast-global-color-5)","background-image":"","background-repeat":"repeat","background-position":"center center","background-size":"auto","background-attachment":"scroll","background-type":"","background-media":"","overlay-type":"","overlay-color":"","overlay-opacity":"","overlay-gradient":""}}},"product_brand":[],"product_cat":[34223],"product_tag":[],"pa_brand_name":[17526],"class_list":{"0":"post-121236","1":"product","2":"type-product","3":"status-publish","4":"has-post-thumbnail","6":"product_cat-mc-tires","7":"pa_brand_name-metzeler","8":"desktop-align-left","9":"tablet-align-left","10":"mobile-align-left","12":"first","13":"outofstock","14":"taxable","15":"shipping-taxable","16":"purchasable","17":"product-type-simple"},"_links":{"self":[{"href":"https:\/\/shop.rettum.ee\/en\/wp-json\/wp\/v2\/product\/121236","targetHints":{"allow":["GET"]}}],"collection":[{"href":"https:\/\/shop.rettum.ee\/en\/wp-json\/wp\/v2\/product"}],"about":[{"href":"https:\/\/shop.rettum.ee\/en\/wp-json\/wp\/v2\/types\/product"}],"version-history":[{"count":1,"href":"https:\/\/shop.rettum.ee\/en\/wp-json\/wp\/v2\/product\/121236\/revisions"}],"predecessor-version":[{"id":125356,"href":"https:\/\/shop.rettum.ee\/en\/wp-json\/wp\/v2\/product\/121236\/revisions\/125356"}],"wp:featuredmedia":[{"embeddable":true,"href":"https:\/\/shop.rettum.ee\/en\/wp-json\/wp\/v2\/media\/122189"}],"wp:attachment":[{"href":"https:\/\/shop.rettum.ee\/en\/wp-json\/wp\/v2\/media?parent=121236"}],"wp:term":[{"taxonomy":"product_brand","embeddable":true,"href":"https:\/\/shop.rettum.ee\/en\/wp-json\/wp\/v2\/product_brand?post=121236"},{"taxonomy":"product_cat","embeddable":true,"href":"https:\/\/shop.rettum.ee\/en\/wp-json\/wp\/v2\/product_cat?post=121236"},{"taxonomy":"product_tag","embeddable":true,"href":"https:\/\/shop.rettum.ee\/en\/wp-json\/wp\/v2\/product_tag?post=121236"},{"taxonomy":"pa_brand_name","embeddable":true,"href":"https:\/\/shop.rettum.ee\/en\/wp-json\/wp\/v2\/pa_brand_name?post=121236"}],"curies":[{"name":"wp","href":"https:\/\/api.w.org\/{rel}","templated":true}]}}