{"id":121237,"date":"2025-03-31T13:23:06","date_gmt":"2025-03-31T10:23:06","guid":{"rendered":"https:\/\/shop.rettum.ee\/toode\/90-90-21-metzeler-mce-6-days-extreme-54m-tt-enduro-competition-front-soft-ms-fim\/"},"modified":"2026-03-27T02:45:56","modified_gmt":"2026-03-27T00:45:56","slug":"90-90-21-metzeler-mce-6-days-extreme-54m-tt-enduro-competition-front-soft-ms-fim","status":"publish","type":"product","link":"https:\/\/shop.rettum.ee\/en\/product\/90-90-21-metzeler-mce-6-days-extreme-54m-tt-enduro-competition-front-soft-ms-fim\/","title":{"rendered":"90\/90-21 Metzeler MCE 6 DAYS EXTREME 54M TT ENDURO COMPETITION Front Soft M+S FIM"},"content":{"rendered":"<p>Metzeler MCE 6 DAYS EXTREME 54M TT ENDURO COMPETITION on eesrehv, mis on loodud spetsiaalselt professionaalsetele endurov\u00f5istlejatele. Rehvi m\u00f5\u00f5tmed 90\/90-21 tagavad optimaalse kontakti ja stabiilsuse karmides maastikutingimustes, pakkudes erakordset haarduvust nii m\u00e4rgadel kui libedatel pindadel. <\/p>\n<p>Esikohale paigutatud &#8220;Front Soft&#8221; omadus ja M+S (mud and snow) klassifitseering tagavad suurep\u00e4rase reageerimisv\u00f5ime erinevates ilmastikutingimustes, mis omakorda parandab s\u00f5iduohutust ja man\u00f6\u00f6verdusv\u00f5imet. Rehvi 54 koormusindeks ja M kiirusindeks vastavad k\u00f5rgetele n\u00f5uetele, muutes selle ideaalseks valikuks ekstreemseteks v\u00f5istluskeskkondadeks. <\/p>\n<p>Metzeleri br\u00e4nd on tuntud oma innovatiivsete ja usaldusv\u00e4\u00e4rsete toodete poolest ning 2024 DOT-aasta garantii kinnitab selle toote v\u00e4rskust ja kaasaegsust. Kergekaaluline, vaid 3,9 kg, v\u00f5imaldab kiiret reaktsiooni ja t\u00e4iustab s\u00f5iduomadusi, pakkudes nii v\u00f5istlussooritust kui ka t\u00e4pset juhtimist. <\/p>\n<p>Vali Metzeler MCE 6 DAYS EXTREME ja astu samm edasij\u00f5udnute enduromaailma, kus kvaliteet ja turvalisus on esmat\u00e4htsad.<\/p>","protected":false},"excerpt":{"rendered":"<p>Metzeler MCE 6 DAYS EXTREME 54M TT ENDURO COMPETITION on eesrehv, mis on loodud spetsiaalselt professionaalsetele endurov\u00f5istlejatele. Rehvi m\u00f5\u00f5tmed 90\/90-21 tagavad optimaalse kontakti ja stabiilsuse karmides maastikutingimustes, pakkudes erakordset haarduvust nii m\u00e4rgadel kui libedatel pindadel. Esikohale paigutatud &#8220;Front Soft&#8221; omadus ja M+S (mud and snow) klassifitseering tagavad suurep\u00e4rase reageerimisv\u00f5ime erinevates ilmastikutingimustes, mis omakorda parandab s\u00f5iduohutust [&hellip;]<\/p>\n","protected":false},"featured_media":122189,"template":"","meta":{"site-sidebar-layout":"default","site-content-layout":"","ast-site-content-layout":"","site-content-style":"default","site-sidebar-style":"default","ast-global-header-display":"","ast-banner-title-visibility":"","ast-main-header-display":"","ast-hfb-above-header-display":"","ast-hfb-below-header-display":"","ast-hfb-mobile-header-display":"","site-post-title":"","ast-breadcrumbs-content":"","ast-featured-img":"","footer-sml-layout":"","theme-transparent-header-meta":"","adv-header-id-meta":"","stick-header-meta":"","header-above-stick-meta":"","header-main-stick-meta":"","header-below-stick-meta":"","astra-migrate-meta-layouts":"default","ast-page-background-enabled":"default","ast-page-background-meta":{"desktop":{"background-color":"","background-image":"","background-repeat":"repeat","background-position":"center center","background-size":"auto","background-attachment":"scroll","background-type":"","background-media":"","overlay-type":"","overlay-color":"","overlay-opacity":"","overlay-gradient":""},"tablet":{"background-color":"","background-image":"","background-repeat":"repeat","background-position":"center center","background-size":"auto","background-attachment":"scroll","background-type":"","background-media":"","overlay-type":"","overlay-color":"","overlay-opacity":"","overlay-gradient":""},"mobile":{"background-color":"","background-image":"","background-repeat":"repeat","background-position":"center center","background-size":"auto","background-attachment":"scroll","background-type":"","background-media":"","overlay-type":"","overlay-color":"","overlay-opacity":"","overlay-gradient":""}},"ast-content-background-meta":{"desktop":{"background-color":"var(--ast-global-color-5)","background-image":"","background-repeat":"repeat","background-position":"center center","background-size":"auto","background-attachment":"scroll","background-type":"","background-media":"","overlay-type":"","overlay-color":"","overlay-opacity":"","overlay-gradient":""},"tablet":{"background-color":"var(--ast-global-color-5)","background-image":"","background-repeat":"repeat","background-position":"center center","background-size":"auto","background-attachment":"scroll","background-type":"","background-media":"","overlay-type":"","overlay-color":"","overlay-opacity":"","overlay-gradient":""},"mobile":{"background-color":"var(--ast-global-color-5)","background-image":"","background-repeat":"repeat","background-position":"center center","background-size":"auto","background-attachment":"scroll","background-type":"","background-media":"","overlay-type":"","overlay-color":"","overlay-opacity":"","overlay-gradient":""}}},"product_brand":[],"product_cat":[34223],"product_tag":[],"pa_brand_name":[17526],"class_list":{"0":"post-121237","1":"product","2":"type-product","3":"status-publish","4":"has-post-thumbnail","6":"product_cat-mc-tires","7":"pa_brand_name-metzeler","8":"desktop-align-left","9":"tablet-align-left","10":"mobile-align-left","12":"first","13":"instock","14":"taxable","15":"shipping-taxable","16":"purchasable","17":"product-type-simple"},"_links":{"self":[{"href":"https:\/\/shop.rettum.ee\/en\/wp-json\/wp\/v2\/product\/121237","targetHints":{"allow":["GET"]}}],"collection":[{"href":"https:\/\/shop.rettum.ee\/en\/wp-json\/wp\/v2\/product"}],"about":[{"href":"https:\/\/shop.rettum.ee\/en\/wp-json\/wp\/v2\/types\/product"}],"version-history":[{"count":1,"href":"https:\/\/shop.rettum.ee\/en\/wp-json\/wp\/v2\/product\/121237\/revisions"}],"predecessor-version":[{"id":125357,"href":"https:\/\/shop.rettum.ee\/en\/wp-json\/wp\/v2\/product\/121237\/revisions\/125357"}],"wp:featuredmedia":[{"embeddable":true,"href":"https:\/\/shop.rettum.ee\/en\/wp-json\/wp\/v2\/media\/122189"}],"wp:attachment":[{"href":"https:\/\/shop.rettum.ee\/en\/wp-json\/wp\/v2\/media?parent=121237"}],"wp:term":[{"taxonomy":"product_brand","embeddable":true,"href":"https:\/\/shop.rettum.ee\/en\/wp-json\/wp\/v2\/product_brand?post=121237"},{"taxonomy":"product_cat","embeddable":true,"href":"https:\/\/shop.rettum.ee\/en\/wp-json\/wp\/v2\/product_cat?post=121237"},{"taxonomy":"product_tag","embeddable":true,"href":"https:\/\/shop.rettum.ee\/en\/wp-json\/wp\/v2\/product_tag?post=121237"},{"taxonomy":"pa_brand_name","embeddable":true,"href":"https:\/\/shop.rettum.ee\/en\/wp-json\/wp\/v2\/pa_brand_name?post=121237"}],"curies":[{"name":"wp","href":"https:\/\/api.w.org\/{rel}","templated":true}]}}