{"id":121238,"date":"2025-03-31T13:23:07","date_gmt":"2025-03-31T10:23:07","guid":{"rendered":"https:\/\/shop.rettum.ee\/toode\/145-70r13-gt-radial-champiro-eco-71t-dbb70\/"},"modified":"2026-03-25T02:47:30","modified_gmt":"2026-03-25T00:47:30","slug":"145-70r13-gt-radial-champiro-eco-71t-dbb70","status":"publish","type":"product","link":"https:\/\/shop.rettum.ee\/en\/product\/145-70r13-gt-radial-champiro-eco-71t-dbb70\/","title":{"rendered":"145\/70R13 GT RADIAL CHAMPIRO ECO 71T DBB70"},"content":{"rendered":"<p>Tutvustame mugavat ja \u00f6konoomset 145\/70R13 GT RADIAL CHAMPIRO ECO 71T DBB70 rehvi, mis on loodud t\u00e4nap\u00e4evaste s\u00f5iduolude jaoks. See 13-tolline rehvit\u00fc\u00fcp, mille m\u00f5\u00f5tmed on 145 mm laius ja 70% k\u00fclgprofiil, sobib ideaalselt linnat\u00e4navatele ja maanteedele. GT RADIAL br\u00e4nd garantii ja usaldusv\u00e4\u00e4rsuse s\u00fcmbol toob s\u00f5idukijuhtidele meelerahu igal teekonnal.<\/p>\n<p>Rehvil omatud koormusindeks 71 ja T-kiirusindeks tagavad stabiilse ja turvalise s\u00f5idu ning selle k\u00fctuses\u00e4\u00e4stlikkus klass D aitab v\u00e4hendada s\u00f5idukikulusid. M\u00e4rgatav on ka rehvi madal m\u00fcratase \u2013 klass B, mille helitase ulatub kuni 70, pakkudes vaikset ja meeldivat s\u00f5itu nii linnas kui maanteel.<\/p>\n<p>2023. aasta dot-aasta mudel on valmistatud 5,2 kg kaaluna, olles optimeeritud nii j\u00f5udluse kui vastupidavuse poolest. GT RADIAL CHAMPIRO ECO 71T DBB70 rehvi valimine t\u00e4hendab investeeringut ohutusse, efektiivsusse ja usaldusv\u00e4\u00e4rsesse j\u00f5udlusse igap\u00e4evases s\u00f5idus.<\/p>","protected":false},"excerpt":{"rendered":"<p>Tutvustame mugavat ja \u00f6konoomset 145\/70R13 GT RADIAL CHAMPIRO ECO 71T DBB70 rehvi, mis on loodud t\u00e4nap\u00e4evaste s\u00f5iduolude jaoks. See 13-tolline rehvit\u00fc\u00fcp, mille m\u00f5\u00f5tmed on 145 mm laius ja 70% k\u00fclgprofiil, sobib ideaalselt linnat\u00e4navatele ja maanteedele. GT RADIAL br\u00e4nd garantii ja usaldusv\u00e4\u00e4rsuse s\u00fcmbol toob s\u00f5idukijuhtidele meelerahu igal teekonnal. Rehvil omatud koormusindeks 71 ja T-kiirusindeks tagavad stabiilse [&hellip;]<\/p>\n","protected":false},"featured_media":124212,"template":"","meta":{"site-sidebar-layout":"default","site-content-layout":"","ast-site-content-layout":"","site-content-style":"default","site-sidebar-style":"default","ast-global-header-display":"","ast-banner-title-visibility":"","ast-main-header-display":"","ast-hfb-above-header-display":"","ast-hfb-below-header-display":"","ast-hfb-mobile-header-display":"","site-post-title":"","ast-breadcrumbs-content":"","ast-featured-img":"","footer-sml-layout":"","theme-transparent-header-meta":"","adv-header-id-meta":"","stick-header-meta":"","header-above-stick-meta":"","header-main-stick-meta":"","header-below-stick-meta":"","astra-migrate-meta-layouts":"default","ast-page-background-enabled":"default","ast-page-background-meta":{"desktop":{"background-color":"","background-image":"","background-repeat":"repeat","background-position":"center center","background-size":"auto","background-attachment":"scroll","background-type":"","background-media":"","overlay-type":"","overlay-color":"","overlay-opacity":"","overlay-gradient":""},"tablet":{"background-color":"","background-image":"","background-repeat":"repeat","background-position":"center center","background-size":"auto","background-attachment":"scroll","background-type":"","background-media":"","overlay-type":"","overlay-color":"","overlay-opacity":"","overlay-gradient":""},"mobile":{"background-color":"","background-image":"","background-repeat":"repeat","background-position":"center center","background-size":"auto","background-attachment":"scroll","background-type":"","background-media":"","overlay-type":"","overlay-color":"","overlay-opacity":"","overlay-gradient":""}},"ast-content-background-meta":{"desktop":{"background-color":"var(--ast-global-color-5)","background-image":"","background-repeat":"repeat","background-position":"center center","background-size":"auto","background-attachment":"scroll","background-type":"","background-media":"","overlay-type":"","overlay-color":"","overlay-opacity":"","overlay-gradient":""},"tablet":{"background-color":"var(--ast-global-color-5)","background-image":"","background-repeat":"repeat","background-position":"center center","background-size":"auto","background-attachment":"scroll","background-type":"","background-media":"","overlay-type":"","overlay-color":"","overlay-opacity":"","overlay-gradient":""},"mobile":{"background-color":"var(--ast-global-color-5)","background-image":"","background-repeat":"repeat","background-position":"center center","background-size":"auto","background-attachment":"scroll","background-type":"","background-media":"","overlay-type":"","overlay-color":"","overlay-opacity":"","overlay-gradient":""}}},"product_brand":[],"product_cat":[34225],"product_tag":[],"pa_brand_name":[34250],"class_list":{"0":"post-121238","1":"product","2":"type-product","3":"status-publish","4":"has-post-thumbnail","6":"product_cat-summer-tires-pv","7":"pa_brand_name-gt-radial-2","8":"desktop-align-left","9":"tablet-align-left","10":"mobile-align-left","12":"first","13":"instock","14":"taxable","15":"shipping-taxable","16":"purchasable","17":"product-type-simple"},"_links":{"self":[{"href":"https:\/\/shop.rettum.ee\/en\/wp-json\/wp\/v2\/product\/121238","targetHints":{"allow":["GET"]}}],"collection":[{"href":"https:\/\/shop.rettum.ee\/en\/wp-json\/wp\/v2\/product"}],"about":[{"href":"https:\/\/shop.rettum.ee\/en\/wp-json\/wp\/v2\/types\/product"}],"version-history":[{"count":1,"href":"https:\/\/shop.rettum.ee\/en\/wp-json\/wp\/v2\/product\/121238\/revisions"}],"predecessor-version":[{"id":125355,"href":"https:\/\/shop.rettum.ee\/en\/wp-json\/wp\/v2\/product\/121238\/revisions\/125355"}],"wp:featuredmedia":[{"embeddable":true,"href":"https:\/\/shop.rettum.ee\/en\/wp-json\/wp\/v2\/media\/124212"}],"wp:attachment":[{"href":"https:\/\/shop.rettum.ee\/en\/wp-json\/wp\/v2\/media?parent=121238"}],"wp:term":[{"taxonomy":"product_brand","embeddable":true,"href":"https:\/\/shop.rettum.ee\/en\/wp-json\/wp\/v2\/product_brand?post=121238"},{"taxonomy":"product_cat","embeddable":true,"href":"https:\/\/shop.rettum.ee\/en\/wp-json\/wp\/v2\/product_cat?post=121238"},{"taxonomy":"product_tag","embeddable":true,"href":"https:\/\/shop.rettum.ee\/en\/wp-json\/wp\/v2\/product_tag?post=121238"},{"taxonomy":"pa_brand_name","embeddable":true,"href":"https:\/\/shop.rettum.ee\/en\/wp-json\/wp\/v2\/pa_brand_name?post=121238"}],"curies":[{"name":"wp","href":"https:\/\/api.w.org\/{rel}","templated":true}]}}