{"id":121248,"date":"2025-03-31T13:23:14","date_gmt":"2025-03-31T10:23:14","guid":{"rendered":"https:\/\/shop.rettum.ee\/toode\/205-50r15-triangle-tr918-89v-rp-dcb72-ms\/"},"modified":"2025-07-30T02:51:22","modified_gmt":"2025-07-29T23:51:22","slug":"205-50r15-triangle-tr918-89v-rp-dcb72-ms","status":"publish","type":"product","link":"https:\/\/shop.rettum.ee\/en\/product\/205-50r15-triangle-tr918-89v-rp-dcb72-ms\/","title":{"rendered":"205\/50R15 TRIANGLE TR918 89V RP DCB72 M+S"},"content":{"rendered":"<p>205\/50R15 TRIANGLE TR918 89V RP DCB72 M+S on kvaliteetne rehvitoodetud, mis tagab usaldusv\u00e4\u00e4rset s\u00f5idukogemust erinevates teeoludes. Rehvi 205 mm laius, 50% k\u00fclgse proportsioon ja 15-tolline l\u00e4bim\u00f5\u00f5t loovad stabiilse ja t\u00e4pse juhitavuse nii kuivadel kui ka m\u00e4rgadel teedel. Radiaalne konstruktsioon tagab sujuva s\u00f5idu ning koormusindeks 89 ja kiirusindeks V v\u00f5imaldavad sellel rehvil pakkuda kindlat performantsi igap\u00e4evases kasutuses.<\/p>\n<p>M+S m\u00e4rgistus r\u00f5hutab rehvi v\u00f5imekust pakkuda head haarduvust mudal ja lumistel pindadel, muutes selle ideaalseks valikuks muutlike ilmastikutingimuste puhul. 2024 DOT aasta j\u00e4rgi toodetud rehvitoodetus tagab kaasaegse kvaliteedi ja vastupidavuse. K\u00fctuses\u00e4\u00e4stlikkuse klass D ja madal m\u00fcra tase (klass B, 72 dB) annab s\u00f5idule lisamugavust ja v\u00e4hendab auto \u00fcldist m\u00fcra, pakkudes seel\u00e4bi meeldivamat s\u00f5idukogemust.<\/p>\n<p>Triangle br\u00e4ndi usaldusv\u00e4\u00e4rsus ja innovaatiline disain teevad sellest rehvi suurep\u00e4rase partneri igap\u00e4evasteks s\u00f5itudes, pakkudes turvalisust ja stabiilsust ka n\u00f5udlikes tingimustes.<\/p>","protected":false},"excerpt":{"rendered":"<p>205\/50R15 TRIANGLE TR918 89V RP DCB72 M+S on kvaliteetne rehvitoodetud, mis tagab usaldusv\u00e4\u00e4rset s\u00f5idukogemust erinevates teeoludes. Rehvi 205 mm laius, 50% k\u00fclgse proportsioon ja 15-tolline l\u00e4bim\u00f5\u00f5t loovad stabiilse ja t\u00e4pse juhitavuse nii kuivadel kui ka m\u00e4rgadel teedel. Radiaalne konstruktsioon tagab sujuva s\u00f5idu ning koormusindeks 89 ja kiirusindeks V v\u00f5imaldavad sellel rehvil pakkuda kindlat performantsi igap\u00e4evases [&hellip;]<\/p>\n","protected":false},"featured_media":122171,"template":"","meta":{"site-sidebar-layout":"default","site-content-layout":"","ast-site-content-layout":"","site-content-style":"default","site-sidebar-style":"default","ast-global-header-display":"","ast-banner-title-visibility":"","ast-main-header-display":"","ast-hfb-above-header-display":"","ast-hfb-below-header-display":"","ast-hfb-mobile-header-display":"","site-post-title":"","ast-breadcrumbs-content":"","ast-featured-img":"","footer-sml-layout":"","theme-transparent-header-meta":"","adv-header-id-meta":"","stick-header-meta":"","header-above-stick-meta":"","header-main-stick-meta":"","header-below-stick-meta":"","astra-migrate-meta-layouts":"default","ast-page-background-enabled":"default","ast-page-background-meta":{"desktop":{"background-color":"","background-image":"","background-repeat":"repeat","background-position":"center center","background-size":"auto","background-attachment":"scroll","background-type":"","background-media":"","overlay-type":"","overlay-color":"","overlay-opacity":"","overlay-gradient":""},"tablet":{"background-color":"","background-image":"","background-repeat":"repeat","background-position":"center center","background-size":"auto","background-attachment":"scroll","background-type":"","background-media":"","overlay-type":"","overlay-color":"","overlay-opacity":"","overlay-gradient":""},"mobile":{"background-color":"","background-image":"","background-repeat":"repeat","background-position":"center center","background-size":"auto","background-attachment":"scroll","background-type":"","background-media":"","overlay-type":"","overlay-color":"","overlay-opacity":"","overlay-gradient":""}},"ast-content-background-meta":{"desktop":{"background-color":"var(--ast-global-color-5)","background-image":"","background-repeat":"repeat","background-position":"center center","background-size":"auto","background-attachment":"scroll","background-type":"","background-media":"","overlay-type":"","overlay-color":"","overlay-opacity":"","overlay-gradient":""},"tablet":{"background-color":"var(--ast-global-color-5)","background-image":"","background-repeat":"repeat","background-position":"center center","background-size":"auto","background-attachment":"scroll","background-type":"","background-media":"","overlay-type":"","overlay-color":"","overlay-opacity":"","overlay-gradient":""},"mobile":{"background-color":"var(--ast-global-color-5)","background-image":"","background-repeat":"repeat","background-position":"center center","background-size":"auto","background-attachment":"scroll","background-type":"","background-media":"","overlay-type":"","overlay-color":"","overlay-opacity":"","overlay-gradient":""}}},"product_brand":[],"product_cat":[34225],"product_tag":[],"pa_brand_name":[16873],"class_list":{"0":"post-121248","1":"product","2":"type-product","3":"status-publish","4":"has-post-thumbnail","6":"product_cat-summer-tires-pv","7":"pa_brand_name-triangle","8":"desktop-align-left","9":"tablet-align-left","10":"mobile-align-left","12":"first","13":"outofstock","14":"taxable","15":"shipping-taxable","16":"purchasable","17":"product-type-simple"},"_links":{"self":[{"href":"https:\/\/shop.rettum.ee\/en\/wp-json\/wp\/v2\/product\/121248","targetHints":{"allow":["GET"]}}],"collection":[{"href":"https:\/\/shop.rettum.ee\/en\/wp-json\/wp\/v2\/product"}],"about":[{"href":"https:\/\/shop.rettum.ee\/en\/wp-json\/wp\/v2\/types\/product"}],"version-history":[{"count":1,"href":"https:\/\/shop.rettum.ee\/en\/wp-json\/wp\/v2\/product\/121248\/revisions"}],"predecessor-version":[{"id":125349,"href":"https:\/\/shop.rettum.ee\/en\/wp-json\/wp\/v2\/product\/121248\/revisions\/125349"}],"wp:featuredmedia":[{"embeddable":true,"href":"https:\/\/shop.rettum.ee\/en\/wp-json\/wp\/v2\/media\/122171"}],"wp:attachment":[{"href":"https:\/\/shop.rettum.ee\/en\/wp-json\/wp\/v2\/media?parent=121248"}],"wp:term":[{"taxonomy":"product_brand","embeddable":true,"href":"https:\/\/shop.rettum.ee\/en\/wp-json\/wp\/v2\/product_brand?post=121248"},{"taxonomy":"product_cat","embeddable":true,"href":"https:\/\/shop.rettum.ee\/en\/wp-json\/wp\/v2\/product_cat?post=121248"},{"taxonomy":"product_tag","embeddable":true,"href":"https:\/\/shop.rettum.ee\/en\/wp-json\/wp\/v2\/product_tag?post=121248"},{"taxonomy":"pa_brand_name","embeddable":true,"href":"https:\/\/shop.rettum.ee\/en\/wp-json\/wp\/v2\/pa_brand_name?post=121248"}],"curies":[{"name":"wp","href":"https:\/\/api.w.org\/{rel}","templated":true}]}}