{"id":121258,"date":"2025-03-31T13:23:23","date_gmt":"2025-03-31T10:23:23","guid":{"rendered":"https:\/\/shop.rettum.ee\/toode\/215-65r16-dynamo-street-h-mh01-98h-rp-dcb71\/"},"modified":"2025-08-13T02:46:30","modified_gmt":"2025-08-12T23:46:30","slug":"215-65r16-dynamo-street-h-mh01-98h-rp-dcb71","status":"publish","type":"product","link":"https:\/\/shop.rettum.ee\/en\/product\/215-65r16-dynamo-street-h-mh01-98h-rp-dcb71\/","title":{"rendered":"215\/65R16 DYNAMO STREET-H MH01 98H RP DCB71"},"content":{"rendered":"<p>DYNAMO STREET-H MH01 rehvid pakuvad usaldusv\u00e4\u00e4rset ja mitmek\u00fclgset s\u00f5idukogemust t\u00e4naval. Mudel 215\/65R16 on konstrueeritud 2022. aastal ning selle m\u00f5\u00f5tmed \u2013 215 mm laius, 65% k\u00fclgede proportsioon ja 16-tolline l\u00e4bim\u00f5\u00f5t \u2013 tagavad stabiilsuse ja mugava s\u00f5idu erinevates s\u00f5iduoludes. Rehvi 10,3 kg kaal ja radiaalstruktuur annavad kindluse ning pikendavad kvaliteetaega.<\/p>\n<p>Rehvi koormusindeks 98 ja kiirusindeks H v\u00f5imaldavad s\u00f5ita kindlalt nii linnat\u00e4navatel kui ka maanteedel, pakkudes vajadusel vajalikku j\u00f5udlust. K\u00fctusekulu efektiivsus on hinnatud D kategoorias, mis aitab s\u00e4ilitada optimaalset sooritusv\u00f5imet ja kulude kontrolli. Lisaks on rehvi m\u00fcra tase kontrollitud &#8211; Noise Class B ja Noise Value 71 tagavad vaikse ja meeldiva s\u00f5idukogemuse.<\/p>\n<p>Kuigi rehvid ei ole spetsiaalselt talver\u00f5huks kinnitatud, sobivad nad suurep\u00e4raselt igap\u00e4evaseks s\u00f5iduks kevadel, suvel ja s\u00fcgisel, pakkudes usaldusv\u00e4\u00e4rset haarduvust m\u00e4rgadel teedel (Wet Grip C). DYNAMO STREET-H MH01 on hea valik neile, kes otsivad kvaliteetset ja mitmek\u00fclgset rehvikomplekti oma s\u00f5idukile.<\/p>","protected":false},"excerpt":{"rendered":"<p>DYNAMO STREET-H MH01 rehvid pakuvad usaldusv\u00e4\u00e4rset ja mitmek\u00fclgset s\u00f5idukogemust t\u00e4naval. Mudel 215\/65R16 on konstrueeritud 2022. aastal ning selle m\u00f5\u00f5tmed \u2013 215 mm laius, 65% k\u00fclgede proportsioon ja 16-tolline l\u00e4bim\u00f5\u00f5t \u2013 tagavad stabiilsuse ja mugava s\u00f5idu erinevates s\u00f5iduoludes. Rehvi 10,3 kg kaal ja radiaalstruktuur annavad kindluse ning pikendavad kvaliteetaega. Rehvi koormusindeks 98 ja kiirusindeks H v\u00f5imaldavad [&hellip;]<\/p>\n","protected":false},"featured_media":122110,"template":"","meta":{"site-sidebar-layout":"default","site-content-layout":"","ast-site-content-layout":"","site-content-style":"default","site-sidebar-style":"default","ast-global-header-display":"","ast-banner-title-visibility":"","ast-main-header-display":"","ast-hfb-above-header-display":"","ast-hfb-below-header-display":"","ast-hfb-mobile-header-display":"","site-post-title":"","ast-breadcrumbs-content":"","ast-featured-img":"","footer-sml-layout":"","theme-transparent-header-meta":"","adv-header-id-meta":"","stick-header-meta":"","header-above-stick-meta":"","header-main-stick-meta":"","header-below-stick-meta":"","astra-migrate-meta-layouts":"default","ast-page-background-enabled":"default","ast-page-background-meta":{"desktop":{"background-color":"","background-image":"","background-repeat":"repeat","background-position":"center center","background-size":"auto","background-attachment":"scroll","background-type":"","background-media":"","overlay-type":"","overlay-color":"","overlay-opacity":"","overlay-gradient":""},"tablet":{"background-color":"","background-image":"","background-repeat":"repeat","background-position":"center center","background-size":"auto","background-attachment":"scroll","background-type":"","background-media":"","overlay-type":"","overlay-color":"","overlay-opacity":"","overlay-gradient":""},"mobile":{"background-color":"","background-image":"","background-repeat":"repeat","background-position":"center center","background-size":"auto","background-attachment":"scroll","background-type":"","background-media":"","overlay-type":"","overlay-color":"","overlay-opacity":"","overlay-gradient":""}},"ast-content-background-meta":{"desktop":{"background-color":"var(--ast-global-color-5)","background-image":"","background-repeat":"repeat","background-position":"center center","background-size":"auto","background-attachment":"scroll","background-type":"","background-media":"","overlay-type":"","overlay-color":"","overlay-opacity":"","overlay-gradient":""},"tablet":{"background-color":"var(--ast-global-color-5)","background-image":"","background-repeat":"repeat","background-position":"center center","background-size":"auto","background-attachment":"scroll","background-type":"","background-media":"","overlay-type":"","overlay-color":"","overlay-opacity":"","overlay-gradient":""},"mobile":{"background-color":"var(--ast-global-color-5)","background-image":"","background-repeat":"repeat","background-position":"center center","background-size":"auto","background-attachment":"scroll","background-type":"","background-media":"","overlay-type":"","overlay-color":"","overlay-opacity":"","overlay-gradient":""}}},"product_brand":[],"product_cat":[34225],"product_tag":[],"pa_brand_name":[17833],"class_list":{"0":"post-121258","1":"product","2":"type-product","3":"status-publish","4":"has-post-thumbnail","6":"product_cat-summer-tires-pv","7":"pa_brand_name-dynamo","8":"desktop-align-left","9":"tablet-align-left","10":"mobile-align-left","12":"first","13":"instock","14":"taxable","15":"shipping-taxable","16":"purchasable","17":"product-type-simple"},"_links":{"self":[{"href":"https:\/\/shop.rettum.ee\/en\/wp-json\/wp\/v2\/product\/121258","targetHints":{"allow":["GET"]}}],"collection":[{"href":"https:\/\/shop.rettum.ee\/en\/wp-json\/wp\/v2\/product"}],"about":[{"href":"https:\/\/shop.rettum.ee\/en\/wp-json\/wp\/v2\/types\/product"}],"version-history":[{"count":1,"href":"https:\/\/shop.rettum.ee\/en\/wp-json\/wp\/v2\/product\/121258\/revisions"}],"predecessor-version":[{"id":125343,"href":"https:\/\/shop.rettum.ee\/en\/wp-json\/wp\/v2\/product\/121258\/revisions\/125343"}],"wp:featuredmedia":[{"embeddable":true,"href":"https:\/\/shop.rettum.ee\/en\/wp-json\/wp\/v2\/media\/122110"}],"wp:attachment":[{"href":"https:\/\/shop.rettum.ee\/en\/wp-json\/wp\/v2\/media?parent=121258"}],"wp:term":[{"taxonomy":"product_brand","embeddable":true,"href":"https:\/\/shop.rettum.ee\/en\/wp-json\/wp\/v2\/product_brand?post=121258"},{"taxonomy":"product_cat","embeddable":true,"href":"https:\/\/shop.rettum.ee\/en\/wp-json\/wp\/v2\/product_cat?post=121258"},{"taxonomy":"product_tag","embeddable":true,"href":"https:\/\/shop.rettum.ee\/en\/wp-json\/wp\/v2\/product_tag?post=121258"},{"taxonomy":"pa_brand_name","embeddable":true,"href":"https:\/\/shop.rettum.ee\/en\/wp-json\/wp\/v2\/pa_brand_name?post=121258"}],"curies":[{"name":"wp","href":"https:\/\/api.w.org\/{rel}","templated":true}]}}