{"id":121295,"date":"2025-03-31T13:23:52","date_gmt":"2025-03-31T10:23:52","guid":{"rendered":"https:\/\/shop.rettum.ee\/toode\/275-40r21-dynamo-hiscend-h-msu01-107y-xl-rp-cbb73\/"},"modified":"2025-07-01T02:51:32","modified_gmt":"2025-06-30T23:51:32","slug":"275-40r21-dynamo-hiscend-h-msu01-107y-xl-rp-cbb73","status":"publish","type":"product","link":"https:\/\/shop.rettum.ee\/en\/product\/275-40r21-dynamo-hiscend-h-msu01-107y-xl-rp-cbb73\/","title":{"rendered":"275\/40R21 DYNAMO HISCEND-H MSU01 107Y XL RP CBB73"},"content":{"rendered":"<p>Tutvustame uutmoodi rehvi \u2013 275\/40R21 DYNAMO HISCEND-H MSU01, mis toob sinule tipptasemel turvalisuse ja j\u00f5udluse igas s\u00f5idus. Selle modernse disaini s\u00fcgavalt juurdunud tehnoloogiad tagavad muljetavaldava kandev\u00f5ime t\u00e4nu koormusindeksile 107 ja kiirusindeksile Y, lubades ohutut s\u00f5itu isegi k\u00f5rgematel kiirustel. 21-tolline l\u00e4bim\u00f5\u00f5t ning 275 mm laius pakuvad stabiilsust ja kindlat k\u00e4ttehoidu, mis muudab selle rehvi ideaalseks sportlikuks ja d\u00fcnaamiliseks juhiks. <\/p>\n<p>DYNAMO HISCEND-H MSU01 on radiaals\u00fcsteemiga, mis tagab \u00fchtlase kulumise ja pikema t\u00f6\u00f6ea. K\u00fctuseefektiivsuse hinne C aitab optimeerida energia tarbimist, samas kui m\u00fcra klass B ning 73 dB m\u00fcra v\u00e4\u00e4rtus loovad vaiksesse s\u00f5itu m\u00f5eldud keskkonna. Rehv on v\u00e4rskendatud 2023 DOT-koodiga, kinnitades selle kaasaegsust ja usaldusv\u00e4\u00e4rsust t\u00e4nap\u00e4evaste n\u00f5udmistele vastamiseks.<\/p>\n<p>Vali DYNAMO HISCEND-H MSU01, et kogeda ideaalset kombinatsiooni ohutusest, efektiivsusest ja s\u00f5idum\u00f5nudest \u2013 parim partner sinu teekonnal!<\/p>","protected":false},"excerpt":{"rendered":"<p>Tutvustame uutmoodi rehvi \u2013 275\/40R21 DYNAMO HISCEND-H MSU01, mis toob sinule tipptasemel turvalisuse ja j\u00f5udluse igas s\u00f5idus. Selle modernse disaini s\u00fcgavalt juurdunud tehnoloogiad tagavad muljetavaldava kandev\u00f5ime t\u00e4nu koormusindeksile 107 ja kiirusindeksile Y, lubades ohutut s\u00f5itu isegi k\u00f5rgematel kiirustel. 21-tolline l\u00e4bim\u00f5\u00f5t ning 275 mm laius pakuvad stabiilsust ja kindlat k\u00e4ttehoidu, mis muudab selle rehvi ideaalseks sportlikuks [&hellip;]<\/p>\n","protected":false},"featured_media":122101,"template":"","meta":{"site-sidebar-layout":"default","site-content-layout":"","ast-site-content-layout":"","site-content-style":"default","site-sidebar-style":"default","ast-global-header-display":"","ast-banner-title-visibility":"","ast-main-header-display":"","ast-hfb-above-header-display":"","ast-hfb-below-header-display":"","ast-hfb-mobile-header-display":"","site-post-title":"","ast-breadcrumbs-content":"","ast-featured-img":"","footer-sml-layout":"","theme-transparent-header-meta":"","adv-header-id-meta":"","stick-header-meta":"","header-above-stick-meta":"","header-main-stick-meta":"","header-below-stick-meta":"","astra-migrate-meta-layouts":"default","ast-page-background-enabled":"default","ast-page-background-meta":{"desktop":{"background-color":"","background-image":"","background-repeat":"repeat","background-position":"center center","background-size":"auto","background-attachment":"scroll","background-type":"","background-media":"","overlay-type":"","overlay-color":"","overlay-opacity":"","overlay-gradient":""},"tablet":{"background-color":"","background-image":"","background-repeat":"repeat","background-position":"center center","background-size":"auto","background-attachment":"scroll","background-type":"","background-media":"","overlay-type":"","overlay-color":"","overlay-opacity":"","overlay-gradient":""},"mobile":{"background-color":"","background-image":"","background-repeat":"repeat","background-position":"center center","background-size":"auto","background-attachment":"scroll","background-type":"","background-media":"","overlay-type":"","overlay-color":"","overlay-opacity":"","overlay-gradient":""}},"ast-content-background-meta":{"desktop":{"background-color":"var(--ast-global-color-5)","background-image":"","background-repeat":"repeat","background-position":"center center","background-size":"auto","background-attachment":"scroll","background-type":"","background-media":"","overlay-type":"","overlay-color":"","overlay-opacity":"","overlay-gradient":""},"tablet":{"background-color":"var(--ast-global-color-5)","background-image":"","background-repeat":"repeat","background-position":"center center","background-size":"auto","background-attachment":"scroll","background-type":"","background-media":"","overlay-type":"","overlay-color":"","overlay-opacity":"","overlay-gradient":""},"mobile":{"background-color":"var(--ast-global-color-5)","background-image":"","background-repeat":"repeat","background-position":"center center","background-size":"auto","background-attachment":"scroll","background-type":"","background-media":"","overlay-type":"","overlay-color":"","overlay-opacity":"","overlay-gradient":""}}},"product_brand":[],"product_cat":[34225],"product_tag":[],"pa_brand_name":[17833],"class_list":{"0":"post-121295","1":"product","2":"type-product","3":"status-publish","4":"has-post-thumbnail","6":"product_cat-summer-tires-pv","7":"pa_brand_name-dynamo","8":"desktop-align-left","9":"tablet-align-left","10":"mobile-align-left","12":"first","13":"instock","14":"taxable","15":"shipping-taxable","16":"purchasable","17":"product-type-simple"},"_links":{"self":[{"href":"https:\/\/shop.rettum.ee\/en\/wp-json\/wp\/v2\/product\/121295","targetHints":{"allow":["GET"]}}],"collection":[{"href":"https:\/\/shop.rettum.ee\/en\/wp-json\/wp\/v2\/product"}],"about":[{"href":"https:\/\/shop.rettum.ee\/en\/wp-json\/wp\/v2\/types\/product"}],"version-history":[{"count":1,"href":"https:\/\/shop.rettum.ee\/en\/wp-json\/wp\/v2\/product\/121295\/revisions"}],"predecessor-version":[{"id":125334,"href":"https:\/\/shop.rettum.ee\/en\/wp-json\/wp\/v2\/product\/121295\/revisions\/125334"}],"wp:featuredmedia":[{"embeddable":true,"href":"https:\/\/shop.rettum.ee\/en\/wp-json\/wp\/v2\/media\/122101"}],"wp:attachment":[{"href":"https:\/\/shop.rettum.ee\/en\/wp-json\/wp\/v2\/media?parent=121295"}],"wp:term":[{"taxonomy":"product_brand","embeddable":true,"href":"https:\/\/shop.rettum.ee\/en\/wp-json\/wp\/v2\/product_brand?post=121295"},{"taxonomy":"product_cat","embeddable":true,"href":"https:\/\/shop.rettum.ee\/en\/wp-json\/wp\/v2\/product_cat?post=121295"},{"taxonomy":"product_tag","embeddable":true,"href":"https:\/\/shop.rettum.ee\/en\/wp-json\/wp\/v2\/product_tag?post=121295"},{"taxonomy":"pa_brand_name","embeddable":true,"href":"https:\/\/shop.rettum.ee\/en\/wp-json\/wp\/v2\/pa_brand_name?post=121295"}],"curies":[{"name":"wp","href":"https:\/\/api.w.org\/{rel}","templated":true}]}}