{"id":121311,"date":"2025-03-31T13:24:03","date_gmt":"2025-03-31T10:24:03","guid":{"rendered":"https:\/\/shop.rettum.ee\/toode\/235-45r20-goodride-solmax-1-100y-xl-cab72\/"},"modified":"2026-03-22T02:57:37","modified_gmt":"2026-03-22T00:57:37","slug":"235-45r20-goodride-solmax-1-100y-xl-cab72","status":"publish","type":"product","link":"https:\/\/shop.rettum.ee\/en\/product\/235-45r20-goodride-solmax-1-100y-xl-cab72\/","title":{"rendered":"235\/45R20 GOODRIDE SOLMAX 1 100Y XL CAB72"},"content":{"rendered":"<p>Tutvu GoodRide SOLMAX 1 rehviga, mille suurus 235\/45R20 ja mis on varustatud XL lisakoormuse ning 100Y kiirusindeksiga, et tagada turvaline ja j\u00f5uline s\u00f5idukogemus ka k\u00f5rgetel kiirustel. Rehvi CAB72 kood on garantii kvaliteedile, n\u00e4idates, et tegemist on hoolikalt disainitud tootega, mis sobib ideaalselt kaasaegsete s\u00f5iduautode vajadustega.<\/p>\n<p>SOLMAX 1 on loodud pakkuma erakordset haarduvust ja stabiilsust nii kuivadel kui ka m\u00e4rgadel teedel. Uuenduslik rehvimuster tagab optimaalse pidamise ning s\u00e4ilitab s\u00f5idu kindluse igas olukorras, samal ajal v\u00e4hendades k\u00fctusekulu ja pakkudes \u00fclimat s\u00f5idumugavust. Erakordsed tehnilised omadused muudavad selle rehvi ideaalseks valikuks autojuhile, kes hindab turvalisust, kvaliteeti ja sportlikku sooritust.<\/p>\n<p>Valides GoodRide SOLMAX 1, seadate oma s\u00f5idukile lisav\u00e4\u00e4rtuse, mis toetab nii igap\u00e4evast s\u00f5itu kui ka \u00e4\u00e4rmuslikke s\u00f5idutingimusi. Enjoy the journey with confidence and style!<\/p>","protected":false},"excerpt":{"rendered":"<p>Tutvu GoodRide SOLMAX 1 rehviga, mille suurus 235\/45R20 ja mis on varustatud XL lisakoormuse ning 100Y kiirusindeksiga, et tagada turvaline ja j\u00f5uline s\u00f5idukogemus ka k\u00f5rgetel kiirustel. Rehvi CAB72 kood on garantii kvaliteedile, n\u00e4idates, et tegemist on hoolikalt disainitud tootega, mis sobib ideaalselt kaasaegsete s\u00f5iduautode vajadustega. SOLMAX 1 on loodud pakkuma erakordset haarduvust ja stabiilsust nii [&hellip;]<\/p>\n","protected":false},"featured_media":122085,"template":"","meta":{"site-sidebar-layout":"default","site-content-layout":"","ast-site-content-layout":"","site-content-style":"default","site-sidebar-style":"default","ast-global-header-display":"","ast-banner-title-visibility":"","ast-main-header-display":"","ast-hfb-above-header-display":"","ast-hfb-below-header-display":"","ast-hfb-mobile-header-display":"","site-post-title":"","ast-breadcrumbs-content":"","ast-featured-img":"","footer-sml-layout":"","theme-transparent-header-meta":"","adv-header-id-meta":"","stick-header-meta":"","header-above-stick-meta":"","header-main-stick-meta":"","header-below-stick-meta":"","astra-migrate-meta-layouts":"default","ast-page-background-enabled":"default","ast-page-background-meta":{"desktop":{"background-color":"","background-image":"","background-repeat":"repeat","background-position":"center center","background-size":"auto","background-attachment":"scroll","background-type":"","background-media":"","overlay-type":"","overlay-color":"","overlay-opacity":"","overlay-gradient":""},"tablet":{"background-color":"","background-image":"","background-repeat":"repeat","background-position":"center center","background-size":"auto","background-attachment":"scroll","background-type":"","background-media":"","overlay-type":"","overlay-color":"","overlay-opacity":"","overlay-gradient":""},"mobile":{"background-color":"","background-image":"","background-repeat":"repeat","background-position":"center center","background-size":"auto","background-attachment":"scroll","background-type":"","background-media":"","overlay-type":"","overlay-color":"","overlay-opacity":"","overlay-gradient":""}},"ast-content-background-meta":{"desktop":{"background-color":"var(--ast-global-color-5)","background-image":"","background-repeat":"repeat","background-position":"center center","background-size":"auto","background-attachment":"scroll","background-type":"","background-media":"","overlay-type":"","overlay-color":"","overlay-opacity":"","overlay-gradient":""},"tablet":{"background-color":"var(--ast-global-color-5)","background-image":"","background-repeat":"repeat","background-position":"center center","background-size":"auto","background-attachment":"scroll","background-type":"","background-media":"","overlay-type":"","overlay-color":"","overlay-opacity":"","overlay-gradient":""},"mobile":{"background-color":"var(--ast-global-color-5)","background-image":"","background-repeat":"repeat","background-position":"center center","background-size":"auto","background-attachment":"scroll","background-type":"","background-media":"","overlay-type":"","overlay-color":"","overlay-opacity":"","overlay-gradient":""}}},"product_brand":[],"product_cat":[34225],"product_tag":[],"pa_brand_name":[17861],"class_list":{"0":"post-121311","1":"product","2":"type-product","3":"status-publish","4":"has-post-thumbnail","6":"product_cat-summer-tires-pv","7":"pa_brand_name-goodride","8":"desktop-align-left","9":"tablet-align-left","10":"mobile-align-left","12":"first","13":"outofstock","14":"taxable","15":"shipping-taxable","16":"purchasable","17":"product-type-simple"},"_links":{"self":[{"href":"https:\/\/shop.rettum.ee\/en\/wp-json\/wp\/v2\/product\/121311","targetHints":{"allow":["GET"]}}],"collection":[{"href":"https:\/\/shop.rettum.ee\/en\/wp-json\/wp\/v2\/product"}],"about":[{"href":"https:\/\/shop.rettum.ee\/en\/wp-json\/wp\/v2\/types\/product"}],"version-history":[{"count":1,"href":"https:\/\/shop.rettum.ee\/en\/wp-json\/wp\/v2\/product\/121311\/revisions"}],"predecessor-version":[{"id":125333,"href":"https:\/\/shop.rettum.ee\/en\/wp-json\/wp\/v2\/product\/121311\/revisions\/125333"}],"wp:featuredmedia":[{"embeddable":true,"href":"https:\/\/shop.rettum.ee\/en\/wp-json\/wp\/v2\/media\/122085"}],"wp:attachment":[{"href":"https:\/\/shop.rettum.ee\/en\/wp-json\/wp\/v2\/media?parent=121311"}],"wp:term":[{"taxonomy":"product_brand","embeddable":true,"href":"https:\/\/shop.rettum.ee\/en\/wp-json\/wp\/v2\/product_brand?post=121311"},{"taxonomy":"product_cat","embeddable":true,"href":"https:\/\/shop.rettum.ee\/en\/wp-json\/wp\/v2\/product_cat?post=121311"},{"taxonomy":"product_tag","embeddable":true,"href":"https:\/\/shop.rettum.ee\/en\/wp-json\/wp\/v2\/product_tag?post=121311"},{"taxonomy":"pa_brand_name","embeddable":true,"href":"https:\/\/shop.rettum.ee\/en\/wp-json\/wp\/v2\/pa_brand_name?post=121311"}],"curies":[{"name":"wp","href":"https:\/\/api.w.org\/{rel}","templated":true}]}}