{"id":121320,"date":"2025-03-31T13:24:09","date_gmt":"2025-03-31T10:24:09","guid":{"rendered":"https:\/\/shop.rettum.ee\/toode\/245-40r18-dynamo-street-h-mu71-97y-xl-rp-cab70\/"},"modified":"2025-07-01T03:00:46","modified_gmt":"2025-07-01T00:00:46","slug":"245-40r18-dynamo-street-h-mu71-97y-xl-rp-cab70","status":"publish","type":"product","link":"https:\/\/shop.rettum.ee\/en\/product\/245-40r18-dynamo-street-h-mu71-97y-xl-rp-cab70\/","title":{"rendered":"245\/40R18 DYNAMO STREET-H MU71 97Y XL RP CAB70"},"content":{"rendered":"<p>245\/40R18 DYNAMO STREET-H MU71 on k\u00f5rgtasemel rehvimudel, mis on loodud tagama suurep\u00e4rase veoj\u00f5u ja stabiilsuse igas s\u00f5idutingimuses. See 245\/40R18 m\u00f5\u00f5tu rehvi disain \u00fchendab sportliku v\u00e4limuse ja vastupidava konstruktsiooni, pakkudes nii maksimaalset haarduvust kui ka t\u00e4pset juhitavust. Rehvi koormusindeks 97 ja kiirusklass Y tagavad, et see p\u00fcsib ka n\u00f5udlikumates s\u00f5iduoludes ja k\u00f5rgetel kiirustel kindlalt teel sees. XL versioon lisab lisakoormuse v\u00f5imekust, muutes selle ideaalseks valikuks s\u00f5idukitele, mis vajavad suuremat vastupidavust ja stabiilsust. Erilist t\u00e4helepanu on p\u00f6\u00f6ratud kvaliteedile ja turvalisusele, mille tulemuseks on rehv, mis sobib nii igap\u00e4evasteks s\u00f5itudeks kui ka sportlikumaks sooritamiseks. DYNAMO STREET-H MU71 on usaldusv\u00e4\u00e4rne partner t\u00e4naval ning tagab soojalt ja kindlalt s\u00f5idu igas olukorras.<\/p>","protected":false},"excerpt":{"rendered":"<p>245\/40R18 DYNAMO STREET-H MU71 on k\u00f5rgtasemel rehvimudel, mis on loodud tagama suurep\u00e4rase veoj\u00f5u ja stabiilsuse igas s\u00f5idutingimuses. See 245\/40R18 m\u00f5\u00f5tu rehvi disain \u00fchendab sportliku v\u00e4limuse ja vastupidava konstruktsiooni, pakkudes nii maksimaalset haarduvust kui ka t\u00e4pset juhitavust. Rehvi koormusindeks 97 ja kiirusklass Y tagavad, et see p\u00fcsib ka n\u00f5udlikumates s\u00f5iduoludes ja k\u00f5rgetel kiirustel kindlalt teel sees. [&hellip;]<\/p>\n","protected":false},"featured_media":122076,"template":"","meta":{"site-sidebar-layout":"default","site-content-layout":"","ast-site-content-layout":"","site-content-style":"default","site-sidebar-style":"default","ast-global-header-display":"","ast-banner-title-visibility":"","ast-main-header-display":"","ast-hfb-above-header-display":"","ast-hfb-below-header-display":"","ast-hfb-mobile-header-display":"","site-post-title":"","ast-breadcrumbs-content":"","ast-featured-img":"","footer-sml-layout":"","theme-transparent-header-meta":"","adv-header-id-meta":"","stick-header-meta":"","header-above-stick-meta":"","header-main-stick-meta":"","header-below-stick-meta":"","astra-migrate-meta-layouts":"default","ast-page-background-enabled":"default","ast-page-background-meta":{"desktop":{"background-color":"","background-image":"","background-repeat":"repeat","background-position":"center center","background-size":"auto","background-attachment":"scroll","background-type":"","background-media":"","overlay-type":"","overlay-color":"","overlay-opacity":"","overlay-gradient":""},"tablet":{"background-color":"","background-image":"","background-repeat":"repeat","background-position":"center center","background-size":"auto","background-attachment":"scroll","background-type":"","background-media":"","overlay-type":"","overlay-color":"","overlay-opacity":"","overlay-gradient":""},"mobile":{"background-color":"","background-image":"","background-repeat":"repeat","background-position":"center center","background-size":"auto","background-attachment":"scroll","background-type":"","background-media":"","overlay-type":"","overlay-color":"","overlay-opacity":"","overlay-gradient":""}},"ast-content-background-meta":{"desktop":{"background-color":"var(--ast-global-color-5)","background-image":"","background-repeat":"repeat","background-position":"center center","background-size":"auto","background-attachment":"scroll","background-type":"","background-media":"","overlay-type":"","overlay-color":"","overlay-opacity":"","overlay-gradient":""},"tablet":{"background-color":"var(--ast-global-color-5)","background-image":"","background-repeat":"repeat","background-position":"center center","background-size":"auto","background-attachment":"scroll","background-type":"","background-media":"","overlay-type":"","overlay-color":"","overlay-opacity":"","overlay-gradient":""},"mobile":{"background-color":"var(--ast-global-color-5)","background-image":"","background-repeat":"repeat","background-position":"center center","background-size":"auto","background-attachment":"scroll","background-type":"","background-media":"","overlay-type":"","overlay-color":"","overlay-opacity":"","overlay-gradient":""}}},"product_brand":[],"product_cat":[34225],"product_tag":[],"pa_brand_name":[17833],"class_list":{"0":"post-121320","1":"product","2":"type-product","3":"status-publish","4":"has-post-thumbnail","6":"product_cat-summer-tires-pv","7":"pa_brand_name-dynamo","8":"desktop-align-left","9":"tablet-align-left","10":"mobile-align-left","12":"first","13":"instock","14":"taxable","15":"shipping-taxable","16":"purchasable","17":"product-type-simple"},"_links":{"self":[{"href":"https:\/\/shop.rettum.ee\/en\/wp-json\/wp\/v2\/product\/121320","targetHints":{"allow":["GET"]}}],"collection":[{"href":"https:\/\/shop.rettum.ee\/en\/wp-json\/wp\/v2\/product"}],"about":[{"href":"https:\/\/shop.rettum.ee\/en\/wp-json\/wp\/v2\/types\/product"}],"version-history":[{"count":1,"href":"https:\/\/shop.rettum.ee\/en\/wp-json\/wp\/v2\/product\/121320\/revisions"}],"predecessor-version":[{"id":125330,"href":"https:\/\/shop.rettum.ee\/en\/wp-json\/wp\/v2\/product\/121320\/revisions\/125330"}],"wp:featuredmedia":[{"embeddable":true,"href":"https:\/\/shop.rettum.ee\/en\/wp-json\/wp\/v2\/media\/122076"}],"wp:attachment":[{"href":"https:\/\/shop.rettum.ee\/en\/wp-json\/wp\/v2\/media?parent=121320"}],"wp:term":[{"taxonomy":"product_brand","embeddable":true,"href":"https:\/\/shop.rettum.ee\/en\/wp-json\/wp\/v2\/product_brand?post=121320"},{"taxonomy":"product_cat","embeddable":true,"href":"https:\/\/shop.rettum.ee\/en\/wp-json\/wp\/v2\/product_cat?post=121320"},{"taxonomy":"product_tag","embeddable":true,"href":"https:\/\/shop.rettum.ee\/en\/wp-json\/wp\/v2\/product_tag?post=121320"},{"taxonomy":"pa_brand_name","embeddable":true,"href":"https:\/\/shop.rettum.ee\/en\/wp-json\/wp\/v2\/pa_brand_name?post=121320"}],"curies":[{"name":"wp","href":"https:\/\/api.w.org\/{rel}","templated":true}]}}